{"id":12202,"date":"2020-07-29T15:16:26","date_gmt":"2020-07-29T13:16:26","guid":{"rendered":"http:\/\/navier-lab.fr\/?page_id=12202"},"modified":"2025-06-03T15:47:52","modified_gmt":"2025-06-03T13:47:52","slug":"the-laboratory","status":"publish","type":"page","link":"https:\/\/navier-lab.fr\/en\/the-laboratory\/","title":{"rendered":"The Laboratory"},"content":{"rendered":"<p><section class=\"kc-elm kc-css-449221 kc_row\"><div class=\"kc-row-container  kc-container\"><div class=\"kc-wrap-columns\"><div class=\"kc-elm kc-css-187720 kc_col-sm-12 kc_column kc_col-sm-12\"><div class=\"kc-col-container\"><div class=\"kc-elm kc-css-438661 kc_shortcode kc_single_image\">\n\n        <img decoding=\"async\" src=\"https:\/\/navier-lab.fr\/wp-content\/uploads\/2022\/11\/Navier-2002-scaled.jpg\" class=\"\" alt=\"\" \/>    <\/div>\n<\/div><\/div><\/div><\/div><\/section><section class=\"kc-elm kc-css-492607 kc_row\"><div class=\"kc-row-container  kc-container\"><div class=\"kc-wrap-columns\"><div class=\"kc-elm kc-css-458858 kc_col-sm-12 kc_column kc_col-sm-12\"><div class=\"kc-col-container\"><div class=\"kc-elm kc-css-632041 kc_text_block\"><\/p>\n<p style=\"text-align: justify;\">The Navier laboratory is structured into <a href=\"https:\/\/navier-lab.fr\/en\/research\/\">four research teams<\/a>, three technical teams and an administrative team. Its management is carried out through 3 instances:<\/p>\n<ul style=\"text-align: justify;\">\n<li>the Board made up of the director, the deputy director and the general secretary,<\/li>\n<li>the Management Committee (Codir), made up of the Management and the heads of the research team,<\/li>\n<li>the Laboratory Council (CdL), made up of the Codir and 10 elected staff.<\/li>\n<\/ul>\n<p style=\"text-align: justify;\">The laboratory staff (around 170 people) are spread over three neighboring buildings of the Cit\u00e9 Descartes (Marne-la-Vall\u00e9e): the Carnot and Coriolis buildings of the ENPC located on avenue Blaise Pascal (Pascal site), and finally, the Bienven\u00fce building of the Gustave Eiffel University located just in front of the Carnot building.\u00a0 In addition, the laboratory has an MRI machine which is located in the buildings of the University of Paris-Est Marne-la-Vall\u00e9e (UPEM) in the Alexandra David Neel building.<br \/>Combining developing the production of knowledge and training in mechanics applied to various fields, the Navier Laboratory is involved in numerous national and international collaborations with public and private establishments. It is a member of the F\u00e9d\u00e9ration Francilienne de M\u00e9canique (CNRS FR2609 research federation) and, with its partners from the University of Paris-Est (UPE), carries the Laboratory of Excellence (Labex) &#8220;Multi-Scale Modeling and Experimentation of Materials for Sustainable construction \u201d(MMCD).<\/p>\n<p>\n<\/div><\/div><\/div><\/div><\/div><\/section><section class=\"kc-elm kc-css-765837 kc_row\"><div class=\"kc-row-container  kc-container\"><div class=\"kc-wrap-columns\"><div class=\"kc-elm kc-css-318247 kc_col-sm-12 kc_column kc_col-sm-12\"><div class=\"kc-col-container\"><div class=\"kc-elm kc-css-103009 kc_shortcode kc_single_image\">\n\n        <a rel=\"prettyPhoto\" class=\"kc-pretty-photo\" href=\"https:\/\/navier-lab.fr\/wp-content\/uploads\/2025\/06\/organigramme_Navier_janvier-2025-scaled.jpeg\" title=\"\" target=\"\">\n        <img decoding=\"async\" src=\"https:\/\/navier-lab.fr\/wp-content\/uploads\/2025\/06\/organigramme_Navier_janvier-2025-scaled.jpeg\" class=\"\" alt=\"\" \/><div class=\"kc-image-overlay\"><i class=\"fa-plus\"><\/i><\/div>    <\/a>\n    <\/div>\n<\/div><\/div><\/div><\/div><\/section><\/p>\n","protected":false},"excerpt":{"rendered":"","protected":false},"author":1,"featured_media":0,"parent":0,"menu_order":0,"comment_status":"closed","ping_status":"closed","template":"","meta":{"_acf_changed":false,"footnotes":""},"class_list":["post-12202","page","type-page","status-publish","hentry"],"acf":[],"_links":{"self":[{"href":"https:\/\/navier-lab.fr\/en\/wp-json\/wp\/v2\/pages\/12202","targetHints":{"allow":["GET"]}}],"collection":[{"href":"https:\/\/navier-lab.fr\/en\/wp-json\/wp\/v2\/pages"}],"about":[{"href":"https:\/\/navier-lab.fr\/en\/wp-json\/wp\/v2\/types\/page"}],"author":[{"embeddable":true,"href":"https:\/\/navier-lab.fr\/en\/wp-json\/wp\/v2\/users\/1"}],"replies":[{"embeddable":true,"href":"https:\/\/navier-lab.fr\/en\/wp-json\/wp\/v2\/comments?post=12202"}],"version-history":[{"count":9,"href":"https:\/\/navier-lab.fr\/en\/wp-json\/wp\/v2\/pages\/12202\/revisions"}],"predecessor-version":[{"id":19744,"href":"https:\/\/navier-lab.fr\/en\/wp-json\/wp\/v2\/pages\/12202\/revisions\/19744"}],"wp:attachment":[{"href":"https:\/\/navier-lab.fr\/en\/wp-json\/wp\/v2\/media?parent=12202"}],"curies":[{"name":"wp","href":"https:\/\/api.w.org\/{rel}","templated":true}]}}