{"id":12251,"date":"2020-07-29T16:06:51","date_gmt":"2020-07-29T14:06:51","guid":{"rendered":"http:\/\/navier-lab.fr\/?page_id=12251"},"modified":"2024-07-16T10:25:26","modified_gmt":"2024-07-16T08:25:26","slug":"access","status":"publish","type":"page","link":"https:\/\/navier-lab.fr\/en\/access\/","title":{"rendered":"Access"},"content":{"rendered":"<section class=\"kc-elm kc-css-484390 kc_row\"><div class=\"kc-row-container  kc-container\"><div class=\"kc-wrap-columns\"><div class=\"kc-elm kc-css-818524 kc_col-sm-12 kc_column kc_col-sm-12\"><div class=\"kc-col-container\"><div class=\"kc-elm kc-css-597038 kc_text_block\"><\/p>\n<p>The laboratory is spread over two buildings:<\/p>\n<ul>\n<li><strong>Geotechnical, MSA and ME teams: <\/strong>Carnot building (15): 6 and 8 avenue Blaise-Pascal &#8211; Champs-sur-Marne<\/li>\n<li><strong>Rheophysics team: <\/strong>Bienven\u00fce building (2), 4th floor : 14, 20 boulevard Newton &#8211; Champs-sur-Marne<\/li>\n<\/ul>\n<p style=\"text-align: center;\"><strong>Visitor Information:<\/strong><\/p>\n<p style=\"text-align: center;\">Pedestrian access is exclusively via 12 boulevard Copernic<\/p>\n<p>\n<\/div><div class=\"kc-elm kc-css-447059 kc_shortcode kc_single_image\">\n\n        <a rel=\"prettyPhoto\" class=\"kc-pretty-photo\" href=\"https:\/\/navier-lab.fr\/wp-content\/uploads\/2021\/06\/CITE_DESCARTES-e1623139741181.jpg\" title=\"\" target=\"\">\n        <img decoding=\"async\" src=\"https:\/\/navier-lab.fr\/wp-content\/uploads\/2021\/06\/CITE_DESCARTES-e1623139741181.jpg\" class=\"\" alt=\"\" \/>    <\/a>\n    <\/div>\n<div class=\"kc-elm kc-css-107218 kc_text_block\"><\/p>\n<div id=\"pg-107-1\" class=\"panel-grid panel-no-style\" data-style=\"{\" data-ratio=\"1\" data-ratio-direction=\"right\">\n<div id=\"pgc-107-1-0\" class=\"panel-grid-cell\" data-weight=\"1\">\n<div id=\"panel-107-1-0-0\" class=\"so-panel widget widget_sow-editor panel-first-child panel-last-child\" data-index=\"1\" data-style=\"{\">\n<div class=\"so-widget-sow-editor so-widget-sow-editor-base\">\n<div class=\"siteorigin-widget-tinymce textwidget\">\n<ul>\n<li><strong>Reaching us by car <\/strong><br \/>Autoroute A4, sortie 10 \u2013 Champs-sur-Marne<\/li>\n<li><strong>Reaching us by bus<\/strong><br \/>Bus 213 : ligne Gare SNCF Chelles-Gournay \/ Lognes-le-village- arr\u00eat Crous (ENPC) and arr\u00eat Einstein-Galil\u00e9e (Kepler)<br \/>Bus 212 : ligne Pointe-de-Champs \/ Gare SNCF \u00c9merainville-Pontault-C \u2013 arr\u00eat Crous<br \/>Bus 100 : ligne Cr\u00e9teil \/ Torcy\u2013 arr\u00eat Crous<\/li>\n<li><strong>Reaching us by RER A<\/strong><br \/>Ligne A, station Noisy \u2013 Champs, sortie 3 \u2013 Cit\u00e9 Descartes<\/li>\n<\/ul>\n<\/div>\n<\/div>\n<\/div>\n<\/div>\n<\/div>\n<p>\n<\/div><\/div><\/div><\/div><\/div><\/section>\n","protected":false},"excerpt":{"rendered":"","protected":false},"author":1,"featured_media":0,"parent":0,"menu_order":0,"comment_status":"closed","ping_status":"closed","template":"","meta":{"_acf_changed":false,"footnotes":""},"class_list":["post-12251","page","type-page","status-publish","hentry"],"acf":[],"_links":{"self":[{"href":"https:\/\/navier-lab.fr\/en\/wp-json\/wp\/v2\/pages\/12251","targetHints":{"allow":["GET"]}}],"collection":[{"href":"https:\/\/navier-lab.fr\/en\/wp-json\/wp\/v2\/pages"}],"about":[{"href":"https:\/\/navier-lab.fr\/en\/wp-json\/wp\/v2\/types\/page"}],"author":[{"embeddable":true,"href":"https:\/\/navier-lab.fr\/en\/wp-json\/wp\/v2\/users\/1"}],"replies":[{"embeddable":true,"href":"https:\/\/navier-lab.fr\/en\/wp-json\/wp\/v2\/comments?post=12251"}],"version-history":[{"count":6,"href":"https:\/\/navier-lab.fr\/en\/wp-json\/wp\/v2\/pages\/12251\/revisions"}],"predecessor-version":[{"id":15810,"href":"https:\/\/navier-lab.fr\/en\/wp-json\/wp\/v2\/pages\/12251\/revisions\/15810"}],"wp:attachment":[{"href":"https:\/\/navier-lab.fr\/en\/wp-json\/wp\/v2\/media?parent=12251"}],"curies":[{"name":"wp","href":"https:\/\/api.w.org\/{rel}","templated":true}]}}