{"id":12266,"date":"2020-07-30T09:42:05","date_gmt":"2020-07-30T07:42:05","guid":{"rendered":"http:\/\/navier-lab.fr\/?page_id=12266"},"modified":"2024-07-31T17:14:36","modified_gmt":"2024-07-31T15:14:36","slug":"design-and-manufacture-of-experimental-devices","status":"publish","type":"page","link":"https:\/\/navier-lab.fr\/en\/equipment-and-resources\/design-and-manufacture-of-experimental-devices\/","title":{"rendered":"Design and manufacture of experimental devices"},"content":{"rendered":"<p><section class=\"kc-elm kc-css-429772 kc_row\"><div class=\"kc-row-container  kc-container\"><div class=\"kc-wrap-columns\"><div class=\"kc-elm kc-css-34278 kc_col-sm-12 kc_column kc_col-sm-12\"><div class=\"kc-col-container\"><div class=\"kc-elm kc-css-36706 kc_shortcode kc_single_image\">\n\n        <img decoding=\"async\" src=\"https:\/\/navier-lab.fr\/wp-content\/uploads\/2020\/07\/DSC00024-1200x900-1.jpg\" class=\"\" alt=\"\" \/>    <\/div>\n<\/div><\/div><\/div><\/div><\/section><section class=\"kc-elm kc-css-835115 kc_row\"><div class=\"kc-row-container  kc-container\"><div class=\"kc-wrap-columns\"><div class=\"kc-elm kc-css-234375 kc_col-sm-12 kc_column kc_col-sm-12\"><div class=\"kc-col-container\"><div class=\"kc-elm kc-css-624397 kc_text_block\"><\/p>\n<p style=\"text-align: right;\"><strong>Contact : <a href=\"https:\/\/navier-lab.fr\/en\/equipe\/meziere-cedric\/\">C\u00e9dric M\u00e9zi\u00e8re<\/a><\/strong><\/p>\n<p>\n<\/div>\n<div class=\"kc-elm kc-css-101344 kc-title-wrap \">\n\n\t<h2 class=\"kc_title\">Missions<\/h2>\n<\/div>\n<div class=\"kc-elm kc-css-588124 kc_text_block\"><\/p>\n<p>\nThe transversal technical team (ETT) is responsible for the design, manufacture, implementation, maintenance and monitoring of infrastructure elements and experimental devices. It responds to requests concerning all experimental rooms and more particularly, platforms coupled to the Magnetic Resonance Imager and to the X-ray micro-tomograph. Its role is to adapt test machines and develop original, modular and ergonomic devices integrated into large instruments. It has developed skills and know-how to respect the specific constraints of imagers and insertable devices.n X.<\/p>\n<p>\n<\/div>\n<div class=\"kc-elm kc-css-187369 kc-title-wrap \">\n\n\t<h2 class=\"kc_title\">Capabilities<\/h2>\n<\/div>\n\n<div class=\"kc-elm kc-css-765232 kc-title-wrap \">\n\n\t<h4 class=\"kc_title\">Machine Tools<\/h4>\n<\/div>\n<div class=\"kc-elm kc-css-809877 kc_text_block\"><\/p>\n<p>\nThe mechanical manufacturing workshop is composed of a semi-digital lathe with a maximum diameter of 250, length 700 (dimensions in millimeters), a conventional milling machine with a capacity of 750x300x470. But also drill presses, power saws, grinders and a large stock of raw materials. The editing room is equipped with a 70 \u00d7 200 marble with dedicated screws and hardware. The electronic part is equipped with a complete workstation and a printed circuit burner.<\/p>\n<p>\n<\/div><\/div><\/div><\/div><\/div><\/section><section class=\"kc-elm kc-css-404186 kc_row\"><div class=\"kc-row-container  kc-container\"><div class=\"kc-wrap-columns\"><div class=\"kc-elm kc-css-573770 kc_col-sm-4 kc_column kc_col-sm-4\"><div class=\"kc-col-container\"><div class=\"kc-elm kc-css-525658 kc_shortcode kc_single_image\">\n\n        <img decoding=\"async\" src=\"https:\/\/navier-lab.fr\/wp-content\/uploads\/2020\/07\/20180517_152348-300x225-1.jpg\" class=\"\" alt=\"\" \/>    <\/div>\n<\/div><\/div><div class=\"kc-elm kc-css-444133 kc_col-sm-4 kc_column kc_col-sm-4\"><div class=\"kc-col-container\"><div class=\"kc-elm kc-css-411131 kc_shortcode kc_single_image\">\n\n        <img decoding=\"async\" src=\"https:\/\/navier-lab.fr\/wp-content\/uploads\/2020\/07\/SUNP0108-300x169-1.jpg\" class=\"\" alt=\"\" \/>    <\/div>\n<\/div><\/div><div class=\"kc-elm kc-css-220752 kc_col-sm-4 kc_column kc_col-sm-4\"><div class=\"kc-col-container\"><div class=\"kc-elm kc-css-14904 kc_shortcode kc_single_image\">\n\n        <img decoding=\"async\" src=\"https:\/\/navier-lab.fr\/wp-content\/uploads\/2020\/07\/DSC00024-1-300x225-1.jpg\" class=\"\" alt=\"\" \/>    <\/div>\n<\/div><\/div><\/div><\/div><\/section><section class=\"kc-elm kc-css-978027 kc_row\"><div class=\"kc-row-container  kc-container\"><div class=\"kc-wrap-columns\"><div class=\"kc-elm kc-css-784937 kc_col-sm-12 kc_column kc_col-sm-12\"><div class=\"kc-col-container\">\n<div class=\"kc-elm kc-css-639547 kc-title-wrap \">\n\n\t<h4 class=\"kc_title\">3D-Printing Solutions\r\n<\/h4>\n<\/div>\n<div class=\"kc-elm kc-css-493268 kc_text_block\"><\/p>\n<p>\nBesides its filament-based (FDM) 3d printing solutions, the ETT has recently bought a Formlabs Form 3+ stereolithography-based (SLA) 3d printer with an isopropanol bath and an ultraviolet oven. It prints transparent pieces with a much better precision (around 50 \u00b5m) than FDM solutions.<\/p>\n<p>\n<\/div><\/div><\/div><\/div><\/div><\/section><section class=\"kc-elm kc-css-51593 kc_row\"><div class=\"kc-row-container  kc-container\"><div class=\"kc-wrap-columns\"><div class=\"kc-elm kc-css-457819 kc_col-sm-4 kc_column kc_col-sm-4\"><div class=\"kc-col-container\"><div class=\"kc-elm kc-css-560092 kc_shortcode kc_single_image\">\n\n        <img decoding=\"async\" src=\"https:\/\/navier-lab.fr\/wp-content\/uploads\/2024\/07\/Imprimante3d_formlabs_3plus-1.jpg\" class=\"\" alt=\"\" \/>    <\/div>\n<\/div><\/div><div class=\"kc-elm kc-css-731887 kc_col-sm-4 kc_column kc_col-sm-4\"><div class=\"kc-col-container\"><div class=\"kc-elm kc-css-15394\" style=\"height: 100px; clear: both; width:100%;\"><\/div><div class=\"kc-elm kc-css-212258 kc_shortcode kc_single_image\">\n\n        <img decoding=\"async\" src=\"https:\/\/navier-lab.fr\/wp-content\/uploads\/2024\/07\/foam_injector.png\" class=\"\" alt=\"\" \/>    <\/div>\n<\/div><\/div><div class=\"kc-elm kc-css-509411 kc_col-sm-4 kc_column kc_col-sm-4\"><div class=\"kc-col-container\"><div class=\"kc-elm kc-css-939991\" style=\"height: 100px; clear: both; width:100%;\"><\/div><div class=\"kc-elm kc-css-567435 kc_shortcode kc_single_image\">\n\n        <img decoding=\"async\" src=\"https:\/\/navier-lab.fr\/wp-content\/uploads\/2024\/07\/3d_printed_resin.jpg\" class=\"\" alt=\"\" \/>    <\/div>\n<\/div><\/div><\/div><\/div><\/section><section class=\"kc-elm kc-css-750571 kc_row\"><div class=\"kc-row-container  kc-container\"><div class=\"kc-wrap-columns\"><div class=\"kc-elm kc-css-797638 kc_col-sm-12 kc_column kc_col-sm-12\"><div class=\"kc-col-container\">\n<div class=\"kc-elm kc-css-771605 kc-title-wrap \">\n\n\t<h2 class=\"kc_title\">Achievements and set-ups<\/h2>\n<\/div>\n<div class=\"kc-elm kc-css-717202 kc_text_block\"><\/p>\n<p>\nSince January 2008, the ETT has completed more than 100 projects. On the one hand, on the imaging platforms: MRI: 5 infrastructure elements and 13 experimental devices, Micro-tomograph: 2 infrastructure elements and 2 experimental devices. On the other hand, on the experimental devices of the research teams: 65 in Rheophysics and Porous, 10 in Multi-Scale, 4 in MSA, 1 in Geotechnics. ETT members are cited 20 times in HAL.<\/p>\n<p>\n<\/div><\/div><\/div><\/div><\/div><\/section><section data-kc-equalheight=\"true\" data-kc-equalheight-align=\"middle\" class=\"kc-elm kc-css-396199 kc_row\"><div class=\"kc-row-container  kc-container\"><div class=\"kc-wrap-columns\"><div class=\"kc-elm kc-css-931016 kc_col-of-5 kc_column kc_col-of-5\"><div class=\"kc-col-container\"><div class=\"kc-elm kc-css-942390 kc_shortcode kc_single_image\">\n\n        <a rel=\"prettyPhoto\" class=\"kc-pretty-photo\" href=\"https:\/\/navier-lab.fr\/wp-content\/uploads\/2020\/07\/talia7.png\" title=\"\" target=\"\">\n        <img decoding=\"async\" src=\"https:\/\/navier-lab.fr\/wp-content\/uploads\/2020\/07\/talia7.png\" class=\"\" alt=\"\" \/>    <\/a>\n    <\/div>\n<\/div><\/div><div class=\"kc-elm kc-css-471856 kc_col-of-5 kc_column kc_col-of-5\"><div class=\"kc-col-container\"><div class=\"kc-elm kc-css-334771 kc_shortcode kc_single_image\">\n\n        <a rel=\"prettyPhoto\" class=\"kc-pretty-photo\" href=\"https:\/\/navier-lab.fr\/wp-content\/uploads\/2020\/07\/i3d.defobulle-scaled-e1605004622214.jpg\" title=\"\" target=\"\">\n        <img decoding=\"async\" src=\"https:\/\/navier-lab.fr\/wp-content\/uploads\/2020\/07\/i3d.defobulle-scaled-e1605004622214.jpg\" class=\"\" alt=\"\" \/>    <\/a>\n    <\/div>\n<\/div><\/div><div class=\"kc-elm kc-css-604541 kc_col-of-5 kc_column kc_col-of-5\"><div class=\"kc-col-container\"><div class=\"kc-elm kc-css-857993 kc_shortcode kc_single_image\">\n\n        <a rel=\"prettyPhoto\" class=\"kc-pretty-photo\" href=\"https:\/\/navier-lab.fr\/wp-content\/uploads\/2020\/07\/115-00-00-gelcell09-stephane-v0-1-scaled.jpg\" title=\"\" target=\"\">\n        <img decoding=\"async\" src=\"https:\/\/navier-lab.fr\/wp-content\/uploads\/2020\/07\/115-00-00-gelcell09-stephane-v0-1-scaled.jpg\" class=\"\" alt=\"\" \/>    <\/a>\n    <\/div>\n<\/div><\/div><div class=\"kc-elm kc-css-707283 kc_col-of-5 kc_column kc_col-of-5\"><div class=\"kc-col-container\"><div class=\"kc-elm kc-css-877032 kc_shortcode kc_single_image\">\n\n        <a rel=\"prettyPhoto\" class=\"kc-pretty-photo\" href=\"https:\/\/navier-lab.fr\/wp-content\/uploads\/2020\/07\/IMG_1084-scaled.jpg\" title=\"\" target=\"\">\n        <img decoding=\"async\" src=\"https:\/\/navier-lab.fr\/wp-content\/uploads\/2020\/07\/IMG_1084-scaled.jpg\" class=\"\" alt=\"\" \/>    <\/a>\n    <\/div>\n<\/div><\/div><div class=\"kc-elm kc-css-258416 kc_col-of-5 kc_column kc_col-of-5\"><div class=\"kc-col-container\"><div class=\"kc-elm kc-css-794070 kc_shortcode kc_single_image\">\n\n        <a rel=\"prettyPhoto\" class=\"kc-pretty-photo\" href=\"https:\/\/navier-lab.fr\/wp-content\/uploads\/2020\/07\/ETT.png\" title=\"\" target=\"\">\n        <img decoding=\"async\" src=\"https:\/\/navier-lab.fr\/wp-content\/uploads\/2020\/07\/ETT.png\" class=\"\" alt=\"\" \/>    <\/a>\n    <\/div>\n<\/div><\/div><\/div><\/div><\/section><\/p>\n","protected":false},"excerpt":{"rendered":"","protected":false},"author":1,"featured_media":0,"parent":12210,"menu_order":0,"comment_status":"closed","ping_status":"closed","template":"","meta":{"_acf_changed":false,"footnotes":""},"class_list":["post-12266","page","type-page","status-publish","hentry"],"acf":[],"_links":{"self":[{"href":"https:\/\/navier-lab.fr\/en\/wp-json\/wp\/v2\/pages\/12266","targetHints":{"allow":["GET"]}}],"collection":[{"href":"https:\/\/navier-lab.fr\/en\/wp-json\/wp\/v2\/pages"}],"about":[{"href":"https:\/\/navier-lab.fr\/en\/wp-json\/wp\/v2\/types\/page"}],"author":[{"embeddable":true,"href":"https:\/\/navier-lab.fr\/en\/wp-json\/wp\/v2\/users\/1"}],"replies":[{"embeddable":true,"href":"https:\/\/navier-lab.fr\/en\/wp-json\/wp\/v2\/comments?post=12266"}],"version-history":[{"count":16,"href":"https:\/\/navier-lab.fr\/en\/wp-json\/wp\/v2\/pages\/12266\/revisions"}],"predecessor-version":[{"id":16959,"href":"https:\/\/navier-lab.fr\/en\/wp-json\/wp\/v2\/pages\/12266\/revisions\/16959"}],"up":[{"embeddable":true,"href":"https:\/\/navier-lab.fr\/en\/wp-json\/wp\/v2\/pages\/12210"}],"wp:attachment":[{"href":"https:\/\/navier-lab.fr\/en\/wp-json\/wp\/v2\/media?parent=12266"}],"curies":[{"name":"wp","href":"https:\/\/api.w.org\/{rel}","templated":true}]}}