{"id":12279,"date":"2020-07-30T09:50:29","date_gmt":"2020-07-30T07:50:29","guid":{"rendered":"http:\/\/navier-lab.fr\/?page_id=12279"},"modified":"2024-07-31T17:02:53","modified_gmt":"2024-07-31T15:02:53","slug":"mri-and-nmr-platform","status":"publish","type":"page","link":"https:\/\/navier-lab.fr\/en\/equipment-and-resources\/mri-and-nmr-platform\/","title":{"rendered":"MRI and NMR Platform"},"content":{"rendered":"<p><section class=\"kc-elm kc-css-243487 kc_row\"><div class=\"kc-row-container  kc-container\"><div class=\"kc-wrap-columns\"><div class=\"kc-elm kc-css-499585 kc_col-sm-12 kc_column kc_col-sm-12\"><div class=\"kc-col-container\"><div class=\"kc-elm kc-css-842713 kc_shortcode kc_single_image\">\n\n        <img decoding=\"async\" src=\"https:\/\/navier-lab.fr\/wp-content\/uploads\/2020\/07\/irmrmn.jpg\" class=\"\" alt=\"\" \/>    <\/div>\n<\/div><\/div><\/div><\/div><\/section><section class=\"kc-elm kc-css-843694 kc_row\"><div class=\"kc-row-container  kc-container\"><div class=\"kc-wrap-columns\"><div class=\"kc-elm kc-css-326302 kc_col-sm-12 kc_column kc_col-sm-12\"><div class=\"kc-col-container\"><div class=\"kc-elm kc-css-96667 kc_text_block\"><\/p>\n<p style=\"text-align: right;\"><strong>Contact : <a href=\"\/equipe\/maillet-benjamin\/\">Benjamin Maillet<\/a><\/strong><\/p>\n<p>\n<\/div><\/div><\/div><\/div><\/div><\/section><section class=\"kc-elm kc-css-509621 kc_row\"><div class=\"kc-row-container  kc-container\"><div class=\"kc-wrap-columns\"><div class=\"kc-elm kc-css-568769 kc_col-sm-12 kc_column kc_col-sm-12\"><div class=\"kc-col-container\">\n<div class=\"kc-elm kc-css-217262 kc-title-wrap \">\n\n\t<h2 class=\"kc_title\">L\u2019Imageur par R\u00e9sonance Magn\u00e9tique Nucl\u00e9aire (IRM)<\/h2>\n<\/div>\n<\/div><\/div><\/div><\/div><\/section><section class=\"kc-elm kc-css-5378 kc_row\"><div class=\"kc-row-container  kc-container\"><div class=\"kc-wrap-columns\"><div class=\"kc-elm kc-css-639163 kc_col-sm-8 kc_column kc_col-sm-8\"><div class=\"kc-col-container\"><div class=\"kc-elm kc-css-290876 kc_text_block\"><\/p>\n<h5><u>Mod\u00e8le\u00a0:<\/u><\/h5>\n<ul>\n<li><em>Br\u00fcker Biospec 24-80 \/ Magnex Scientific.<\/em><\/li>\n<\/ul>\n<h5><u>Principale utilit\u00e9\u00a0:<\/u><\/h5>\n<ul>\n<li><em>Imageur 1D, 2D, 3D par r\u00e9sonance magn\u00e9tique nucl\u00e9aire<\/em><\/li>\n<li><em>Contraste de temps de relaxation transversaux et longitudinaux, de densit\u00e9 de protons<\/em><\/li>\n<li><em>V\u00e9locim\u00e9trie<\/em><\/li>\n<\/ul>\n<h5><u>Principales caract\u00e9ristiques\u00a0:<\/u><\/h5>\n<ul>\n<li><em>Antennes\u00a0: 2 au proton, 1 au fluor<\/em><\/li>\n<li><em>Aimant\u00a0: 0,5 T (21 MHz)<\/em><\/li>\n<li><em>Dimensions de la zone sensible\u00a0: 20 cm x 20 cm ou 6 cm x\u00a0 6 cm (hauteur x diam\u00e8tre) suivant l\u2019antenne<\/em><\/li>\n<li><em>Gradient de champs r\u00e9glable dans les trois directions cart\u00e9siennes.<\/em><\/li>\n<\/ul>\n<h5><u>S\u00e9quences utilis\u00e9es en routine au laboratoire Navier :<\/u><\/h5>\n<ul>\n<li><em>Spin \u00e9cho (SE)<\/em><\/li>\n<li><em>Multi\u00e9chos<\/em><\/li>\n<li><em>Single point imaging (SPI)<\/em><\/li>\n<li><em>S\u00e9quence de v\u00e9locim\u00e9trie.<\/em><\/li>\n<\/ul>\n<h5><u>Les sp\u00e9cificit\u00e9s d\u00e9velopp\u00e9es au laboratoire Navier :<\/u><\/h5>\n<ul>\n<li><em>Contraste de temps de relaxation transversaux et longitudinaux, de densit\u00e9 de protons<\/em><\/li>\n<li><em>V\u00e9locim\u00e9trie<\/em><\/li>\n<li><em>2 antennes proton (60 mm \/ 200 mm de diam\u00e8tre)<\/em><\/li>\n<li><em>1 antenne au fluor (60 mm de diam\u00e8tre)<\/em><\/li>\n<li><em>1 rh\u00e9om\u00e8tre ins\u00e9rable<\/em><\/li>\n<li><em>1 dispositif de s\u00e9chage<\/em><\/li>\n<li><em>1 cellule de pression (contr\u00f4l\u00e9 en temp\u00e9rature)<\/em><\/li>\n<li><em>1 cellule de contr\u00f4le de temp\u00e9rature<\/em><\/li>\n<li><em>1 machine d\u2019extrusion<\/em><\/li>\n<li><em>1 simulateur de pluie<\/em><\/li>\n<\/ul>\n<p><a href=\"\/irm-rmn-etendue\/\"><strong>More<\/strong><\/a><\/p>\n<p>\n<\/div><\/div><\/div><div class=\"kc-elm kc-css-710371 kc_col-sm-4 kc_column kc_col-sm-4\"><div class=\"kc-col-container\"><div class=\"kc-elm kc-css-476944 kc_shortcode kc_single_image\">\n\n        <img decoding=\"async\" src=\"https:\/\/navier-lab.fr\/wp-content\/uploads\/2020\/07\/IRM18.png\" class=\"\" alt=\"\" \/>    <\/div>\n<\/div><\/div><\/div><\/div><\/section><section class=\"kc-elm kc-css-13266 kc_row\"><div class=\"kc-row-container  kc-container\"><div class=\"kc-wrap-columns\"><div class=\"kc-elm kc-css-880163 kc_col-sm-12 kc_column kc_col-sm-12\"><div class=\"kc-col-container\">\n<div class=\"kc-elm kc-css-175632 kc-title-wrap \">\n\n\t<h2 class=\"kc_title\">Relaxom\u00e8tres<\/h2>\n<\/div>\n<\/div><\/div><\/div><\/div><\/section><section class=\"kc-elm kc-css-432513 kc_row\"><div class=\"kc-row-container  kc-container\"><div class=\"kc-wrap-columns\"><div class=\"kc-elm kc-css-599341 kc_col-sm-8 kc_column kc_col-sm-8\"><div class=\"kc-col-container\"><div class=\"kc-elm kc-css-118028 kc_text_block\"><\/p>\n<h5><u>Mod\u00e8le\u00a0:<\/u><\/h5>\n<ul>\n<li><em>Minispec Br\u00fckerc mq20<\/em><\/li>\n<\/ul>\n<h5><u>Principale utilit\u00e9\u00a0:<\/u><\/h5>\n<ul>\n<li><em>Mesures et profils de temps de relaxation transversaux et longitudinaux 1D et 2D<\/em><\/li>\n<li><em>Quantification des diff\u00e9rentes populations de proton<\/em><\/li>\n<li><em>Mesure de coefficient de diffusion translationnel (si gradients de champs).<\/em><\/li>\n<li><em>Profils 1D (si gradients de champs).<\/em><\/li>\n<\/ul>\n<h5><u>Principales caract\u00e9ristiques\u00a0:<\/u><\/h5>\n<ul>\n<li><em>Antennes : Proton.<\/em><\/li>\n<li><em>Aimant : 0,5 T (21 MHz)<\/em><\/li>\n<li><em>Dimensions de la zone sensible : 18 mm (sans gradient de champs) ou 10 mm (sans gradient de champs) de diam\u00e8tre x 10 mm de hauteur<\/em><\/li>\n<li><em>Gradient de champs 1D : Oui pour le 10 mm \/ Non pour le 10 mm.<\/em><\/li>\n<\/ul>\n<h5><u>S\u00e9quences utilis\u00e9es en routine au laboratoire Navier :<\/u><\/h5>\n<ul>\n<li><em>Inversion-R\u00e9cup\u00e9ration<\/em><\/li>\n<li><em>CPMG.<\/em><\/li>\n<li><em>2D CPMG-IR (cartographie T1-T2) et CPMG-CPMG (cartographie T2-T2)<\/em><\/li>\n<li><em>PGSE (mesure de coefficient de diffusion translationnel, avec gradient de champs).<\/em><\/li>\n<\/ul>\n<h5><u>Les sp\u00e9cificit\u00e9s d\u00e9velopp\u00e9es au laboratoire Navier :<\/u><\/h5>\n<ul>\n<li><em>Suivi temporel des diff\u00e9rentes populations de proton<\/em><\/li>\n<li><em>Contr\u00f4le et suivi de la temp\u00e9rature et de l\u2019humidit\u00e9<\/em><\/li>\n<li><em>Diff\u00e9rents traitements (fit polyexponentiels, CONTIN, d\u00e9tection d\u2019artefacts).<\/em><\/li>\n<\/ul>\n<p><a href=\"\/irm-rmn-etendue\/\"><strong>More<\/strong><\/a><\/p>\n<p>\n<\/div><\/div><\/div><div class=\"kc-elm kc-css-454475 kc_col-sm-4 kc_column kc_col-sm-4\"><div class=\"kc-col-container\"><div class=\"kc-elm kc-css-483314 kc_shortcode kc_single_image\">\n\n        <img decoding=\"async\" src=\"https:\/\/navier-lab.fr\/wp-content\/uploads\/2020\/07\/IRM20.png\" class=\"\" alt=\"\" \/>    <\/div>\n<\/div><\/div><\/div><\/div><\/section><\/p>\n","protected":false},"excerpt":{"rendered":"","protected":false},"author":1,"featured_media":0,"parent":12210,"menu_order":0,"comment_status":"closed","ping_status":"closed","template":"","meta":{"_acf_changed":false,"footnotes":""},"class_list":["post-12279","page","type-page","status-publish","hentry"],"acf":[],"_links":{"self":[{"href":"https:\/\/navier-lab.fr\/en\/wp-json\/wp\/v2\/pages\/12279","targetHints":{"allow":["GET"]}}],"collection":[{"href":"https:\/\/navier-lab.fr\/en\/wp-json\/wp\/v2\/pages"}],"about":[{"href":"https:\/\/navier-lab.fr\/en\/wp-json\/wp\/v2\/types\/page"}],"author":[{"embeddable":true,"href":"https:\/\/navier-lab.fr\/en\/wp-json\/wp\/v2\/users\/1"}],"replies":[{"embeddable":true,"href":"https:\/\/navier-lab.fr\/en\/wp-json\/wp\/v2\/comments?post=12279"}],"version-history":[{"count":4,"href":"https:\/\/navier-lab.fr\/en\/wp-json\/wp\/v2\/pages\/12279\/revisions"}],"predecessor-version":[{"id":16941,"href":"https:\/\/navier-lab.fr\/en\/wp-json\/wp\/v2\/pages\/12279\/revisions\/16941"}],"up":[{"embeddable":true,"href":"https:\/\/navier-lab.fr\/en\/wp-json\/wp\/v2\/pages\/12210"}],"wp:attachment":[{"href":"https:\/\/navier-lab.fr\/en\/wp-json\/wp\/v2\/media?parent=12279"}],"curies":[{"name":"wp","href":"https:\/\/api.w.org\/{rel}","templated":true}]}}