{"id":12283,"date":"2020-07-30T09:55:30","date_gmt":"2020-07-30T07:55:30","guid":{"rendered":"http:\/\/navier-lab.fr\/?page_id=12283"},"modified":"2024-11-05T15:34:21","modified_gmt":"2024-11-05T14:34:21","slug":"numerical-simulation-resources","status":"publish","type":"page","link":"https:\/\/navier-lab.fr\/en\/equipment-and-resources\/numerical-simulation-resources\/","title":{"rendered":"Numerical Simulation Resources"},"content":{"rendered":"<section class=\"kc-elm kc-css-667945 kc_row\"><div class=\"kc-row-container  kc-container\"><div class=\"kc-wrap-columns\"><div class=\"kc-elm kc-css-765255 kc_col-sm-12 kc_column kc_col-sm-12\"><div class=\"kc-col-container\"><div class=\"kc-elm kc-css-607772 kc_text_block\"><\/p>\n<p style=\"text-align: right;\"><strong>Contact : <a href=\"https:\/\/navier-lab.fr\/equipe\/brochard-laurent\/\">Laurent Brochard<\/a><\/strong><\/p>\n<p>\n<\/div><div class=\"kc-elm kc-css-951827 kc_text_block\"><\/p>\n<p>\nCalcul intensif sur un calculateur \u00e9quip\u00e9 de 4 processeurs Xeon E7-4860 v2 (2.6GHz, 12 c\u0153urs chacun) et 1To de m\u00e9moire vive. (<a href=\"\/la-recherche\/multi-echelle\/modelisation-simulation-des-materiaux-heterogenes\/methodes-numeriques-avancees-calcul-intensif\/\">lien<\/a>)<\/p>\n<p>\n<\/div><\/div><\/div><\/div><\/div><\/section>\n","protected":false},"excerpt":{"rendered":"","protected":false},"author":1,"featured_media":0,"parent":12210,"menu_order":0,"comment_status":"closed","ping_status":"closed","template":"","meta":{"_acf_changed":false,"footnotes":""},"class_list":["post-12283","page","type-page","status-publish","hentry"],"acf":[],"_links":{"self":[{"href":"https:\/\/navier-lab.fr\/en\/wp-json\/wp\/v2\/pages\/12283","targetHints":{"allow":["GET"]}}],"collection":[{"href":"https:\/\/navier-lab.fr\/en\/wp-json\/wp\/v2\/pages"}],"about":[{"href":"https:\/\/navier-lab.fr\/en\/wp-json\/wp\/v2\/types\/page"}],"author":[{"embeddable":true,"href":"https:\/\/navier-lab.fr\/en\/wp-json\/wp\/v2\/users\/1"}],"replies":[{"embeddable":true,"href":"https:\/\/navier-lab.fr\/en\/wp-json\/wp\/v2\/comments?post=12283"}],"version-history":[{"count":3,"href":"https:\/\/navier-lab.fr\/en\/wp-json\/wp\/v2\/pages\/12283\/revisions"}],"predecessor-version":[{"id":17955,"href":"https:\/\/navier-lab.fr\/en\/wp-json\/wp\/v2\/pages\/12283\/revisions\/17955"}],"up":[{"embeddable":true,"href":"https:\/\/navier-lab.fr\/en\/wp-json\/wp\/v2\/pages\/12210"}],"wp:attachment":[{"href":"https:\/\/navier-lab.fr\/en\/wp-json\/wp\/v2\/media?parent=12283"}],"curies":[{"name":"wp","href":"https:\/\/api.w.org\/{rel}","templated":true}]}}