{"id":12286,"date":"2020-07-30T09:56:53","date_gmt":"2020-07-30T07:56:53","guid":{"rendered":"http:\/\/navier-lab.fr\/?page_id=12286"},"modified":"2024-07-31T17:15:49","modified_gmt":"2024-07-31T15:15:49","slug":"rheometry","status":"publish","type":"page","link":"https:\/\/navier-lab.fr\/en\/equipment-and-resources\/rheometry\/","title":{"rendered":"Rheometry"},"content":{"rendered":"<p><section class=\"kc-elm kc-css-844425 kc_row\"><div class=\"kc-row-container  kc-container\"><div class=\"kc-wrap-columns\"><div class=\"kc-elm kc-css-346523 kc_col-sm-12 kc_column kc_col-sm-12\"><div class=\"kc-col-container\"><div class=\"kc-elm kc-css-933569 kc_text_block\"><\/p>\n<p style=\"text-align: right;\"><strong>Contact : <a href=\"https:\/\/navier-lab.fr\/equipe\/goyon-julie\/\">Julie Goyon<\/a><\/strong><\/p>\n<p>\n<\/div><\/div><\/div><\/div><\/div><\/section><section class=\"kc-elm kc-css-324150 kc_row\"><div class=\"kc-row-container  kc-container\"><div class=\"kc-wrap-columns\"><div class=\"kc-elm kc-css-251950 kc_col-sm-10 kc_column kc_col-sm-10\"><div class=\"kc-col-container\">\n<div class=\"kc-elm kc-css-395148 kc-title-wrap \">\n\n\t<h2 class=\"kc_title\">Rh\u00e9om\u00e8tres \u00e0 contrainte impos\u00e9e :<\/h2>\n<\/div>\n<div class=\"kc-elm kc-css-596890 kc_text_block\"><\/p>\n<ul>\n<li>MCR502 (Anton Par)<\/li>\n<li>Kinexus Pro<\/li>\n<li>Kinexus Ultra+ (Malvern)<\/li>\n<li>Bohlin (Malvern)<\/li>\n<\/ul>\n<p>\n<\/div><\/div><\/div><div class=\"kc-elm kc-css-640793 kc_col-of-5 kc_column kc_col-of-5\"><div class=\"kc-col-container\"><div class=\"kc-elm kc-css-828153 kc_shortcode kc_single_image\">\n\n        <img decoding=\"async\" src=\"https:\/\/navier-lab.fr\/wp-content\/uploads\/2020\/07\/rheo2.png\" class=\"\" alt=\"\" \/>    <\/div>\n<\/div><\/div><\/div><\/div><\/section><section class=\"kc-elm kc-css-387386 kc_row\"><div class=\"kc-row-container  kc-container\"><div class=\"kc-wrap-columns\"><div class=\"kc-elm kc-css-143413 kc_col-sm-10 kc_column kc_col-sm-10\"><div class=\"kc-col-container\">\n<div class=\"kc-elm kc-css-47086 kc-title-wrap \">\n\n\t<h2 class=\"kc_title\">Dispositifs sp\u00e9cifiques adaptables :<\/h2>\n<\/div>\n<div class=\"kc-elm kc-css-609464 kc_text_block\"><\/p>\n<p>\nPour des besoins tr\u00e8s sp\u00e9cifiques, des dispositifs ins\u00e9rables dans les rh\u00e9om\u00e8tres peuvent \u00eatre con\u00e7us et fabriqu\u00e9s au Laboratoire par l\u2019<a href=\"\/equipements-et-ressources\/conception-fabrication-de-dispositifs-experimentaux\/\">Equipe Technique de Kepler<\/a>.<\/p>\n<p>\n<\/div><\/div><\/div><div class=\"kc-elm kc-css-618229 kc_col-of-5 kc_column kc_col-of-5\"><div class=\"kc-col-container\"><div class=\"kc-elm kc-css-447903 kc_shortcode kc_single_image\">\n\n        <img decoding=\"async\" src=\"https:\/\/navier-lab.fr\/wp-content\/uploads\/2020\/07\/rheo3.png\" class=\"\" alt=\"\" \/>    <\/div>\n<div class=\"kc-elm kc-css-96264 kc_text_block\"><\/p>\n<p>\nDispositif permettant de visualiser les d\u00e9formations de bulles confin\u00e9es en cisaillement plan-plan<br \/>\nMorini &amp; al., Soft Matter, 14,41, 8372-8377 (2018)<\/p>\n<p>\n<\/div><\/div><\/div><\/div><\/div><\/section><section class=\"kc-elm kc-css-39331 kc_row\"><div class=\"kc-row-container  kc-container\"><div class=\"kc-wrap-columns\"><div class=\"kc-elm kc-css-691688 kc_col-sm-10 kc_column kc_col-sm-10\"><div class=\"kc-col-container\">\n<div class=\"kc-elm kc-css-956670 kc-title-wrap \">\n\n\t<h2 class=\"kc_title\">Rh\u00e9om\u00e9trie sous IRM :<\/h2>\n<\/div>\n<div class=\"kc-elm kc-css-394132 kc_text_block\"><\/p>\n<p>\nEn plus des rh\u00e9om\u00e8tres classiques, nous poss\u00e9dons un rh\u00e9om\u00e8tre ins\u00e9rable dans un Imageur \u00e0 <a href=\"\/equipements-et-ressources\/irmrmn\/\">R\u00e9sonance Magn\u00e9tique<\/a>.<br \/>\nIl permet d\u2019imager les \u00e9chantillons, mais \u00e9galement de mesurer des champs de vitesse et des cartes de densit\u00e9 d\u2019un \u00e9chantillon cisaill\u00e9.<\/p>\n<p>\n<\/div><\/div><\/div><div class=\"kc-elm kc-css-614612 kc_col-of-5 kc_column kc_col-of-5\"><div class=\"kc-col-container\"><div class=\"kc-elm kc-css-248348 kc_shortcode kc_single_image\">\n\n        <img decoding=\"async\" src=\"https:\/\/navier-lab.fr\/wp-content\/uploads\/2020\/07\/rheo4.png\" class=\"\" alt=\"\" \/>    <\/div>\n<div class=\"kc-elm kc-css-173729 kc_text_block\"><\/p>\n<p>\nCellule couette ins\u00e9rable dans l\u2019IR<\/p>\n<p>\n<\/div><div class=\"kc-elm kc-css-686775 kc_shortcode kc_single_image\">\n\n        <img decoding=\"async\" src=\"https:\/\/navier-lab.fr\/wp-content\/uploads\/2020\/07\/rheo5.png\" class=\"\" alt=\"\" \/>    <\/div>\n<div class=\"kc-elm kc-css-929740 kc_text_block\"><\/p>\n<p>\nBandes de cisaillement d&#8217;un fluid<\/p>\n<p>\n<\/div><\/div><\/div><\/div><\/div><\/section><\/p>\n","protected":false},"excerpt":{"rendered":"","protected":false},"author":1,"featured_media":0,"parent":12210,"menu_order":0,"comment_status":"closed","ping_status":"closed","template":"","meta":{"_acf_changed":false,"footnotes":""},"class_list":["post-12286","page","type-page","status-publish","hentry"],"acf":[],"_links":{"self":[{"href":"https:\/\/navier-lab.fr\/en\/wp-json\/wp\/v2\/pages\/12286","targetHints":{"allow":["GET"]}}],"collection":[{"href":"https:\/\/navier-lab.fr\/en\/wp-json\/wp\/v2\/pages"}],"about":[{"href":"https:\/\/navier-lab.fr\/en\/wp-json\/wp\/v2\/types\/page"}],"author":[{"embeddable":true,"href":"https:\/\/navier-lab.fr\/en\/wp-json\/wp\/v2\/users\/1"}],"replies":[{"embeddable":true,"href":"https:\/\/navier-lab.fr\/en\/wp-json\/wp\/v2\/comments?post=12286"}],"version-history":[{"count":2,"href":"https:\/\/navier-lab.fr\/en\/wp-json\/wp\/v2\/pages\/12286\/revisions"}],"predecessor-version":[{"id":16962,"href":"https:\/\/navier-lab.fr\/en\/wp-json\/wp\/v2\/pages\/12286\/revisions\/16962"}],"up":[{"embeddable":true,"href":"https:\/\/navier-lab.fr\/en\/wp-json\/wp\/v2\/pages\/12210"}],"wp:attachment":[{"href":"https:\/\/navier-lab.fr\/en\/wp-json\/wp\/v2\/media?parent=12286"}],"curies":[{"name":"wp","href":"https:\/\/api.w.org\/{rel}","templated":true}]}}