{"id":12288,"date":"2020-07-30T09:57:37","date_gmt":"2020-07-30T07:57:37","guid":{"rendered":"http:\/\/navier-lab.fr\/?page_id=12288"},"modified":"2020-07-30T09:57:37","modified_gmt":"2020-07-30T07:57:37","slug":"irm-rmn","status":"publish","type":"page","link":"https:\/\/navier-lab.fr\/en\/irm-rmn\/","title":{"rendered":"IRM &#038; RMN"},"content":{"rendered":"<p><section class=\"kc-elm kc-css-631703 kc_row\"><div class=\"kc-row-container  kc-container\"><div class=\"kc-wrap-columns\"><div class=\"kc-elm kc-css-636415 kc_col-sm-12 kc_column kc_col-sm-12\"><div class=\"kc-col-container\"><div class=\"kc-elm kc-css-580808 kc_text_block\"><\/p>\n<p><span style=\"font-size: medium;\">La plate-forme IRMN\/RMN du laboratoire Navier utilise et d\u00e9veloppe <strong>depuis 20 ans<\/strong> les techniques de r\u00e9sonance magn\u00e9tique nucl\u00e9aire (RMN) pour caract\u00e9riser les mat\u00e9riaux du g\u00e9nie civil et de l\u2019environnement.<br \/>\nBien connue pour ses applications en imagerie m\u00e9dicale (IRM), la RMN permet \u00e9galement d\u2019acc\u00e9der, de fa\u00e7on <strong>non invasive<\/strong>, <strong>non destructive<\/strong> et avec peu de contraintes et de pr\u00e9paration sur l\u2019\u00e9chantillon, \u00e0 diverses propri\u00e9t\u00e9s physico-chimiques aussi bien par une recherche d\u2019informations analytiques (relaxom\u00e9trie et spectroscopie) que par l\u2019imagerie (IRM).<\/span><\/p>\n<p>\n<\/div><\/div><\/div><\/div><\/div><\/section><section class=\"kc-elm kc-css-189883 kc_row\"><div class=\"kc-row-container  kc-container\"><div class=\"kc-wrap-columns\"><div class=\"kc-elm kc-css-473225 kc_col-sm-4 kc_column kc_col-sm-4\"><div class=\"kc-col-container\"><div class=\"kc-elm kc-css-174043 kc_shortcode kc_single_image\">\n\n        <img decoding=\"async\" src=\"https:\/\/navier-lab.fr\/wp-content\/uploads\/2020\/07\/IRM1-300x231-1.png\" class=\"\" alt=\"\" \/>    <\/div>\n<div class=\"kc-elm kc-css-864209 kc_text_block\"><\/p>\n<p style=\"text-align: center;\">suivi par IRM de l\u2019imbibition de l\u2019eau dans diff\u00e9rents bois : Distribution de temps de relaxation de transversal.<\/p>\n<p>\n<\/div><\/div><\/div><div class=\"kc-elm kc-css-121070 kc_col-sm-4 kc_column kc_col-sm-4\"><div class=\"kc-col-container\"><div class=\"kc-elm kc-css-325586 kc_shortcode kc_single_image\">\n\n        <img decoding=\"async\" src=\"https:\/\/navier-lab.fr\/wp-content\/uploads\/2020\/07\/IRM2-300x234-1.png\" class=\"\" alt=\"\" \/>    <\/div>\n<div class=\"kc-elm kc-css-78151 kc_text_block\"><\/p>\n<p style=\"text-align: center;\">suivi par IRM de l\u2019imbibition de l\u2019eau dans diff\u00e9rents bois : Profil 1D.<\/p>\n<p>\n<\/div><\/div><\/div><div class=\"kc-elm kc-css-294080 kc_col-sm-4 kc_column kc_col-sm-4\"><div class=\"kc-col-container\"><div class=\"kc-elm kc-css-756642 kc_shortcode kc_single_image\">\n\n        <img decoding=\"async\" src=\"https:\/\/navier-lab.fr\/wp-content\/uploads\/2020\/07\/IRM3-300x119-1.png\" class=\"\" alt=\"\" \/>    <\/div>\n<div class=\"kc-elm kc-css-760257 kc_text_block\"><\/p>\n<p style=\"text-align: center;\">suivi par IRM de l\u2019imbibition de l\u2019eau dans diff\u00e9rents bois : Image 2D de l\u2019imbibition.<\/p>\n<p>\n<\/div><\/div><\/div><\/div><\/div><\/section><section class=\"kc-elm kc-css-811487 kc_row\"><div class=\"kc-row-container  kc-container\"><div class=\"kc-wrap-columns\"><div class=\"kc-elm kc-css-135325 kc_col-sm-12 kc_column kc_col-sm-12\"><div class=\"kc-col-container\"><div class=\"kc-elm kc-css-406094 kc_text_block\"><\/p>\n<p><span style=\"font-size: medium;\">Particuli\u00e8rement bien adapt\u00e9s \u00e0 des <a href=\"\/la-recherche\/multi-echelle\/\"><strong>\u00e9chelles interm\u00e9diaires entre l\u2019\u00e9chelle atomique et l\u2019\u00e9chelle macroscopique<\/strong><\/a>, ces instruments permettent d\u2019obtenir de pr\u00e9cieuses informations qui am\u00e9liorent significativement la compr\u00e9hension de ph\u00e9nom\u00e8nes chimiques, physiques ou biologiques sur des syst\u00e8mes riches d\u2019applications tels que les <strong><a href=\"\/la-recherche\/rheophysique-et-milieux-poreux\/\">milieux poreux ou la rh\u00e9ologie<\/a> <\/strong>bien que ces niveaux d\u2019organisation interm\u00e9diaires et complexes soient souvent encore mal compris.<\/span><\/p>\n<p>\n<\/div><\/div><\/div><\/div><\/div><\/section><section class=\"kc-elm kc-css-321646 kc_row\"><div class=\"kc-row-container  kc-container\"><div class=\"kc-wrap-columns\"><div class=\"kc-elm kc-css-269486 kc_col-sm-12 kc_column kc_col-sm-12\"><div class=\"kc-col-container\"><div class=\"kc-elm kc-css-690888 kc_shortcode kc_single_image\">\n\n        <img decoding=\"async\" src=\"https:\/\/navier-lab.fr\/wp-content\/uploads\/2020\/07\/IRM4.png\" class=\"\" alt=\"\" \/>    <\/div>\n<\/div><\/div><\/div><\/div><\/section><section class=\"kc-elm kc-css-436302 kc_row\"><div class=\"kc-row-container  kc-container\"><div class=\"kc-wrap-columns\"><div class=\"kc-elm kc-css-394858 kc_col-sm-12 kc_column kc_col-sm-12\"><div class=\"kc-col-container\"><div class=\"kc-elm kc-css-654168 kc_text_block\"><\/p>\n<p><span style=\"font-size: medium;\">Plus sp\u00e9cifiquement, le laboratoire Navier a acquis une <strong>renomm\u00e9e mondiale<\/strong> gr\u00e2ce \u00e0 des d\u00e9veloppements et des utilisations originales de l\u2019<strong>IRM<\/strong>, plus r\u00e9cemment de la <strong>RMN bas champ<\/strong>, et \u00e0 l\u2019avenir de la <strong>RMN Mouse<\/strong> sur des th\u00e8mes de pr\u00e9dilection tels que l\u2019\u00e9tude \u2013 qualitative et quantitative \u2013 <strong>des milieux poreux, l\u2019\u00e9coulement des fluides ou la rh\u00e9ologie, \u00e9ventuellement en mouvement<\/strong>. Outre sa tr\u00e8s <strong>grande versatilit\u00e9<\/strong>, l\u2019IRM et la RMN se distinguent des autres techniques analytiques par des types de <strong>s\u00e9lectivit\u00e9 sp\u00e9cifiques<\/strong> dans la mesure o\u00f9 celles-ci reposent sur des mesures de temps de relaxation d\u00e9pendant de <strong>beaucoup param\u00e8tres physicochimique<\/strong> tels que la dynamique mol\u00e9culaires, la pr\u00e9sence de constituants paramagn\u00e9tiques, la temp\u00e9rature\u2026 donnant acc\u00e8s \u00e0 des \u00e9tudes de <strong>porom\u00e9trie, diffusom\u00e9trie ou v\u00e9locim\u00e9trie<\/strong>.\u00a0De plus, gr\u00e2ce \u00e0 la <strong>RMN Mouse<\/strong> r\u00e9cemment acquise, des mesures de <strong>temps de relaxation<\/strong> <em>in situ<\/em> pourront \u00eatre r\u00e9alis\u00e9es permettant d\u2019investiguer encore d\u2019avantage vers le \u00ab\u00a0monde r\u00e9el\u00a0\u00bb.<\/span><\/p>\n<p>\n<\/div><\/div><\/div><\/div><\/div><\/section><section class=\"kc-elm kc-css-885408 kc_row\"><div class=\"kc-row-container  kc-container\"><div class=\"kc-wrap-columns\"><div class=\"kc-elm kc-css-342186 kc_col-sm-4 kc_column kc_col-sm-4\"><div class=\"kc-col-container\"><div class=\"kc-elm kc-css-805 kc_shortcode kc_single_image\">\n\n        <a rel=\"prettyPhoto\" class=\"kc-pretty-photo\" href=\"https:\/\/navier-lab.fr\/wp-content\/uploads\/2020\/07\/IRM5.png\" title=\"\" target=\"\">\n        <img decoding=\"async\" src=\"https:\/\/navier-lab.fr\/wp-content\/uploads\/2020\/07\/IRM5.png\" class=\"\" alt=\"\" \/>    <\/a>\n    <\/div>\n<div class=\"kc-elm kc-css-653145 kc_text_block\"><\/p>\n<p style=\"text-align: center;\">rh\u00e9ologie : \u00e9tude de l\u2019\u00e9coulement d\u2019une p\u00e2te dans une cellule d\u2019extrusion<\/p>\n<p>\n<\/div><\/div><\/div><div class=\"kc-elm kc-css-54107 kc_col-sm-4 kc_column kc_col-sm-4\"><div class=\"kc-col-container\"><div class=\"kc-elm kc-css-632813 kc_shortcode kc_single_image\">\n\n        <a rel=\"prettyPhoto\" class=\"kc-pretty-photo\" href=\"https:\/\/navier-lab.fr\/wp-content\/uploads\/2020\/07\/IRM6.png\" title=\"\" target=\"\">\n        <img decoding=\"async\" src=\"https:\/\/navier-lab.fr\/wp-content\/uploads\/2020\/07\/IRM6.png\" class=\"\" alt=\"\" \/>    <\/a>\n    <\/div>\n<div class=\"kc-elm kc-css-325707 kc_text_block\"><\/p>\n<p style=\"text-align: center;\">changements de phases : \u00e9tude quantitative du s\u00e9chage d\u2019un bois<\/p>\n<p>\n<\/div><\/div><\/div><div class=\"kc-elm kc-css-307774 kc_col-sm-4 kc_column kc_col-sm-4\"><div class=\"kc-col-container\"><div class=\"kc-elm kc-css-183153 kc_shortcode kc_single_image\">\n\n        <a rel=\"prettyPhoto\" class=\"kc-pretty-photo\" href=\"https:\/\/navier-lab.fr\/wp-content\/uploads\/2020\/07\/IRM7.png\" title=\"\" target=\"\">\n        <img decoding=\"async\" src=\"https:\/\/navier-lab.fr\/wp-content\/uploads\/2020\/07\/IRM7.png\" class=\"\" alt=\"\" \/>    <\/a>\n    <\/div>\n<div class=\"kc-elm kc-css-364745 kc_text_block\"><\/p>\n<p style=\"text-align: center;\">processus chimiques : suivi de la prise d\u2019un ciment blanc par RMN bas champs.<\/p>\n<p>\n<\/div><\/div><\/div><\/div><\/div><\/section><section class=\"kc-elm kc-css-163893 kc_row\"><div class=\"kc-row-container  kc-container\"><div class=\"kc-wrap-columns\"><div class=\"kc-elm kc-css-234957 kc_col-sm-4 kc_column kc_col-sm-4\"><div class=\"kc-col-container\"><div class=\"kc-elm kc-css-235953 kc_shortcode kc_single_image\">\n\n        <a rel=\"prettyPhoto\" class=\"kc-pretty-photo\" href=\"https:\/\/navier-lab.fr\/wp-content\/uploads\/2020\/07\/IRM3.png\" title=\"\" target=\"\">\n        <img decoding=\"async\" src=\"https:\/\/navier-lab.fr\/wp-content\/uploads\/2020\/07\/IRM3.png\" class=\"\" alt=\"\" \/>    <\/a>\n    <\/div>\n<div class=\"kc-elm kc-css-205698 kc_text_block\"><\/p>\n<p style=\"text-align: center;\">suivi par IRM de l\u2019imbibition de l\u2019eau dans diff\u00e9rents bois : Image 2D de l&#8217;imbibition.<\/p>\n<p>\n<\/div><\/div><\/div><div class=\"kc-elm kc-css-113974 kc_col-sm-4 kc_column kc_col-sm-4\"><div class=\"kc-col-container\"><div class=\"kc-elm kc-css-343643 kc_shortcode kc_single_image\">\n\n        <a rel=\"prettyPhoto\" class=\"kc-pretty-photo\" href=\"https:\/\/navier-lab.fr\/wp-content\/uploads\/2020\/07\/IRM10-1.png\" title=\"\" target=\"\">\n        <img decoding=\"async\" src=\"https:\/\/navier-lab.fr\/wp-content\/uploads\/2020\/07\/IRM10-1.png\" class=\"\" alt=\"\" \/>    <\/a>\n    <\/div>\n<div class=\"kc-elm kc-css-689857 kc_text_block\"><\/p>\n<p style=\"text-align: center;\">\u00e9coulements de fluides : \u00e9tude du transport d\u2019un pulse de traceur paramagn\u00e9tique dans un \u00e9coulement d\u2019eau \u00e0 travers une colonne de sable<\/p>\n<p>\n<\/div><\/div><\/div><div class=\"kc-elm kc-css-343072 kc_col-sm-4 kc_column kc_col-sm-4\"><div class=\"kc-col-container\"><div class=\"kc-elm kc-css-959855 kc_shortcode kc_single_image\">\n\n        <a rel=\"prettyPhoto\" class=\"kc-pretty-photo\" href=\"https:\/\/navier-lab.fr\/wp-content\/uploads\/2020\/07\/IRM11.png\" title=\"\" target=\"\">\n        <img decoding=\"async\" src=\"https:\/\/navier-lab.fr\/wp-content\/uploads\/2020\/07\/IRM11.png\" class=\"\" alt=\"\" \/>    <\/a>\n    <\/div>\n<div class=\"kc-elm kc-css-860183 kc_text_block\"><\/p>\n<p style=\"text-align: center;\">v\u00e9locimetrie : \u00e9tude d\u2019une limite d\u2019\u00e9coulement d\u2019un fluide avec zone d\u2019arr\u00eat<\/p>\n<p>\n<\/div><\/div><\/div><\/div><\/div><\/section><section class=\"kc-elm kc-css-356140 kc_row\"><div class=\"kc-row-container  kc-container\"><div class=\"kc-wrap-columns\"><div class=\"kc-elm kc-css-199342 kc_col-sm-12 kc_column kc_col-sm-12\"><div class=\"kc-col-container\"><div class=\"kc-elm kc-css-916440 kc_text_block\"><\/p>\n<p><span style=\"font-size: medium;\">L\u2019originalit\u00e9 des recherches de la plate-forme IRM\/RMN du laboratoire Navier repose sur deux piliers : d\u2019une part <a href=\"\/equipements-et-ressources\/conception-fabrication-de-dispositifs-experimentaux\/\">la conception et la r\u00e9alisation<\/a> par l\u2019\u00e9quipe technique du laboratoire Navier de sondes, de cellules, de capteurs\u2026 uniques et adapt\u00e9s \u00e0 l\u2019imageur ou \u00e0 la RMN bas champ et \u00e0 une probl\u00e9matique sp\u00e9cifique et, d\u2019autres part, le d\u00e9veloppement de s\u00e9quences et de param\u00e9trages sp\u00e9cifiques \u00e9galement adapt\u00e9s \u00e0 chaque analyse.\u00a0De v\u00e9ritables cartographies de <strong>grandeurs dynamiques<\/strong> telles que le champ de vitesse d\u2019un milieu granulaire ont ainsi \u00e9t\u00e9 obtenues gr\u00e2ce, par exemple, \u00e0 la r\u00e9alisation d\u2019un rh\u00e9om\u00e8tre ins\u00e9rable dans le tunnel de l\u2019IRM, le d\u00e9veloppement d\u2019une s\u00e9quence adapt\u00e9e, ainsi qu\u2019une exploitation et des interpr\u00e9tations des r\u00e9sultats ad\u00e9quats.<\/span><\/p>\n<p>\n<\/div><\/div><\/div><\/div><\/div><\/section><section class=\"kc-elm kc-css-331984 kc_row\"><div class=\"kc-row-container  kc-container\"><div class=\"kc-wrap-columns\"><div class=\"kc-elm kc-css-318459 kc_col-of-5 kc_column kc_col-of-5\"><div class=\"kc-col-container\"><div class=\"kc-elm kc-css-932025 kc_shortcode kc_single_image\">\n\n        <a rel=\"prettyPhoto\" class=\"kc-pretty-photo\" href=\"https:\/\/navier-lab.fr\/wp-content\/uploads\/2020\/07\/IRM12.png\" title=\"\" target=\"\">\n        <img decoding=\"async\" src=\"https:\/\/navier-lab.fr\/wp-content\/uploads\/2020\/07\/IRM12.png\" class=\"\" alt=\"\" \/>    <\/a>\n    <\/div>\n<\/div><\/div><div class=\"kc-elm kc-css-766739 kc_col-of-5 kc_column kc_col-of-5\"><div class=\"kc-col-container\"><div class=\"kc-elm kc-css-230669 kc_shortcode kc_single_image\">\n\n        <a rel=\"prettyPhoto\" class=\"kc-pretty-photo\" href=\"https:\/\/navier-lab.fr\/wp-content\/uploads\/2020\/07\/IRM13.png\" title=\"\" target=\"\">\n        <img decoding=\"async\" src=\"https:\/\/navier-lab.fr\/wp-content\/uploads\/2020\/07\/IRM13.png\" class=\"\" alt=\"\" \/>    <\/a>\n    <\/div>\n<\/div><\/div><div class=\"kc-elm kc-css-353481 kc_col-of-5 kc_column kc_col-of-5\"><div class=\"kc-col-container\"><div class=\"kc-elm kc-css-553229 kc_shortcode kc_single_image\">\n\n        <a rel=\"prettyPhoto\" class=\"kc-pretty-photo\" href=\"https:\/\/navier-lab.fr\/wp-content\/uploads\/2020\/07\/IRM14.png\" title=\"\" target=\"\">\n        <img decoding=\"async\" src=\"https:\/\/navier-lab.fr\/wp-content\/uploads\/2020\/07\/IRM14.png\" class=\"\" alt=\"\" \/>    <\/a>\n    <\/div>\n<\/div><\/div><div class=\"kc-elm kc-css-138825 kc_col-of-5 kc_column kc_col-of-5\"><div class=\"kc-col-container\"><div class=\"kc-elm kc-css-519032 kc_shortcode kc_single_image\">\n\n        <a rel=\"prettyPhoto\" class=\"kc-pretty-photo\" href=\"https:\/\/navier-lab.fr\/wp-content\/uploads\/2020\/07\/IRM15.png\" title=\"\" target=\"\">\n        <img decoding=\"async\" src=\"https:\/\/navier-lab.fr\/wp-content\/uploads\/2020\/07\/IRM15.png\" class=\"\" alt=\"\" \/>    <\/a>\n    <\/div>\n<\/div><\/div><div class=\"kc-elm kc-css-345167 kc_col-of-5 kc_column kc_col-of-5\"><div class=\"kc-col-container\"><div class=\"kc-elm kc-css-211476 kc_shortcode kc_single_image\">\n\n        <a rel=\"prettyPhoto\" class=\"kc-pretty-photo\" href=\"https:\/\/navier-lab.fr\/wp-content\/uploads\/2020\/07\/IRM16.png\" title=\"\" target=\"\">\n        <img decoding=\"async\" src=\"https:\/\/navier-lab.fr\/wp-content\/uploads\/2020\/07\/IRM16.png\" class=\"\" alt=\"\" \/>    <\/a>\n    <\/div>\n<\/div><\/div><\/div><\/div><\/section><section class=\"kc-elm kc-css-450498 kc_row\"><div class=\"kc-row-container  kc-container\"><div class=\"kc-wrap-columns\"><div class=\"kc-elm kc-css-355127 kc_col-sm-12 kc_column kc_col-sm-12\"><div class=\"kc-col-container\"><div class=\"kc-elm kc-css-212333 kc_text_block\"><\/p>\n<p><span style=\"font-size: medium;\">De plus, la transversalit\u00e9 de la plate-forme IRM\/RMN du laboratoire Navier permet de r\u00e9aliser fr\u00e9quemment des \u00e9tudes mettant \u00e0 profit la <strong>compl\u00e9mentarit\u00e9<\/strong> de l\u2019IRM ou de la RMN avec d\u2019<a href=\"\/equipements-et-ressources\/\"><strong>autres instruments analytiques<\/strong><\/a>.<\/span><\/p>\n<p>\n<\/div><\/div><\/div><\/div><\/div><\/section><section class=\"kc-elm kc-css-274711 kc_row\"><div class=\"kc-row-container  kc-container\"><div class=\"kc-wrap-columns\"><div class=\"kc-elm kc-css-646732 kc_col-sm-12 kc_column kc_col-sm-12\"><div class=\"kc-col-container\"><div class=\"kc-elm kc-css-664836 kc_shortcode kc_single_image\">\n\n        <img decoding=\"async\" src=\"https:\/\/navier-lab.fr\/wp-content\/uploads\/2020\/07\/IRM17.png\" class=\"\" alt=\"\" \/>    <\/div>\n<\/div><\/div><\/div><\/div><\/section><\/p>\n","protected":false},"excerpt":{"rendered":"","protected":false},"author":1,"featured_media":0,"parent":0,"menu_order":0,"comment_status":"closed","ping_status":"closed","template":"","meta":{"_acf_changed":false,"footnotes":""},"class_list":["post-12288","page","type-page","status-publish","hentry"],"acf":[],"_links":{"self":[{"href":"https:\/\/navier-lab.fr\/en\/wp-json\/wp\/v2\/pages\/12288","targetHints":{"allow":["GET"]}}],"collection":[{"href":"https:\/\/navier-lab.fr\/en\/wp-json\/wp\/v2\/pages"}],"about":[{"href":"https:\/\/navier-lab.fr\/en\/wp-json\/wp\/v2\/types\/page"}],"author":[{"embeddable":true,"href":"https:\/\/navier-lab.fr\/en\/wp-json\/wp\/v2\/users\/1"}],"replies":[{"embeddable":true,"href":"https:\/\/navier-lab.fr\/en\/wp-json\/wp\/v2\/comments?post=12288"}],"version-history":[{"count":1,"href":"https:\/\/navier-lab.fr\/en\/wp-json\/wp\/v2\/pages\/12288\/revisions"}],"predecessor-version":[{"id":12289,"href":"https:\/\/navier-lab.fr\/en\/wp-json\/wp\/v2\/pages\/12288\/revisions\/12289"}],"wp:attachment":[{"href":"https:\/\/navier-lab.fr\/en\/wp-json\/wp\/v2\/media?parent=12288"}],"curies":[{"name":"wp","href":"https:\/\/api.w.org\/{rel}","templated":true}]}}