{"id":12292,"date":"2020-07-30T10:01:02","date_gmt":"2020-07-30T08:01:02","guid":{"rendered":"http:\/\/navier-lab.fr\/?page_id=12292"},"modified":"2020-11-19T12:20:35","modified_gmt":"2020-11-19T11:20:35","slug":"geotechnique-cermes","status":"publish","type":"page","link":"https:\/\/navier-lab.fr\/en\/research\/geotechnique-cermes\/","title":{"rendered":"Geotechnics (CERMES)"},"content":{"rendered":"<p><section class=\"kc-elm kc-css-81585 kc_row\"><div class=\"kc-row-container  kc-container\"><div class=\"kc-wrap-columns\"><div class=\"kc-elm kc-css-45896 kc_col-sm-12 kc_column kc_col-sm-12\"><div class=\"kc-col-container\"><div class=\"kc-elm kc-css-340089 kc_text_block\"><\/p>\n<p>The Geotechnic (CERMES) team focuses its research and teaching activities on geotechnical engineering and soil and rock mechanics with applications for civil engineering, environmental engineering, energy production and prevention of natural hazards. Research ranges from laboratory and in situ investigation of soils and rocks to modeling of their constitutive laws, with thermo-hydro-chemo-mechanical couplings.<\/p>\n<p>\n<\/div><\/div><\/div><\/div><\/div><\/section><section class=\"kc-elm kc-css-3453 kc_row\"><div class=\"kc-row-container  kc-container\"><div class=\"kc-wrap-columns\"><div class=\"kc-elm kc-css-993682 kc_col-sm-6 kc_column kc_col-sm-6\"><div class=\"kc-col-container\"><div class=\"kc-elm kc-css-902336 kc_text_block\"><\/p>\n<p><img loading=\"lazy\" decoding=\"async\" class=\"size-full aligncenter\" src=\"https:\/\/navier-lab.fr\/wp-content\/uploads\/2020\/07\/Ouvrages-g\u00e9otechniques_menu.jpg\" alt=\"\" width=\"450\" height=\"219\" \/><\/p>\n<h2 style=\"text-align: center; margin-top: 0px;\"><a href=\"https:\/\/navier-lab.fr\/en\/research\/geotechnique-cermes\/geotechnical-structures\/\">Geotechnical structures<\/a><\/h2>\n<p>\n<\/div><\/div><\/div><div class=\"kc-elm kc-css-833211 kc_col-sm-6 kc_column kc_col-sm-6\"><div class=\"kc-col-container\"><div class=\"kc-elm kc-css-157817 kc_text_block\"><\/p>\n<p><img loading=\"lazy\" decoding=\"async\" class=\"size-full aligncenter\" src=\"https:\/\/navier-lab.fr\/wp-content\/uploads\/2020\/07\/Stockage-g\u00e9ologique_menu.jpg\" alt=\"\" width=\"450\" height=\"219\" \/><\/p>\n<h2 style=\"text-align: center; margin-top: 0px;\"><a href=\"https:\/\/navier-lab.fr\/en\/research\/geotechnique-cermes\/geological-storage\/\">Geological storage<\/a><\/h2>\n<p>\n<\/div><\/div><\/div><\/div><\/div><\/section><section class=\"kc-elm kc-css-741303 kc_row\"><div class=\"kc-row-container  kc-container\"><div class=\"kc-wrap-columns\"><div class=\"kc-elm kc-css-779875 kc_col-sm-6 kc_column kc_col-sm-6\"><div class=\"kc-col-container\"><div class=\"kc-elm kc-css-864189 kc_text_block\"><\/p>\n<p><img loading=\"lazy\" decoding=\"async\" class=\"size-full aligncenter\" src=\"https:\/\/navier-lab.fr\/wp-content\/uploads\/2020\/07\/G\u00e9om\u00e9canique-et-\u00e9nergie_menu.jpg\" alt=\"\" width=\"450\" height=\"219\" \/><\/p>\n<h2 style=\"text-align: center; margin-top: 0px;\"><a href=\"https:\/\/navier-lab.fr\/en\/research\/geotechnique-cermes\/geomechanics-for-energy\/\">Geomechanics for energy<\/a><\/h2>\n<p>\n<\/div><\/div><\/div><div class=\"kc-elm kc-css-502472 kc_col-sm-6 kc_column kc_col-sm-6\"><div class=\"kc-col-container\"><div class=\"kc-elm kc-css-918873 kc_text_block\"><\/p>\n<p><img loading=\"lazy\" decoding=\"async\" class=\"size-full aligncenter\" src=\"https:\/\/navier-lab.fr\/wp-content\/uploads\/2020\/07\/Risques-naturels_menu.jpg\" alt=\"\" width=\"450\" height=\"219\" \/><\/p>\n<h2 style=\"text-align: center; margin-top: 0px;\"><a href=\"https:\/\/navier-lab.fr\/en\/research\/geotechnique-cermes\/natural-hazards\/\">Natural hazards<\/a><\/h2>\n<p>\n<\/div><\/div><\/div><\/div><\/div><\/section><section class=\"kc-elm kc-css-216897 kc_row\"><div class=\"kc-row-container  kc-container\"><div class=\"kc-wrap-columns\"><div class=\"kc-elm kc-css-625605 kc_col-sm-6 kc_column kc_col-sm-6\"><div class=\"kc-col-container\"><div class=\"kc-elm kc-css-287271 kc_text_block\"><\/p>\n<p><img loading=\"lazy\" decoding=\"async\" class=\"size-full aligncenter\" src=\"https:\/\/navier-lab.fr\/wp-content\/uploads\/2020\/07\/ER-essais-geotechniques.jpg\" alt=\"\" width=\"450\" height=\"219\" \/><\/p>\n<h2 style=\"text-align: center; margin-top: 0px;\"><a href=\"https:\/\/navier-lab.fr\/en\/equipment-and-resources\/essais-geotechniques\/\">Geotechnical tests<\/a><\/h2>\n<p>\n<\/div><\/div><\/div><div class=\"kc-elm kc-css-786466 kc_col-sm-6 kc_column kc_col-sm-6\"><div class=\"kc-col-container\"><\/div><\/div><\/div><\/div><\/section><\/p>\n","protected":false},"excerpt":{"rendered":"","protected":false},"author":1,"featured_media":0,"parent":11646,"menu_order":0,"comment_status":"closed","ping_status":"closed","template":"","meta":{"_acf_changed":false,"footnotes":""},"class_list":["post-12292","page","type-page","status-publish","hentry"],"acf":[],"_links":{"self":[{"href":"https:\/\/navier-lab.fr\/en\/wp-json\/wp\/v2\/pages\/12292","targetHints":{"allow":["GET"]}}],"collection":[{"href":"https:\/\/navier-lab.fr\/en\/wp-json\/wp\/v2\/pages"}],"about":[{"href":"https:\/\/navier-lab.fr\/en\/wp-json\/wp\/v2\/types\/page"}],"author":[{"embeddable":true,"href":"https:\/\/navier-lab.fr\/en\/wp-json\/wp\/v2\/users\/1"}],"replies":[{"embeddable":true,"href":"https:\/\/navier-lab.fr\/en\/wp-json\/wp\/v2\/comments?post=12292"}],"version-history":[{"count":9,"href":"https:\/\/navier-lab.fr\/en\/wp-json\/wp\/v2\/pages\/12292\/revisions"}],"predecessor-version":[{"id":13185,"href":"https:\/\/navier-lab.fr\/en\/wp-json\/wp\/v2\/pages\/12292\/revisions\/13185"}],"up":[{"embeddable":true,"href":"https:\/\/navier-lab.fr\/en\/wp-json\/wp\/v2\/pages\/11646"}],"wp:attachment":[{"href":"https:\/\/navier-lab.fr\/en\/wp-json\/wp\/v2\/media?parent=12292"}],"curies":[{"name":"wp","href":"https:\/\/api.w.org\/{rel}","templated":true}]}}