{"id":12302,"date":"2020-07-30T10:05:50","date_gmt":"2020-07-30T08:05:50","guid":{"rendered":"http:\/\/navier-lab.fr\/?page_id=12302"},"modified":"2024-09-25T15:32:37","modified_gmt":"2024-09-25T13:32:37","slug":"materiaux-et-structures-architectures-msa","status":"publish","type":"page","link":"https:\/\/navier-lab.fr\/en\/research\/materiaux-et-structures-architectures-msa\/","title":{"rendered":"Architectured Materials and Structures"},"content":{"rendered":"<p><section class=\"kc-elm kc-css-279800 kc_row\"><div class=\"kc-row-container  kc-container\"><div class=\"kc-wrap-columns\"><div class=\"kc-elm kc-css-881389 kc_col-sm-12 kc_column kc_col-sm-12\"><div class=\"kc-col-container\"><div class=\"kc-elm kc-css-812527 kc_text_block\"><\/p>\n<p>The Architectured Materials and Structures team studies the mechanics and durability of materials and structures in civil engineering, cable networks, composite beams, plates, slabs, pavements, heterogeneous multilayers &#8230;<\/p>\n<p>Innovative, high-performance and sustainable construction concepts are also proposed and studied, through a rigorous evaluation of environmental impacts (Life Cycle Assessment). Prototypes are produced, involving new technologies related to digital transformation (3d printing, Robot-Oriented-Design).<\/p>\n<p>\n<\/div><\/div><\/div><\/div><\/div><\/section><section class=\"kc-elm kc-css-900449 kc_row\"><div class=\"kc-row-container  kc-container\"><div class=\"kc-wrap-columns\"><div class=\"kc-elm kc-css-105541 kc_col-sm-6 kc_column kc_col-sm-6\"><div class=\"kc-col-container\"><div class=\"kc-elm kc-css-698673 kc_text_block\"><\/p>\n<p><img loading=\"lazy\" decoding=\"async\" class=\"size-full aligncenter\" src=\"https:\/\/navier-lab.fr\/wp-content\/uploads\/2020\/07\/Mod\u00e9lisation-et-changements-d\u00e9chelle_menu2.jpg\" alt=\"\" width=\"450\" height=\"219\" \/><\/p>\n<h2 style=\"text-align: center; margin-top: 0px;\"><a href=\"https:\/\/navier-lab.fr\/en\/research\/materiaux-et-structures-architectures-msa\/modelisation-et-changements-dechelle\/\"> Mechanical modeling and up-scaling methods<\/a><\/h2>\n<p>\n<\/div><\/div><\/div><div class=\"kc-elm kc-css-627556 kc_col-sm-6 kc_column kc_col-sm-6\"><div class=\"kc-col-container\"><div class=\"kc-elm kc-css-801604 kc_text_block\"><\/p>\n<p><img loading=\"lazy\" decoding=\"async\" class=\"size-full aligncenter\" src=\"https:\/\/navier-lab.fr\/wp-content\/uploads\/2020\/07\/Structures-innovantes_menu2.jpg\" alt=\"\" width=\"450\" height=\"219\" \/><\/p>\n<h2 style=\"text-align: center; margin-top: 0px;\"><a href=\"https:\/\/navier-lab.fr\/en\/research\/materiaux-et-structures-architectures-msa\/structures-innovantes\/\">Innovative structures<\/a><\/h2>\n<p>\n<\/div><\/div><\/div><\/div><\/div><\/section><section class=\"kc-elm kc-css-218694 kc_row\"><div class=\"kc-row-container  kc-container\"><div class=\"kc-wrap-columns\"><div class=\"kc-elm kc-css-309909 kc_col-sm-6 kc_column kc_col-sm-6\"><div class=\"kc-col-container\"><div class=\"kc-elm kc-css-975867 kc_text_block\"><\/p>\n<p><img loading=\"lazy\" decoding=\"async\" class=\"size-full aligncenter\" src=\"https:\/\/navier-lab.fr\/wp-content\/uploads\/2020\/07\/Diagnostic-et-maintenance-des-ouvrages_menu3.jpg\" alt=\"\" width=\"450\" height=\"219\" \/><\/p>\n<h2 style=\"text-align: center; margin-top: 0px;\"><a href=\"https:\/\/navier-lab.fr\/en\/research\/materiaux-et-structures-architectures-msa\/diagnostic-et-maintenance-des-ouvrages\/\">Diagnosis and maintenance of structures<\/a><\/h2>\n<p>\n<\/div><\/div><\/div><div class=\"kc-elm kc-css-588342 kc_col-sm-6 kc_column kc_col-sm-6\"><div class=\"kc-col-container\"><div class=\"kc-elm kc-css-208854 kc_text_block\"><\/p>\n<p><img loading=\"lazy\" decoding=\"async\" class=\"alignnone size-full\" src=\"https:\/\/navier-lab.fr\/wp-content\/uploads\/2020\/11\/21466_une.jpg\" alt=\"\" width=\"616\" height=\"226\" \/><\/p>\n<h2 style=\"text-align: center; margin-top: 0px;\"><a href=\"https:\/\/navier-lab.fr\/en\/research\/materiaux-et-structures-architectures-msa\/conception-eco-orientee\/\">Eco-design<\/a><\/h2>\n<p>\n<\/div><\/div><\/div><\/div><\/div><\/section><section class=\"kc-elm kc-css-795999 kc_row\"><div class=\"kc-row-container  kc-container\"><div class=\"kc-wrap-columns\"><div class=\"kc-elm kc-css-949163 kc_col-sm-6 kc_column kc_col-sm-6\"><div class=\"kc-col-container\"><div class=\"kc-elm kc-css-414622 kc_text_block\"><\/p>\n<p><img loading=\"lazy\" decoding=\"async\" class=\"size-full aligncenter\" src=\"https:\/\/navier-lab.fr\/wp-content\/uploads\/2020\/07\/Nouveaux-proc\u00e9d\u00e9s-de-construction-num\u00e9rique_menu2.jpg\" alt=\"\" width=\"450\" height=\"219\" \/><\/p>\n<h2 style=\"text-align: center; margin-top: 0px;\"><a href=\"https:\/\/navier-lab.fr\/en\/research\/materiaux-et-structures-architectures-msa\/nouveaux-procedes-de-construction-numerique\/\">New digital construction processes<\/a><\/h2>\n<p>\n<\/div><\/div><\/div><div class=\"kc-elm kc-css-663993 kc_col-sm-6 kc_column kc_col-sm-6\"><div class=\"kc-col-container\"><div class=\"kc-elm kc-css-457230 kc_text_block\"><\/p>\n<p><img loading=\"lazy\" decoding=\"async\" class=\"size-full aligncenter\" src=\"https:\/\/navier-lab.fr\/wp-content\/uploads\/2020\/07\/Projets-structurants_menu2.jpg\" alt=\"\" width=\"450\" height=\"219\" \/><\/p>\n<h2 style=\"text-align: center; margin-top: 0px;\"><a href=\"https:\/\/navier-lab.fr\/en\/research\/materiaux-et-structures-architectures-msa\/projets-structurants\/\">Important projects<\/a><\/h2>\n<p>\n<\/div><\/div><\/div><\/div><\/div><\/section><\/p>\n","protected":false},"excerpt":{"rendered":"","protected":false},"author":1,"featured_media":0,"parent":11646,"menu_order":0,"comment_status":"closed","ping_status":"closed","template":"","meta":{"_acf_changed":false,"footnotes":""},"class_list":["post-12302","page","type-page","status-publish","hentry"],"acf":[],"_links":{"self":[{"href":"https:\/\/navier-lab.fr\/en\/wp-json\/wp\/v2\/pages\/12302","targetHints":{"allow":["GET"]}}],"collection":[{"href":"https:\/\/navier-lab.fr\/en\/wp-json\/wp\/v2\/pages"}],"about":[{"href":"https:\/\/navier-lab.fr\/en\/wp-json\/wp\/v2\/types\/page"}],"author":[{"embeddable":true,"href":"https:\/\/navier-lab.fr\/en\/wp-json\/wp\/v2\/users\/1"}],"replies":[{"embeddable":true,"href":"https:\/\/navier-lab.fr\/en\/wp-json\/wp\/v2\/comments?post=12302"}],"version-history":[{"count":21,"href":"https:\/\/navier-lab.fr\/en\/wp-json\/wp\/v2\/pages\/12302\/revisions"}],"predecessor-version":[{"id":17412,"href":"https:\/\/navier-lab.fr\/en\/wp-json\/wp\/v2\/pages\/12302\/revisions\/17412"}],"up":[{"embeddable":true,"href":"https:\/\/navier-lab.fr\/en\/wp-json\/wp\/v2\/pages\/11646"}],"wp:attachment":[{"href":"https:\/\/navier-lab.fr\/en\/wp-json\/wp\/v2\/media?parent=12302"}],"curies":[{"name":"wp","href":"https:\/\/api.w.org\/{rel}","templated":true}]}}