{"id":12304,"date":"2020-07-30T10:06:44","date_gmt":"2020-07-30T08:06:44","guid":{"rendered":"http:\/\/navier-lab.fr\/?page_id=12304"},"modified":"2020-11-19T11:43:53","modified_gmt":"2020-11-19T10:43:53","slug":"conception-eco-orientee","status":"publish","type":"page","link":"https:\/\/navier-lab.fr\/en\/research\/materiaux-et-structures-architectures-msa\/conception-eco-orientee\/","title":{"rendered":"Eco-design"},"content":{"rendered":"<p><section class=\"kc-elm kc-css-271672 kc_row\"><div class=\"kc-row-container  kc-container\"><div class=\"kc-wrap-columns\"><div class=\"kc-elm kc-css-841930 kc_col-sm-12 kc_column kc_col-sm-12\"><div class=\"kc-col-container\"><div class=\"kc-elm kc-css-167284 kc_text_block\"><\/p>\n<p style=\"text-align: right;\"><strong>Contact : <a href=\"https:\/\/navier-lab.fr\/equipe\/ferraille-adelaide\/\">Ad\u00e9la\u00efde Feraille<\/a><\/strong><\/p>\n<p>\n<\/div><div class=\"kc-elm kc-css-892479 kc_text_block\"><\/p>\n<p><span style=\"color: #800000;\"><strong><em>Olivier Baverel, Sabine Car\u00e9, Ad\u00e9la\u00efde Ferraille, Gilles Foret, Robert Le Roy, Honor\u00e9 Yin<\/em><\/strong><\/span><\/p>\n<p>Eco-design requires the integration of low-impact materials and processes, but also to be able to quantify these impacts. In this context, MSA has developed several projects based on the use of wood or other bio-based or natural materials in association with other more conventional ones, for use in structures and buildings; the idea beyound is to better take into account the complementarities from a mechanical and environmental point of view. In parallel, the team is working on the development of databases and LCA methodologies in line with national constructive methods.<\/p>\n<p>\n<\/div><\/div><\/div><\/div><\/div><\/section><section class=\"kc-elm kc-css-886549 kc_row\"><div class=\"kc-row-container  kc-container\"><div class=\"kc-wrap-columns\"><div class=\"kc-elm kc-css-698095 kc_col-sm-6 kc_column kc_col-sm-6\"><div class=\"kc-col-container\"><div class=\"kc-elm kc-css-167242 kc_text_block\"><\/p>\n<p><img loading=\"lazy\" decoding=\"async\" class=\"size-full aligncenter\" src=\"https:\/\/navier-lab.fr\/wp-content\/uploads\/2020\/07\/ACV_menu.jpg\" alt=\"\" width=\"450\" height=\"219\" \/><\/p>\n<h2 style=\"text-align: center; margin-top: 0px;\"><a href=\"\/la-recherche\/materiaux-et-structures-architectures-msa\/eco-conception\/methode-analyse-cycle-de-vie-acv\/\">Analyse de cycle de vie (ACV)<\/a><\/h2>\n<p>\n<\/div><\/div><\/div><div class=\"kc-elm kc-css-425716 kc_col-sm-6 kc_column kc_col-sm-6\"><div class=\"kc-col-container\"><div class=\"kc-elm kc-css-269688 kc_text_block\"><\/p>\n<p><img loading=\"lazy\" decoding=\"async\" class=\"size-full aligncenter\" src=\"https:\/\/navier-lab.fr\/wp-content\/uploads\/2020\/07\/Acoustique-urbaine-mettre-slash-bruit-des-pneumatiques_menu.jpg\" alt=\"\" width=\"450\" height=\"219\" \/><\/p>\n<h2 style=\"text-align: center; margin-top: 0px;\"><a href=\"\/la-recherche\/materiaux-et-structures-architectures-msa\/eco-conception\/acoustique-urbaine-bruits-pneumatiques\/\">Acoustique urbaine<br \/>\nbruit des pneumatiquescomposites<\/a><\/h2>\n<p>\n<\/div><\/div><\/div><\/div><\/div><\/section><section class=\"kc-elm kc-css-777129 kc_row\"><div class=\"kc-row-container  kc-container\"><div class=\"kc-wrap-columns\"><div class=\"kc-elm kc-css-517275 kc_col-sm-6 kc_column kc_col-sm-6\"><div class=\"kc-col-container\"><div class=\"kc-elm kc-css-716990 kc_text_block\"><\/p>\n<p><img loading=\"lazy\" decoding=\"async\" class=\"size-full aligncenter\" src=\"https:\/\/navier-lab.fr\/wp-content\/uploads\/2020\/07\/Materiaux-bois-et-bio-sourc\u00e9s_menu.jpg\" alt=\"\" width=\"450\" height=\"219\" \/><\/p>\n<h2 style=\"text-align: center; margin-top: 0px;\"><a href=\"\/la-recherche\/materiaux-et-structures-architectures-msa\/eco-conception\/materiaux-bois-bio-sources\/\">Mat\u00e9riaux bois et bio-sourc\u00e9s<\/a><\/h2>\n<p>\n<\/div><\/div><\/div><div class=\"kc-elm kc-css-996326 kc_col-sm-6 kc_column kc_col-sm-6\"><div class=\"kc-col-container\"><\/div><\/div><\/div><\/div><\/section><\/p>\n","protected":false},"excerpt":{"rendered":"","protected":false},"author":1,"featured_media":0,"parent":12302,"menu_order":0,"comment_status":"closed","ping_status":"closed","template":"","meta":{"_acf_changed":false,"footnotes":""},"class_list":["post-12304","page","type-page","status-publish","hentry"],"acf":[],"_links":{"self":[{"href":"https:\/\/navier-lab.fr\/en\/wp-json\/wp\/v2\/pages\/12304","targetHints":{"allow":["GET"]}}],"collection":[{"href":"https:\/\/navier-lab.fr\/en\/wp-json\/wp\/v2\/pages"}],"about":[{"href":"https:\/\/navier-lab.fr\/en\/wp-json\/wp\/v2\/types\/page"}],"author":[{"embeddable":true,"href":"https:\/\/navier-lab.fr\/en\/wp-json\/wp\/v2\/users\/1"}],"replies":[{"embeddable":true,"href":"https:\/\/navier-lab.fr\/en\/wp-json\/wp\/v2\/comments?post=12304"}],"version-history":[{"count":2,"href":"https:\/\/navier-lab.fr\/en\/wp-json\/wp\/v2\/pages\/12304\/revisions"}],"predecessor-version":[{"id":13156,"href":"https:\/\/navier-lab.fr\/en\/wp-json\/wp\/v2\/pages\/12304\/revisions\/13156"}],"up":[{"embeddable":true,"href":"https:\/\/navier-lab.fr\/en\/wp-json\/wp\/v2\/pages\/12302"}],"wp:attachment":[{"href":"https:\/\/navier-lab.fr\/en\/wp-json\/wp\/v2\/media?parent=12304"}],"curies":[{"name":"wp","href":"https:\/\/api.w.org\/{rel}","templated":true}]}}