{"id":12308,"date":"2020-07-30T10:08:16","date_gmt":"2020-07-30T08:08:16","guid":{"rendered":"http:\/\/navier-lab.fr\/?page_id=12308"},"modified":"2020-07-30T10:08:16","modified_gmt":"2020-07-30T08:08:16","slug":"la-methode-analyse-cycle-de-vie-acv","status":"publish","type":"page","link":"https:\/\/navier-lab.fr\/en\/research\/materiaux-et-structures-architectures-msa\/conception-eco-orientee\/la-methode-analyse-cycle-de-vie-acv\/","title":{"rendered":"La m\u00e9thode Analyse Cycle de Vie (ACV)"},"content":{"rendered":"<section class=\"kc-elm kc-css-307811 kc_row\"><div class=\"kc-row-container  kc-container\"><div class=\"kc-wrap-columns\"><div class=\"kc-elm kc-css-906258 kc_col-sm-12 kc_column kc_col-sm-12\"><div class=\"kc-col-container\"><div class=\"kc-elm kc-css-481929 kc_text_block\"><\/p>\n<p>Pour \u00eatre en mesure de qualifier les innovations propos\u00e9es, MSA participe au d\u00e9veloppement de la fiabilit\u00e9 des m\u00e9thodologies ACV (Analyse de Cycle de Vie) et \u00e0 l\u2019enrichissement des bases de donn\u00e9es, \u00e0 la fois par la recherche et l\u2019int\u00e9gration de donn\u00e9es de mat\u00e9riaux non conventionnels (composites, colle, mat\u00e9riaux biosourc\u00e9s) mais \u00e9galement par la prise en compte des sp\u00e9cificit\u00e9s nationales, tant sur les mat\u00e9riaux utilis\u00e9s que sur les m\u00e9thodes constructives.<\/p>\n<p>Elaboration d\u2019une base de donn\u00e9es d\u2019impacts environnementaux des mat\u00e9riaux pour les ouvrages de g\u00e9nie civil (DIOGEN)\u00a0<a href=\"http:\/\/www.diogen.fr\/\">http:\/\/www.diogen.fr\/<\/a><\/p>\n<p>Evaluation des impacts li\u00e9s \u00e0 la d\u00e9construction des b\u00e2timents (th\u00e8se de Raphael Bri\u00e8re soutenue en 2016)\u00a0<a href=\"http:\/\/www.theses.fr\/2016PESC1003\">http:\/\/www.theses.fr\/2016PESC1003<\/a><\/p>\n<p>Maintenance de structures routi\u00e8res : quels impacts en lien avec quelle maintenance ? (th\u00e8se Anne de Bortoli soutenue en d\u00e9cembre 2018)\u00a0<a href=\"http:\/\/www.chaire-eco-conception.org\/fr\/folders\/30-un-partenariat-de-recherche-pour-une-ville-plus-durable\">http:\/\/www.chaire-eco-conception.org\/fr\/folders\/30-un-partenariat-de-recherche-pour-une-ville-plus-durable<\/a><\/p>\n<p>La prise en main de l&#8217;ACV par les architectes cas d&#8217;\u00e9tude des fa\u00e7ades (th\u00e8se de Kateryna Kuzmencko)<\/p>\n<p>Prise en compte de la v\u00e9g\u00e9talisation en ACV (Julien Cravero)<\/p>\n<p>\n<\/div><\/div><\/div><\/div><\/div><\/section>\n","protected":false},"excerpt":{"rendered":"","protected":false},"author":1,"featured_media":0,"parent":12304,"menu_order":0,"comment_status":"closed","ping_status":"closed","template":"","meta":{"_acf_changed":false,"footnotes":""},"class_list":["post-12308","page","type-page","status-publish","hentry"],"acf":[],"_links":{"self":[{"href":"https:\/\/navier-lab.fr\/en\/wp-json\/wp\/v2\/pages\/12308","targetHints":{"allow":["GET"]}}],"collection":[{"href":"https:\/\/navier-lab.fr\/en\/wp-json\/wp\/v2\/pages"}],"about":[{"href":"https:\/\/navier-lab.fr\/en\/wp-json\/wp\/v2\/types\/page"}],"author":[{"embeddable":true,"href":"https:\/\/navier-lab.fr\/en\/wp-json\/wp\/v2\/users\/1"}],"replies":[{"embeddable":true,"href":"https:\/\/navier-lab.fr\/en\/wp-json\/wp\/v2\/comments?post=12308"}],"version-history":[{"count":1,"href":"https:\/\/navier-lab.fr\/en\/wp-json\/wp\/v2\/pages\/12308\/revisions"}],"predecessor-version":[{"id":12309,"href":"https:\/\/navier-lab.fr\/en\/wp-json\/wp\/v2\/pages\/12308\/revisions\/12309"}],"up":[{"embeddable":true,"href":"https:\/\/navier-lab.fr\/en\/wp-json\/wp\/v2\/pages\/12304"}],"wp:attachment":[{"href":"https:\/\/navier-lab.fr\/en\/wp-json\/wp\/v2\/media?parent=12308"}],"curies":[{"name":"wp","href":"https:\/\/api.w.org\/{rel}","templated":true}]}}