{"id":12310,"date":"2020-07-30T10:08:52","date_gmt":"2020-07-30T08:08:52","guid":{"rendered":"http:\/\/navier-lab.fr\/?page_id=12310"},"modified":"2020-07-30T10:08:52","modified_gmt":"2020-07-30T08:08:52","slug":"materiaux-bois-et-bio-sources","status":"publish","type":"page","link":"https:\/\/navier-lab.fr\/en\/research\/materiaux-et-structures-architectures-msa\/conception-eco-orientee\/materiaux-bois-et-bio-sources\/","title":{"rendered":"Mat\u00e9riaux bois et bio-sourc\u00e9s"},"content":{"rendered":"<p><section class=\"kc-elm kc-css-39117 kc_row\"><div class=\"kc-row-container  kc-container\"><div class=\"kc-wrap-columns\"><div class=\"kc-elm kc-css-986085 kc_col-sm-12 kc_column kc_col-sm-12\"><div class=\"kc-col-container\"><div class=\"kc-elm kc-css-583316 kc_text_block\"><\/p>\n<p>L\u2019\u00e9quipe MSA a inscrit dans ses recherches le mat\u00e9riau bois comme mat\u00e9riau alternatif pour la construction en r\u00e9alisant des \u00e9tudes sur le mat\u00e9riau bois ou sur des produits reconstitu\u00e9s, ainsi que sur des syst\u00e8mes de construction. Des essais \u00e0 diff\u00e9rentes \u00e9chelles, s\u2019appuyant notamment sur les grands \u00e9quipements du laboratoire, la mod\u00e9lisation et des propositions technologiques ont permis le d\u00e9veloppement de plusieurs projets et r\u00e9alisation selon 2 axes de recherche.<\/p>\n<p>\n<\/div><\/div><\/div><\/div><\/div><\/section><section class=\"kc-elm kc-css-395703 kc_row\"><div class=\"kc-row-container  kc-container\"><div class=\"kc-wrap-columns\"><div class=\"kc-elm kc-css-922242 kc_col-sm-12 kc_column kc_col-sm-12\"><div class=\"kc-col-container\">\n<div class=\"kc-elm kc-css-640222 kc-title-wrap \">\n\n\t<h2 class=\"kc_title\">AXE 1 : Propri\u00e9t\u00e9s physiques et m\u00e9caniques du bois ou produits reconstitu\u00e9s\r\n<\/h2>\n<\/div>\n<\/div><\/div><\/div><\/div><\/section><section class=\"kc-elm kc-css-122649 kc_row\"><div class=\"kc-row-container  kc-container\"><div class=\"kc-wrap-columns\"><div class=\"kc-elm kc-css-305134 kc_col-sm-12 kc_column kc_col-sm-12\"><div class=\"kc-col-container\"><div class=\"kc-elm kc-css-862407 kc_shortcode kc_single_image\">\n\n        <a rel=\"prettyPhoto\" class=\"kc-pretty-photo\" href=\"https:\/\/navier-lab.fr\/wp-content\/uploads\/2020\/07\/image-1-1024x395-1.png\" title=\"\" target=\"\">\n        <img decoding=\"async\" src=\"https:\/\/navier-lab.fr\/wp-content\/uploads\/2020\/07\/image-1-1024x395-1.png\" class=\"\" alt=\"\" \/>    <\/a>\n    <\/div>\n<div class=\"kc-elm kc-css-46192 kc_text_block\"><\/p>\n<p>Comportement hygrom\u00e9canique du bois, assemblages bois b\u00e9ton, B\u00e9tons de bois (th\u00e8ses de Louisa Loulou 2013, Abdessamad Akkaoui 2014, Marie Bonnet 2017, Nihal Ghanem en cours)<\/p>\n<p>\n<\/div><\/div><\/div><\/div><\/div><\/section><section class=\"kc-elm kc-css-318232 kc_row\"><div class=\"kc-row-container  kc-container\"><div class=\"kc-wrap-columns\"><div class=\"kc-elm kc-css-208555 kc_col-sm-12 kc_column kc_col-sm-12\"><div class=\"kc-col-container\"><div class=\"kc-elm kc-css-449817 kc_shortcode kc_single_image\">\n\n        <a rel=\"prettyPhoto\" class=\"kc-pretty-photo\" href=\"https:\/\/navier-lab.fr\/wp-content\/uploads\/2020\/07\/image-2-1024x375-1.png\" title=\"\" target=\"\">\n        <img decoding=\"async\" src=\"https:\/\/navier-lab.fr\/wp-content\/uploads\/2020\/07\/image-2-1024x375-1.png\" class=\"\" alt=\"\" \/>    <\/a>\n    <\/div>\n<div class=\"kc-elm kc-css-78524 kc_text_block\"><\/p>\n<p>Transfert dans le bois (Th\u00e8se de Meng Zhou, Post-doctorat de Dang Mao Nguyen)<\/p>\n<p>\n<\/div><\/div><\/div><\/div><\/div><\/section><section class=\"kc-elm kc-css-556381 kc_row\"><div class=\"kc-row-container  kc-container\"><div class=\"kc-wrap-columns\"><div class=\"kc-elm kc-css-556970 kc_col-sm-12 kc_column kc_col-sm-12\"><div class=\"kc-col-container\"><div class=\"kc-elm kc-css-790969 kc_shortcode kc_single_image\">\n\n        <a rel=\"prettyPhoto\" class=\"kc-pretty-photo\" href=\"https:\/\/navier-lab.fr\/wp-content\/uploads\/2020\/07\/Image-3.png\" title=\"\" target=\"\">\n        <img decoding=\"async\" src=\"https:\/\/navier-lab.fr\/wp-content\/uploads\/2020\/07\/Image-3.png\" class=\"\" alt=\"\" \/>    <\/a>\n    <\/div>\n<div class=\"kc-elm kc-css-783212 kc_text_block\"><\/p>\n<p>Comportement m\u00e9canique des produits CLT (Th\u00e8ses de Lorenzo Franzoni 2016, Olivier Perret 2017, Charlotte Lallemand en cours)<\/p>\n<p>\n<\/div><\/div><\/div><\/div><\/div><\/section><section class=\"kc-elm kc-css-322135 kc_row\"><div class=\"kc-row-container  kc-container\"><div class=\"kc-wrap-columns\"><div class=\"kc-elm kc-css-767386 kc_col-sm-12 kc_column kc_col-sm-12\"><div class=\"kc-col-container\">\n<div class=\"kc-elm kc-css-403832 kc-title-wrap \">\n\n\t<h2 class=\"kc_title\">AXE 2 : Structures en bois\r\n<\/h2>\n<\/div>\n<\/div><\/div><\/div><\/div><\/section><section class=\"kc-elm kc-css-853143 kc_row\"><div class=\"kc-row-container  kc-container\"><div class=\"kc-wrap-columns\"><div class=\"kc-elm kc-css-653881 kc_col-sm-12 kc_column kc_col-sm-12\"><div class=\"kc-col-container\"><div class=\"kc-elm kc-css-122425 kc_shortcode kc_single_image\">\n\n        <a rel=\"prettyPhoto\" class=\"kc-pretty-photo\" href=\"https:\/\/navier-lab.fr\/wp-content\/uploads\/2020\/07\/image-4.png\" title=\"\" target=\"\">\n        <img decoding=\"async\" src=\"https:\/\/navier-lab.fr\/wp-content\/uploads\/2020\/07\/image-4.png\" class=\"\" alt=\"\" \/>    <\/a>\n    <\/div>\n<div class=\"kc-elm kc-css-125628 kc_text_block\"><\/p>\n<p>Dalle Composite Bas Carbone DCBC<\/p>\n<p>\n<\/div><\/div><\/div><\/div><\/div><\/section><section class=\"kc-elm kc-css-243270 kc_row\"><div class=\"kc-row-container  kc-container\"><div class=\"kc-wrap-columns\"><div class=\"kc-elm kc-css-48899 kc_col-sm-12 kc_column kc_col-sm-12\"><div class=\"kc-col-container\"><div class=\"kc-elm kc-css-882175 kc_shortcode kc_single_image\">\n\n        <a rel=\"prettyPhoto\" class=\"kc-pretty-photo\" href=\"https:\/\/navier-lab.fr\/wp-content\/uploads\/2020\/07\/image-5-2.png\" title=\"\" target=\"\">\n        <img decoding=\"async\" src=\"https:\/\/navier-lab.fr\/wp-content\/uploads\/2020\/07\/image-5-2.png\" class=\"\" alt=\"\" \/>    <\/a>\n    <\/div>\n<div class=\"kc-elm kc-css-969293 kc_text_block\"><\/p>\n<p>Construire le courbe (2017)<\/p>\n<p>\n<\/div><\/div><\/div><\/div><\/div><\/section><\/p>\n","protected":false},"excerpt":{"rendered":"","protected":false},"author":1,"featured_media":0,"parent":12304,"menu_order":0,"comment_status":"closed","ping_status":"closed","template":"","meta":{"_acf_changed":false,"footnotes":""},"class_list":["post-12310","page","type-page","status-publish","hentry"],"acf":[],"_links":{"self":[{"href":"https:\/\/navier-lab.fr\/en\/wp-json\/wp\/v2\/pages\/12310","targetHints":{"allow":["GET"]}}],"collection":[{"href":"https:\/\/navier-lab.fr\/en\/wp-json\/wp\/v2\/pages"}],"about":[{"href":"https:\/\/navier-lab.fr\/en\/wp-json\/wp\/v2\/types\/page"}],"author":[{"embeddable":true,"href":"https:\/\/navier-lab.fr\/en\/wp-json\/wp\/v2\/users\/1"}],"replies":[{"embeddable":true,"href":"https:\/\/navier-lab.fr\/en\/wp-json\/wp\/v2\/comments?post=12310"}],"version-history":[{"count":1,"href":"https:\/\/navier-lab.fr\/en\/wp-json\/wp\/v2\/pages\/12310\/revisions"}],"predecessor-version":[{"id":12311,"href":"https:\/\/navier-lab.fr\/en\/wp-json\/wp\/v2\/pages\/12310\/revisions\/12311"}],"up":[{"embeddable":true,"href":"https:\/\/navier-lab.fr\/en\/wp-json\/wp\/v2\/pages\/12304"}],"wp:attachment":[{"href":"https:\/\/navier-lab.fr\/en\/wp-json\/wp\/v2\/media?parent=12310"}],"curies":[{"name":"wp","href":"https:\/\/api.w.org\/{rel}","templated":true}]}}