{"id":12318,"date":"2020-07-30T10:12:53","date_gmt":"2020-07-30T08:12:53","guid":{"rendered":"http:\/\/navier-lab.fr\/?page_id=12318"},"modified":"2020-11-19T11:35:59","modified_gmt":"2020-11-19T10:35:59","slug":"renforcement-par-composites","status":"publish","type":"page","link":"https:\/\/navier-lab.fr\/en\/research\/materiaux-et-structures-architectures-msa\/diagnostic-et-maintenance-des-ouvrages\/renforcement-par-composites\/","title":{"rendered":"Reinforcement by composites"},"content":{"rendered":"<section class=\"kc-elm kc-css-957769 kc_row\"><div class=\"kc-row-container  kc-container\"><div class=\"kc-wrap-columns\"><div class=\"kc-elm kc-css-601891 kc_col-sm-12 kc_column kc_col-sm-12\"><div class=\"kc-col-container\"><div class=\"kc-elm kc-css-24696 kc_text_block\"><\/p>\n<p><strong>En construction<\/strong><\/p>\n<p>\n<\/div><div class=\"kc-elm kc-css-14361 kc_shortcode kc_single_image\">\n\n        <img decoding=\"async\" src=\"https:\/\/navier-lab.fr\/wp-content\/uploads\/2020\/07\/lam\u00e9l\u00e9-coll\u00e9-renforc\u00e9.jpg\" class=\"\" alt=\"\" \/>    <\/div>\n<div class=\"kc-elm kc-css-524653 kc_text_block\"><\/p>\n<p>Essai sur du lamell\u00e9-coll\u00e9 renforc\u00e9 par du carbone-epoxy<\/p>\n<p>\n<\/div><\/div><\/div><\/div><\/div><\/section>\n","protected":false},"excerpt":{"rendered":"","protected":false},"author":1,"featured_media":0,"parent":12312,"menu_order":0,"comment_status":"closed","ping_status":"closed","template":"","meta":{"_acf_changed":false,"footnotes":""},"class_list":["post-12318","page","type-page","status-publish","hentry"],"acf":[],"_links":{"self":[{"href":"https:\/\/navier-lab.fr\/en\/wp-json\/wp\/v2\/pages\/12318","targetHints":{"allow":["GET"]}}],"collection":[{"href":"https:\/\/navier-lab.fr\/en\/wp-json\/wp\/v2\/pages"}],"about":[{"href":"https:\/\/navier-lab.fr\/en\/wp-json\/wp\/v2\/types\/page"}],"author":[{"embeddable":true,"href":"https:\/\/navier-lab.fr\/en\/wp-json\/wp\/v2\/users\/1"}],"replies":[{"embeddable":true,"href":"https:\/\/navier-lab.fr\/en\/wp-json\/wp\/v2\/comments?post=12318"}],"version-history":[{"count":2,"href":"https:\/\/navier-lab.fr\/en\/wp-json\/wp\/v2\/pages\/12318\/revisions"}],"predecessor-version":[{"id":13150,"href":"https:\/\/navier-lab.fr\/en\/wp-json\/wp\/v2\/pages\/12318\/revisions\/13150"}],"up":[{"embeddable":true,"href":"https:\/\/navier-lab.fr\/en\/wp-json\/wp\/v2\/pages\/12312"}],"wp:attachment":[{"href":"https:\/\/navier-lab.fr\/en\/wp-json\/wp\/v2\/media?parent=12318"}],"curies":[{"name":"wp","href":"https:\/\/api.w.org\/{rel}","templated":true}]}}