{"id":12320,"date":"2020-07-30T10:14:28","date_gmt":"2020-07-30T08:14:28","guid":{"rendered":"http:\/\/navier-lab.fr\/?page_id=12320"},"modified":"2024-11-18T21:57:09","modified_gmt":"2024-11-18T20:57:09","slug":"modelisation-et-changements-dechelle","status":"publish","type":"page","link":"https:\/\/navier-lab.fr\/en\/research\/materiaux-et-structures-architectures-msa\/modelisation-et-changements-dechelle\/","title":{"rendered":"Mechanical modeling and up-scaling methods"},"content":{"rendered":"<p><section class=\"kc-elm kc-css-566603 kc_row\"><div class=\"kc-row-container  kc-container\"><div class=\"kc-wrap-columns\"><div class=\"kc-elm kc-css-601458 kc_col-sm-12 kc_column kc_col-sm-12\"><div class=\"kc-col-container\"><div class=\"kc-elm kc-css-249777 kc_text_block\"><\/p>\n<p style=\"text-align: right;\"><strong>Contact : <a href=\"\/equipe\/lebee-arthur\/\">Arthur Leb\u00e9e<\/a><\/strong><\/p>\n<p>\n<\/div><div class=\"kc-elm kc-css-85766 kc_text_block\"><\/p>\n<p>\n<span style=\"color: #800000;\"><strong><em>Jeremy Bleyer, Jean-fran\u00e7ois Caron, Denis Duhamel, Arthur Leb\u00e9e, Micka\u00ebl Peigney, Karam Sab<\/em><\/strong><\/span><\/p>\n<div>MSA team has a broad expertise in model reduction, numerical modeling, upscaling methods and advanced constitutive laws. These various techniques are applied to advanced structural modeling, and complex civil engineering materials in support of the team\u2019s project.<\/div>\n<p>\n<\/div><\/div><\/div><\/div><\/div><\/section><section class=\"kc-elm kc-css-647232 kc_row\"><div class=\"kc-row-container  kc-container\"><div class=\"kc-wrap-columns\"><div class=\"kc-elm kc-css-733590 kc_col-sm-6 kc_column kc_col-sm-6\"><div class=\"kc-col-container\"><div class=\"kc-elm kc-css-393255 kc_text_block\"><\/p>\n<p>\n<img loading=\"lazy\" decoding=\"async\" class=\"size-full aligncenter\" src=\"https:\/\/navier-lab.fr\/wp-content\/uploads\/2020\/07\/Mat\u00e9riaux-architectur\u00e9s_menu.jpg\" alt=\"\" width=\"450\" height=\"219\" \/><\/p>\n<h2 style=\"text-align: center; margin-top: 0px;\"><a href=\"https:\/\/navier-lab.fr\/en\/research\/materiaux-et-structures-architectures-msa\/modelisation-et-changements-dechelle\/materiaux-architectures\/\">Architectured materials<\/a><\/h2>\n<p>\n<\/div><\/div><\/div><div class=\"kc-elm kc-css-998937 kc_col-sm-6 kc_column kc_col-sm-6\"><div class=\"kc-col-container\"><div class=\"kc-elm kc-css-609750 kc_text_block\"><\/p>\n<p><img loading=\"lazy\" decoding=\"async\" class=\"size-full aligncenter\" src=\"https:\/\/navier-lab.fr\/wp-content\/uploads\/2020\/07\/M\u00e9thodes-num\u00e9riques-innovantes-pour-le-calcul-des-structures_menu.jpg\" alt=\"\" width=\"450\" height=\"219\" \/><\/p>\n<h2 style=\"text-align: center; margin-top: 0px;\"><a href=\"https:\/\/navier-lab.fr\/en\/research\/materiaux-et-structures-architectures-msa\/computational-methods-for-structural-engineering\/\">Structural Analysis<\/a><\/h2>\n<p>\n<\/div><\/div><\/div><\/div><\/div><\/section><section class=\"kc-elm kc-css-680251 kc_row\"><div class=\"kc-row-container  kc-container\"><div class=\"kc-wrap-columns\"><div class=\"kc-elm kc-css-673474 kc_col-sm-6 kc_column kc_col-sm-6\"><div class=\"kc-col-container\"><div class=\"kc-elm kc-css-710574 kc_text_block\"><\/p>\n<p>\n<img loading=\"lazy\" decoding=\"async\" class=\"size-full aligncenter\" src=\"https:\/\/navier-lab.fr\/wp-content\/uploads\/2020\/07\/mod\u00e9lisation-avanc\u00e9es-des-lois-de-comportement_menu-1.jpg\" alt=\"\" width=\"450\" height=\"219\" \/><\/p>\n<h2 style=\"text-align: center; margin-top: 0px;\"><a href=\"\/la-recherche\/materiaux-et-structures-architectures-msa\/modelisation-et-changements-dechelle\/modelisation-avancee-lois-de-comportement\/\">Advanced modelling of constitutive laws<\/a><\/h2>\n<p>\n<\/div><\/div><\/div><div class=\"kc-elm kc-css-806340 kc_col-sm-6 kc_column kc_col-sm-6\"><div class=\"kc-col-container\"><div class=\"kc-elm kc-css-77430 kc_text_block\"><\/p>\n<p>\n<img loading=\"lazy\" decoding=\"async\" class=\"size-full aligncenter\" src=\"https:\/\/navier-lab.fr\/wp-content\/uploads\/2020\/07\/R\u00e9duction-de-mod\u00e8les-en-dynamique_menu.jpg\" alt=\"\" width=\"450\" height=\"219\" \/><\/p>\n<h2 style=\"text-align: center; margin-top: 0px;\"><a href=\"\/la-recherche\/materiaux-et-structures-architectures-msa\/modelisation-et-changements-dechelle\/reduction-de-modele-dynamique\/\">Model reduction in dynamics<\/a><\/h2>\n<p>\n<\/div><\/div><\/div><\/div><\/div><\/section><section class=\"kc-elm kc-css-797813 kc_row\"><div class=\"kc-row-container  kc-container\"><div class=\"kc-wrap-columns\"><div class=\"kc-elm kc-css-373761 kc_col-sm-6 kc_column kc_col-sm-6\"><div class=\"kc-col-container\"><div class=\"kc-elm kc-css-387885 kc_text_block\"><\/p>\n<p>\n<img loading=\"lazy\" decoding=\"async\" class=\"size-full aligncenter\" src=\"https:\/\/navier-lab.fr\/wp-content\/uploads\/2020\/07\/Mod\u00e8les-multicouches_menu.jpg\" alt=\"\" width=\"450\" height=\"219\" \/><\/p>\n<h2 style=\"text-align: center; margin-top: 0px;\"><a href=\"\/la-recherche\/materiaux-et-structures-architectures-msa\/modelisation-et-changements-dechelle\/modeles-multicouches\/\">Layerwize plate models<\/a><\/h2>\n<p>\n<\/div><\/div><\/div><div class=\"kc-elm kc-css-553596 kc_col-sm-6 kc_column kc_col-sm-6\"><div class=\"kc-col-container\"><div class=\"kc-elm kc-css-317298 kc_text_block\"><\/p>\n<p>\n<img loading=\"lazy\" decoding=\"async\" class=\"size-full aligncenter\" src=\"https:\/\/navier-lab.fr\/wp-content\/uploads\/2020\/07\/Structures-en-maconneries_menu.jpg\" alt=\"\" width=\"450\" height=\"219\" \/><\/p>\n<h2 style=\"text-align: center; margin-top: 0px;\"><a href=\"\/la-recherche\/materiaux-et-structures-architectures-msa\/modelisation-et-changements-dechelle\/structures-en-maconnerie\/\">Masonry<\/a><\/h2>\n<p>\n<\/div><\/div><\/div><\/div><\/div><\/section><\/p>\n","protected":false},"excerpt":{"rendered":"","protected":false},"author":1,"featured_media":0,"parent":12302,"menu_order":0,"comment_status":"closed","ping_status":"closed","template":"","meta":{"_acf_changed":false,"footnotes":""},"class_list":["post-12320","page","type-page","status-publish","hentry"],"acf":[],"_links":{"self":[{"href":"https:\/\/navier-lab.fr\/en\/wp-json\/wp\/v2\/pages\/12320","targetHints":{"allow":["GET"]}}],"collection":[{"href":"https:\/\/navier-lab.fr\/en\/wp-json\/wp\/v2\/pages"}],"about":[{"href":"https:\/\/navier-lab.fr\/en\/wp-json\/wp\/v2\/types\/page"}],"author":[{"embeddable":true,"href":"https:\/\/navier-lab.fr\/en\/wp-json\/wp\/v2\/users\/1"}],"replies":[{"embeddable":true,"href":"https:\/\/navier-lab.fr\/en\/wp-json\/wp\/v2\/comments?post=12320"}],"version-history":[{"count":8,"href":"https:\/\/navier-lab.fr\/en\/wp-json\/wp\/v2\/pages\/12320\/revisions"}],"predecessor-version":[{"id":18392,"href":"https:\/\/navier-lab.fr\/en\/wp-json\/wp\/v2\/pages\/12320\/revisions\/18392"}],"up":[{"embeddable":true,"href":"https:\/\/navier-lab.fr\/en\/wp-json\/wp\/v2\/pages\/12302"}],"wp:attachment":[{"href":"https:\/\/navier-lab.fr\/en\/wp-json\/wp\/v2\/media?parent=12320"}],"curies":[{"name":"wp","href":"https:\/\/api.w.org\/{rel}","templated":true}]}}