{"id":12334,"date":"2020-07-30T10:24:05","date_gmt":"2020-07-30T08:24:05","guid":{"rendered":"http:\/\/navier-lab.fr\/?page_id=12334"},"modified":"2024-07-31T17:09:59","modified_gmt":"2024-07-31T15:09:59","slug":"new-digital-construction-processes","status":"publish","type":"page","link":"https:\/\/navier-lab.fr\/en\/research\/materiaux-et-structures-architectures-msa\/new-digital-construction-processes\/","title":{"rendered":"New digital construction processes"},"content":{"rendered":"<p><section class=\"kc-elm kc-css-854044 kc_row\"><div class=\"kc-row-container  kc-container\"><div class=\"kc-wrap-columns\"><div class=\"kc-elm kc-css-860518 kc_col-sm-12 kc_column kc_col-sm-12\"><div class=\"kc-col-container\"><div class=\"kc-elm kc-css-443282 kc_text_block\"><\/p>\n<p style=\"text-align: right;\"><strong>Contact : <a href=\"\/equipe\/caron-jean-francois\/\">Jean-Fran\u00e7ois Caron<\/a><\/strong><\/p>\n<p>\n<\/div><div class=\"kc-elm kc-css-539938 kc_text_block\"><\/p>\n<p>\n<span style=\"color: #800000;\"><strong><em>Olivier Baverel, Jean-fran\u00e7ois Caron, Cyril Douthe, Romain Mesnil<\/em><\/strong><\/span><\/p>\n<p>After radically transforming the worlds of design and manufacturing in areas such as automotive and aeronautics, digital technology is set to impact the construction field. The MSA team is strongly positioned around 3d printing and robotic construction topics. Research is organized around the Build&#8217;In technological platform, integrating 3 large 6-axis robots (2.5m range), for 3D manufacturing and more broadly for Robot Oriented Design. Several academic (Imagine laboratory on Vision and Artificial Intelligence for example) and industrial partners are already supporting this research, and a regional Sesame Build&#8217;In + project to structure the sector is in place.<\/p>\n<p>\n<\/div><\/div><\/div><\/div><\/div><\/section><section class=\"kc-elm kc-css-277695 kc_row\"><div class=\"kc-row-container  kc-container\"><div class=\"kc-wrap-columns\"><div class=\"kc-elm kc-css-374693 kc_col-sm-6 kc_column kc_col-sm-6\"><div class=\"kc-col-container\"><div class=\"kc-elm kc-css-550678 kc_text_block\"><\/p>\n<p>\n<img loading=\"lazy\" decoding=\"async\" class=\"size-full aligncenter\" src=\"https:\/\/navier-lab.fr\/wp-content\/uploads\/2020\/07\/Nouveaux-proc\u00e9d\u00e9s-de-construction-num\u00e9rique_menu2.jpg\" alt=\"\" width=\"450\" height=\"219\" \/><\/p>\n<h2 style=\"text-align: center; margin-top: 0px;\"><a href=\"https:\/\/navier-lab.fr\/en\/research\/materiaux-et-structures-architectures-msa\/nouveaux-procedes-de-construction-numerique\/beton-3d\/\">3D concrete printing<\/a><\/h2>\n<p>\n<\/div><\/div><\/div><div class=\"kc-elm kc-css-786038 kc_col-sm-6 kc_column kc_col-sm-6\"><div class=\"kc-col-container\"><div class=\"kc-elm kc-css-446266 kc_text_block\"><\/p>\n<p>\n<img loading=\"lazy\" decoding=\"async\" class=\"size-full aligncenter\" src=\"https:\/\/navier-lab.fr\/wp-content\/uploads\/2020\/07\/Projets-structurants_menu2.jpg\" alt=\"\" width=\"450\" height=\"219\" \/><\/p>\n<h2 style=\"text-align: center; margin-top: 0px;\"><a href=\"https:\/\/navier-lab.fr\/en\/research\/materiaux-et-structures-architectures-msa\/nouveaux-procedes-de-construction-numerique\/manipulation-et-usinage-robotise\/\">Robotized handling and machining<\/a><\/h2>\n<p>\n<\/div><\/div><\/div><\/div><\/div><\/section><\/p>\n","protected":false},"excerpt":{"rendered":"","protected":false},"author":1,"featured_media":0,"parent":12302,"menu_order":0,"comment_status":"closed","ping_status":"closed","template":"","meta":{"_acf_changed":false,"footnotes":""},"class_list":["post-12334","page","type-page","status-publish","hentry"],"acf":[],"_links":{"self":[{"href":"https:\/\/navier-lab.fr\/en\/wp-json\/wp\/v2\/pages\/12334","targetHints":{"allow":["GET"]}}],"collection":[{"href":"https:\/\/navier-lab.fr\/en\/wp-json\/wp\/v2\/pages"}],"about":[{"href":"https:\/\/navier-lab.fr\/en\/wp-json\/wp\/v2\/types\/page"}],"author":[{"embeddable":true,"href":"https:\/\/navier-lab.fr\/en\/wp-json\/wp\/v2\/users\/1"}],"replies":[{"embeddable":true,"href":"https:\/\/navier-lab.fr\/en\/wp-json\/wp\/v2\/comments?post=12334"}],"version-history":[{"count":7,"href":"https:\/\/navier-lab.fr\/en\/wp-json\/wp\/v2\/pages\/12334\/revisions"}],"predecessor-version":[{"id":16952,"href":"https:\/\/navier-lab.fr\/en\/wp-json\/wp\/v2\/pages\/12334\/revisions\/16952"}],"up":[{"embeddable":true,"href":"https:\/\/navier-lab.fr\/en\/wp-json\/wp\/v2\/pages\/12302"}],"wp:attachment":[{"href":"https:\/\/navier-lab.fr\/en\/wp-json\/wp\/v2\/media?parent=12334"}],"curies":[{"name":"wp","href":"https:\/\/api.w.org\/{rel}","templated":true}]}}