{"id":12340,"date":"2020-07-30T10:26:31","date_gmt":"2020-07-30T08:26:31","guid":{"rendered":"http:\/\/navier-lab.fr\/?page_id=12340"},"modified":"2020-09-09T10:34:27","modified_gmt":"2020-09-09T08:34:27","slug":"projets-structurants","status":"publish","type":"page","link":"https:\/\/navier-lab.fr\/en\/research\/materiaux-et-structures-architectures-msa\/projets-structurants\/","title":{"rendered":"Projets structurants"},"content":{"rendered":"<p><section data-kc-equalheight=\"true\" data-kc-equalheight-align=\"middle\" class=\"kc-elm kc-css-12379 kc_row\"><div class=\"kc-row-container  kc-container\"><div class=\"kc-wrap-columns\"><div class=\"kc-elm kc-css-953230 kc_col-sm-3 kc_column kc_col-sm-3\"><div class=\"kc-col-container\"><div class=\"kc-elm kc-css-840551 kc_text_block\"><\/p>\n<p><a href=\"#archimatos\"><img loading=\"lazy\" decoding=\"async\" class=\"size-full aligncenter\" src=\"https:\/\/navier-lab.fr\/wp-content\/uploads\/2020\/07\/admin-ajax-150x68-1.gif\" alt=\"\" width=\"150\" height=\"68\" \/><\/a><\/p>\n<p>\n<\/div><\/div><\/div><div class=\"kc-elm kc-css-380802 kc_col-sm-3 kc_column kc_col-sm-3\"><div class=\"kc-col-container\"><div class=\"kc-elm kc-css-806674 kc_text_block\"><\/p>\n<p><a href=\"#buildin\"><img loading=\"lazy\" decoding=\"async\" class=\"size-full aligncenter\" src=\"https:\/\/navier-lab.fr\/wp-content\/uploads\/2020\/07\/buildin-150x39-1.png\" alt=\"\" width=\"150\" height=\"39\" \/><\/a><\/p>\n<p>\n<\/div><\/div><\/div><div class=\"kc-elm kc-css-588044 kc_col-sm-3 kc_column kc_col-sm-3\"><div class=\"kc-col-container\"><div class=\"kc-elm kc-css-287702 kc_text_block\"><\/p>\n<p><a href=\"#dixite\"><img loading=\"lazy\" decoding=\"async\" class=\"size-full aligncenter\" src=\"https:\/\/navier-lab.fr\/wp-content\/uploads\/2020\/07\/dixite-150x137-1.png\" alt=\"\" width=\"150\" height=\"137\" \/><\/a><\/p>\n<p>\n<\/div><\/div><\/div><div class=\"kc-elm kc-css-39659 kc_col-sm-3 kc_column kc_col-sm-3\"><div class=\"kc-col-container\"><div class=\"kc-elm kc-css-830488 kc_text_block\"><\/p>\n<p><a href=\"#thinkshell\"><img loading=\"lazy\" decoding=\"async\" class=\"size-full aligncenter\" src=\"https:\/\/navier-lab.fr\/wp-content\/uploads\/2020\/07\/thinkshell.png\" alt=\"\" width=\"150\" height=\"150\" \/><\/a><\/p>\n<p>\n<\/div><\/div><\/div><\/div><\/div><\/section><section id=\"archimatos\" class=\"kc-elm kc-css-380532 kc_row\"><div class=\"kc-row-container  kc-container\"><div class=\"kc-wrap-columns\"><div class=\"kc-elm kc-css-195933 kc_col-sm-12 kc_column kc_col-sm-12\"><div class=\"kc-col-container\"><div class=\"kc-elm kc-css-366728\" style=\"height: 65px; clear: both; width:100%;\"><\/div><div class=\"kc-elm kc-css-410922 border-top-a-e6e6e6\" style=\"height: 65px; clear: both; width:100%;\"><\/div><\/div><\/div><\/div><\/div><\/section><section class=\"kc-elm kc-css-942945 kc_row\"><div class=\"kc-row-container  kc-container\"><div class=\"kc-wrap-columns\"><div class=\"kc-elm kc-css-264088 kc_col-sm-12 kc_column kc_col-sm-12\"><div class=\"kc-col-container\"><div class=\"kc-elm kc-css-411230 kc_text_block\"><\/p>\n<h2>ANR Project on Architectured Materials: <a href=\"https:\/\/anr.fr\/Project-ANR-17-CE08-0039\">ArchiMatHOS<\/a> (2018-2022)<\/h2>\n<p><img loading=\"lazy\" decoding=\"async\" class=\"alignnone size-full\" src=\"https:\/\/navier-lab.fr\/wp-content\/uploads\/2018\/10\/Logo1-300x135-1.gif\" alt=\"\" width=\"300\" height=\"135\" \/><\/p>\n<p><em>\u201cArchitectured materials designed with higher-order homogenization\u201d<\/em><\/p>\n<p>The primary objective of this project is to generate new architectured materials featuring non-standard properties by means of higher-order asymptotic homogenization techniques and topology optimization procedures. The team involves the following lab: <a href=\"http:\/\/www.univ-tln.fr\/Institut-de-Mathematiques-de-Toulon-IMATH.html\">Imath<\/a>, <a href=\"http:\/\/www.iecl.univ-lorraine.fr\/\">Institut Elie Cartan<\/a>, <a href=\"http:\/\/msme.u-pem.fr\/\">MSME<\/a>, <a href=\"http:\/\/www.lem3.univ-lorraine.fr\/\">LEM3<\/a>, <a href=\"https:\/\/www.lncc.br\/\">LNCC<\/a><\/p>\n<p>\n<\/div><\/div><\/div><\/div><\/div><\/section><section id=\"buildin\" class=\"kc-elm kc-css-844459 kc_row\"><div class=\"kc-row-container  kc-container\"><div class=\"kc-wrap-columns\"><div class=\"kc-elm kc-css-395433 kc_col-sm-12 kc_column kc_col-sm-12\"><div class=\"kc-col-container\"><div class=\"kc-elm kc-css-613855\" style=\"height: 65px; clear: both; width:100%;\"><\/div><div class=\"kc-elm kc-css-141640 border-top-a-e6e6e6\" style=\"height: 65px; clear: both; width:100%;\"><\/div><\/div><\/div><\/div><\/div><\/section><section class=\"kc-elm kc-css-697901 kc_row\"><div class=\"kc-row-container  kc-container\"><div class=\"kc-wrap-columns\"><div class=\"kc-elm kc-css-706814 kc_col-sm-12 kc_column kc_col-sm-12\"><div class=\"kc-col-container\"><div class=\"kc-elm kc-css-647009 kc_text_block\"><\/p>\n<h2>Build\u2019In+<\/h2>\n<p><img loading=\"lazy\" decoding=\"async\" class=\"alignnone size-full\" src=\"https:\/\/navier-lab.fr\/wp-content\/uploads\/2020\/07\/1802-19-BuildinPlus-150_FondBlanc-1-300x78-1.png\" alt=\"\" width=\"300\" height=\"78\" \/><\/p>\n<p align=\"justify\">l\u2019Ecole des Ponts ParisTech a lanc\u00e9 en 2017 une plateforme technologique : la plateforme Build\u2019in. Cette plateforme qui fait partie du Co-Innovation Lab des Ponts, est destin\u00e9e \u00e0 offrir un cadre sp\u00e9cifique pour des actions partenariales de Recherche et D\u00e9veloppement ou de transfert technologique \u00e0 destination des acad\u00e9miques, entreprises et diff\u00e9rents acteurs \u00e9conomiques qui s\u2019emploient ou s\u2019emploieront \u00e0 construire et maintenir la ville de demain gr\u00e2ce \u00e0 des proc\u00e9d\u00e9s num\u00e9riques et automatis\u00e9s, robotiis\u00e9s. Cette plateforme dot\u00e9e d\u2019un premier niveau d\u2019\u00e9quipement de pointe et servie par les experts de l\u2019Ecole des Ponts ParisTech dans les domaines de la conception et la m\u00e9canique des structures, la rationalisation de g\u00e9om\u00e9tries complexes, la vision par ordinateur.<\/p>\n<p align=\"justify\">Build\u2019In, vient d\u2019\u00eatre compl\u00e9t\u00e9e par Build\u2019In+ un dispositif de valorisation financ\u00e9 gr\u00e2ce \u00e0 un AAP S\u00e9same BPI , afin d\u2019offrir une gamme de services pertinents au profit des diff\u00e9rents acteurs de la fili\u00e8re BTP. L\u2019ambition port\u00e9e au travers du d\u00e9veloppement de cette plateforme serait d\u2019influencer in-fine les orientations et la structuration de la fili\u00e8re BTP, au profit de l\u2019int\u00e9gration au sein de celle-ci de la r\u00e9volution num\u00e9rique.<\/p>\n<p>\n<\/div><\/div><\/div><\/div><\/div><\/section><section id=\"dixite\" class=\"kc-elm kc-css-93078 kc_row\"><div class=\"kc-row-container  kc-container\"><div class=\"kc-wrap-columns\"><div class=\"kc-elm kc-css-654783 kc_col-sm-12 kc_column kc_col-sm-12\"><div class=\"kc-col-container\"><div class=\"kc-elm kc-css-955812\" style=\"height: 65px; clear: both; width:100%;\"><\/div><div class=\"kc-elm kc-css-278698 border-top-a-e6e6e6\" style=\"height: 65px; clear: both; width:100%;\"><\/div><\/div><\/div><\/div><\/div><\/section><section class=\"kc-elm kc-css-849449 kc_row\"><div class=\"kc-row-container  kc-container\"><div class=\"kc-wrap-columns\"><div class=\"kc-elm kc-css-460175 kc_col-sm-12 kc_column kc_col-sm-12\"><div class=\"kc-col-container\"><div class=\"kc-elm kc-css-856185 kc_text_block\"><\/p>\n<h2>DiXite project<\/h2>\n<p><img loading=\"lazy\" decoding=\"async\" class=\"alignnone size-full\" src=\"https:\/\/navier-lab.fr\/wp-content\/uploads\/2020\/07\/DixiteNoir-ShortLogo-Small-150-200x182-1.png\" alt=\"\" width=\"200\" height=\"182\" \/><\/p>\n<p align=\"justify\">Initiated in 2018, DiXite is part of I-SITE FUTURE, a French initiative to answer the challenges of the sustainable city. The DiXite project focuses on the construction site. It acts as a hub for developing pluridisciplinar research around construction scenarios in which automated and digitised processes are used to construct and maintain the city of tomorrow. the DiXite project is partnered with Navier, LIGM, LATTS and Lab\u2019Urba Laboratories, CNRS, Ecole des Ponts ParisTech, ENSG, IFSTTAR, ESIEE Paris, EIVP, UPEM and EAVT. These institutions cover a wide range of expertise: structural engineering, computer science, humanities and social sciences, materials science, geophysics, architecture, positioning, robotics and control engineering. Industrial partners are also involved : CSTB, Vinci Construction, HAL Robotics and XtreeE.<\/p>\n<p align=\"justify\">How to automate one of the last low-qualification job sector without causing human problems, or developing new trades and new jobs? How do we shift indoor industrial technologies to the construction site? How do we build tomorrow\u2019s sustainable habitat? The models and tools are available, there is convergence between industrial and academic interests, and demonstration prototypes will be produced<\/p>\n<p>\n<\/div><\/div><\/div><\/div><\/div><\/section><section id=\"thinkshell\" class=\"kc-elm kc-css-151136 kc_row\"><div class=\"kc-row-container  kc-container\"><div class=\"kc-wrap-columns\"><div class=\"kc-elm kc-css-209975 kc_col-sm-12 kc_column kc_col-sm-12\"><div class=\"kc-col-container\"><div class=\"kc-elm kc-css-32539\" style=\"height: 65px; clear: both; width:100%;\"><\/div><div class=\"kc-elm kc-css-301307 border-top-a-e6e6e6\" style=\"height: 65px; clear: both; width:100%;\"><\/div><\/div><\/div><\/div><\/div><\/section><section class=\"kc-elm kc-css-373558 kc_row\"><div class=\"kc-row-container  kc-container\"><div class=\"kc-wrap-columns\"><div class=\"kc-elm kc-css-491354 kc_col-sm-12 kc_column kc_col-sm-12\"><div class=\"kc-col-container\"><div class=\"kc-elm kc-css-242422 kc_text_block\"><\/p>\n<h2>THINkSHELL<\/h2>\n<p><img loading=\"lazy\" decoding=\"async\" class=\"alignnone size-full\" src=\"https:\/\/navier-lab.fr\/wp-content\/uploads\/2020\/07\/THINkSHELL_logo_web_noir-1x.png\" alt=\"\" width=\"120\" height=\"120\" \/><\/p>\n<p align=\"justify\">The THINkSHELL project was initiated by members of the \u201cArchitectured Materials and Structures\u201d team of the laboratoire Navier, with fruitful collaborations with partners lab, as the laboratoire d\u2019Analyse et de Math\u00e9matiques Appliqu\u00e9es (LAMA), the Laboratoire d\u2019Informatique Gaspard Monge (LIGM) and the laboratoire Geometrie et Structure pour l\u2019Architecture (GSA) from the School of Architecture Paris-Malaquais, the form-finding lab at Princeton University, the Block Research Group at ETH Z\u00fcrich, many industrial partners: Arcora, Serge Ferrari, HAL Robotics, Lafarge, Simonin, Solutions Composites, T\/E\/S\/S Ateliers d\u2019Ing\u00e9nierie, VIRY, W\u00fcrth France, etc.<\/p>\n<p align=\"justify\">The THINkSHELL project encourages and accompanies expeditions in the field of structural engineering. It promotes an integrated vision of research, education and fabrication which embraces the whole design process from the very first sketches to the construction of full scale buildings, from material\/assembly testings to the development of original numerical tools. The team gathered around the development of the first prototypes of elastic gridshells in composite materials. Nowadays, it combines expertise in the field of architecture, material science, structural engineering, historical buildings, architectural geometry and numerical fabrication.<\/p>\n<p>\n<\/div><\/div><\/div><\/div><\/div><\/section><\/p>\n","protected":false},"excerpt":{"rendered":"","protected":false},"author":1,"featured_media":0,"parent":12302,"menu_order":0,"comment_status":"closed","ping_status":"closed","template":"","meta":{"_acf_changed":false,"footnotes":""},"class_list":["post-12340","page","type-page","status-publish","hentry"],"acf":[],"_links":{"self":[{"href":"https:\/\/navier-lab.fr\/en\/wp-json\/wp\/v2\/pages\/12340","targetHints":{"allow":["GET"]}}],"collection":[{"href":"https:\/\/navier-lab.fr\/en\/wp-json\/wp\/v2\/pages"}],"about":[{"href":"https:\/\/navier-lab.fr\/en\/wp-json\/wp\/v2\/types\/page"}],"author":[{"embeddable":true,"href":"https:\/\/navier-lab.fr\/en\/wp-json\/wp\/v2\/users\/1"}],"replies":[{"embeddable":true,"href":"https:\/\/navier-lab.fr\/en\/wp-json\/wp\/v2\/comments?post=12340"}],"version-history":[{"count":3,"href":"https:\/\/navier-lab.fr\/en\/wp-json\/wp\/v2\/pages\/12340\/revisions"}],"predecessor-version":[{"id":12420,"href":"https:\/\/navier-lab.fr\/en\/wp-json\/wp\/v2\/pages\/12340\/revisions\/12420"}],"up":[{"embeddable":true,"href":"https:\/\/navier-lab.fr\/en\/wp-json\/wp\/v2\/pages\/12302"}],"wp:attachment":[{"href":"https:\/\/navier-lab.fr\/en\/wp-json\/wp\/v2\/media?parent=12340"}],"curies":[{"name":"wp","href":"https:\/\/api.w.org\/{rel}","templated":true}]}}