{"id":12348,"date":"2020-07-30T10:30:40","date_gmt":"2020-07-30T08:30:40","guid":{"rendered":"http:\/\/navier-lab.fr\/?page_id=12348"},"modified":"2020-07-30T10:30:40","modified_gmt":"2020-07-30T08:30:40","slug":"caracterisation-plus-rapide-des-comportements-differes","status":"publish","type":"page","link":"https:\/\/navier-lab.fr\/en\/research\/multi-echelle\/comportements-differes-des-materiaux-du-genie-civil\/caracterisation-plus-rapide-des-comportements-differes\/","title":{"rendered":"Caract\u00e9risation plus rapide des comportements diff\u00e9r\u00e9s"},"content":{"rendered":"<p><section class=\"kc-elm kc-css-644035 kc_row\"><div class=\"kc-row-container  kc-container\"><div class=\"kc-wrap-columns\"><div class=\"kc-elm kc-css-896261 kc_col-sm-12 kc_column kc_col-sm-12\"><div class=\"kc-col-container\"><div class=\"kc-elm kc-css-191097 kc_text_block\"><\/p>\n<p>Les d\u00e9formations diff\u00e9r\u00e9es des mat\u00e9riaux du g\u00e9nie civil peuvent progresser sur des d\u00e9cennies. Leur caract\u00e9risation pr\u00e9cise n\u00e9cessite donc des exp\u00e9riences pouvant durer plusieurs ann\u00e9es, ce qui n\u2019est pas pratique. Afin de r\u00e9duire l\u2019empreinte carbone des liants hydrauliques, de nouveaux liants innovants sont invent\u00e9s, mais pour lesquels nous n\u2019avons pas de retour d\u2019exp\u00e9rience quant \u00e0 leur comportement sur le long terme. Par cons\u00e9quent, il est important pour la soci\u00e9t\u00e9 de pouvoir caract\u00e9riser (ou tout au moins estimer) le comportement diff\u00e9r\u00e9 \u00e0 long terme de ces nouveaux liants, sans avoir \u00e0 attendre plusieurs ann\u00e9es. C\u2019est en ce sens que travaille le Laboratoire Navier, par l\u2019interm\u00e9diaire de mesures de fluage par indentation, qui permettent d\u2019estimer ces propri\u00e9t\u00e9s en quelques minutes.<\/p>\n<p>\n<\/div><\/div><\/div><\/div><\/div><\/section><section class=\"kc-elm kc-css-645009 kc_row\"><div class=\"kc-row-container  kc-container\"><div class=\"kc-wrap-columns\"><div class=\"kc-elm kc-css-410742 kc_col-sm-12 kc_column kc_col-sm-12\"><div class=\"kc-col-container\"><div class=\"kc-elm kc-css-883016 kc_shortcode kc_single_image\">\n\n        <a rel=\"prettyPhoto\" class=\"kc-pretty-photo\" href=\"https:\/\/navier-lab.fr\/wp-content\/uploads\/2020\/07\/figure-caract\u00e9risation-rapide-comportements-diff\u00e9r\u00e9s-1024x514-1.jpg\" title=\"\" target=\"\">\n        <img decoding=\"async\" src=\"https:\/\/navier-lab.fr\/wp-content\/uploads\/2020\/07\/figure-caract\u00e9risation-rapide-comportements-diff\u00e9r\u00e9s-1024x514-1.jpg\" class=\"\" alt=\"\" \/>    <\/a>\n    <\/div>\n<\/div><\/div><\/div><\/div><\/section><\/p>\n","protected":false},"excerpt":{"rendered":"","protected":false},"author":1,"featured_media":0,"parent":12346,"menu_order":0,"comment_status":"closed","ping_status":"closed","template":"","meta":{"_acf_changed":false,"footnotes":""},"class_list":["post-12348","page","type-page","status-publish","hentry"],"acf":[],"_links":{"self":[{"href":"https:\/\/navier-lab.fr\/en\/wp-json\/wp\/v2\/pages\/12348","targetHints":{"allow":["GET"]}}],"collection":[{"href":"https:\/\/navier-lab.fr\/en\/wp-json\/wp\/v2\/pages"}],"about":[{"href":"https:\/\/navier-lab.fr\/en\/wp-json\/wp\/v2\/types\/page"}],"author":[{"embeddable":true,"href":"https:\/\/navier-lab.fr\/en\/wp-json\/wp\/v2\/users\/1"}],"replies":[{"embeddable":true,"href":"https:\/\/navier-lab.fr\/en\/wp-json\/wp\/v2\/comments?post=12348"}],"version-history":[{"count":1,"href":"https:\/\/navier-lab.fr\/en\/wp-json\/wp\/v2\/pages\/12348\/revisions"}],"predecessor-version":[{"id":12349,"href":"https:\/\/navier-lab.fr\/en\/wp-json\/wp\/v2\/pages\/12348\/revisions\/12349"}],"up":[{"embeddable":true,"href":"https:\/\/navier-lab.fr\/en\/wp-json\/wp\/v2\/pages\/12346"}],"wp:attachment":[{"href":"https:\/\/navier-lab.fr\/en\/wp-json\/wp\/v2\/media?parent=12348"}],"curies":[{"name":"wp","href":"https:\/\/api.w.org\/{rel}","templated":true}]}}