{"id":12354,"date":"2020-07-30T10:34:06","date_gmt":"2020-07-30T08:34:06","guid":{"rendered":"http:\/\/navier-lab.fr\/?page_id=12354"},"modified":"2020-07-30T10:34:06","modified_gmt":"2020-07-30T08:34:06","slug":"couplages-multiphysiques-et-modelisation-poromecanique-des-materiaux-du-genie-civil","status":"publish","type":"page","link":"https:\/\/navier-lab.fr\/en\/research\/multi-echelle\/couplages-multiphysiques-et-modelisation-poromecanique-des-materiaux-du-genie-civil\/","title":{"rendered":"Couplages multiphysiques et mod\u00e9lisation porom\u00e9canique des mat\u00e9riaux du g\u00e9nie civil"},"content":{"rendered":"<p><section class=\"kc-elm kc-css-943500 kc_row\"><div class=\"kc-row-container  kc-container\"><div class=\"kc-wrap-columns\"><div class=\"kc-elm kc-css-304002 kc_col-sm-12 kc_column kc_col-sm-12\"><div class=\"kc-col-container\"><div class=\"kc-elm kc-css-950726 kc_text_block\"><\/p>\n<p style=\"text-align: right;\"><strong>Contact : <a href=\"\/equipe\/vandamme-matthieu\/\">Matthieu Vandamme<\/a><\/strong><\/p>\n<p>\n<\/div><div class=\"kc-elm kc-css-656561 kc_text_block\"><\/p>\n<p>Les mat\u00e9riaux du g\u00e9nie civil sont poreux. Lorsqu\u2019ils sont soumis \u00e0 des sollicitations par leur environnement (hydriques, thermiques, m\u00e9caniques, chimiques,\u2026), leur porosit\u00e9 peut \u00eatre le si\u00e8ge de ph\u00e9nom\u00e8nes multiphysiques complexes impactant leur comportement m\u00e9canique: s\u00e9chage et retrait, cristallisation et gonflement,\u2026 Le Laboratoire Navier s\u2019int\u00e9resse \u00e0 ces processus tant exp\u00e9rimentalement qu\u2019en terme de mod\u00e9lisation. Pour mod\u00e9liser ces ph\u00e9nom\u00e8nes multiphysiques complexes et leur impact sur le mat\u00e9riau poreux, l\u2019approche porom\u00e9canique, bas\u00e9e sur la thermodynamique, est particuli\u00e8rement adapt\u00e9e.<\/p>\n<p>\n<\/div><\/div><\/div><\/div><\/div><\/section><section class=\"kc-elm kc-css-524048 kc_row\"><div class=\"kc-row-container  kc-container\"><div class=\"kc-wrap-columns\"><div class=\"kc-elm kc-css-930650 kc_col-sm-6 kc_column kc_col-sm-6\"><div class=\"kc-col-container\"><div class=\"kc-elm kc-css-271681 kc_text_block\"><\/p>\n<p><img loading=\"lazy\" decoding=\"async\" class=\"size-full aligncenter\" src=\"https:\/\/navier-lab.fr\/wp-content\/uploads\/2020\/07\/Conception-\u00e9co-orient\u00e9e_menu2.jpg\" alt=\"\" width=\"450\" height=\"219\" \/><\/p>\n<h2 style=\"text-align: center; margin-top: 0px;\"><a href=\"\/la-recherche\/multi-echelle\/couplages-multiphysiques-modelisation-poromecanique-materiaux-genie-civil\/comportement-thermo-mecanique-argiles\/\">Comportement thermo-m\u00e9canique des argiles<\/a><\/h2>\n<p>\n<\/div><\/div><\/div><div class=\"kc-elm kc-css-831325 kc_col-sm-6 kc_column kc_col-sm-6\"><div class=\"kc-col-container\"><div class=\"kc-elm kc-css-939630 kc_text_block\"><\/p>\n<p><img loading=\"lazy\" decoding=\"async\" class=\"size-full aligncenter\" src=\"https:\/\/navier-lab.fr\/wp-content\/uploads\/2020\/07\/Conception-\u00e9co-orient\u00e9e_menu2.jpg\" alt=\"\" width=\"450\" height=\"219\" \/><\/p>\n<h2 style=\"text-align: center; margin-top: 0px;\"><a href=\"\/la-recherche\/multi-echelle\/couplages-multiphysiques-modelisation-poromecanique-materiaux-genie-civil\/gonflement-des-charbons\/\">Gonflement des charbons<\/a><\/h2>\n<p>\n<\/div><\/div><\/div><\/div><\/div><\/section><section class=\"kc-elm kc-css-262796 kc_row\"><div class=\"kc-row-container  kc-container\"><div class=\"kc-wrap-columns\"><div class=\"kc-elm kc-css-745137 kc_col-sm-6 kc_column kc_col-sm-6\"><div class=\"kc-col-container\"><div class=\"kc-elm kc-css-456593 kc_text_block\"><\/p>\n<p><img loading=\"lazy\" decoding=\"async\" class=\"size-full aligncenter\" src=\"https:\/\/navier-lab.fr\/wp-content\/uploads\/2020\/07\/Conception-\u00e9co-orient\u00e9e_menu2.jpg\" alt=\"\" width=\"450\" height=\"219\" \/><\/p>\n<h2 style=\"text-align: center; margin-top: 0px;\"><a href=\"\/la-recherche\/multi-echelle\/couplages-multiphysiques-modelisation-poromecanique-materiaux-genie-civil\/sechage-retrait-materiaux-cimentaires-argileux\/\">S\u00e9chage et retrait des mat\u00e9riaux cimentaires et argileux<\/a><\/h2>\n<p>\n<\/div><\/div><\/div><div class=\"kc-elm kc-css-215446 kc_col-sm-6 kc_column kc_col-sm-6\"><div class=\"kc-col-container\"><div class=\"kc-elm kc-css-963201 kc_text_block\"><\/p>\n<p><img loading=\"lazy\" decoding=\"async\" class=\"size-full aligncenter\" src=\"https:\/\/navier-lab.fr\/wp-content\/uploads\/2020\/07\/Conception-\u00e9co-orient\u00e9e_menu2.jpg\" alt=\"\" width=\"450\" height=\"219\" \/><\/p>\n<h2 style=\"text-align: center; margin-top: 0px;\"><a href=\"\/la-recherche\/multi-echelle\/couplages-multiphysiques-modelisation-poromecanique-materiaux-genie-civil\/cristallisation-degradation-materiaux-cimentaires\/\">Cristallisation et d\u00e9gradation des mat\u00e9riaux cimentaires<\/a><\/h2>\n<p>\n<\/div><\/div><\/div><\/div><\/div><\/section><\/p>\n","protected":false},"excerpt":{"rendered":"","protected":false},"author":1,"featured_media":0,"parent":12344,"menu_order":0,"comment_status":"closed","ping_status":"closed","template":"","meta":{"_acf_changed":false,"footnotes":""},"class_list":["post-12354","page","type-page","status-publish","hentry"],"acf":[],"_links":{"self":[{"href":"https:\/\/navier-lab.fr\/en\/wp-json\/wp\/v2\/pages\/12354","targetHints":{"allow":["GET"]}}],"collection":[{"href":"https:\/\/navier-lab.fr\/en\/wp-json\/wp\/v2\/pages"}],"about":[{"href":"https:\/\/navier-lab.fr\/en\/wp-json\/wp\/v2\/types\/page"}],"author":[{"embeddable":true,"href":"https:\/\/navier-lab.fr\/en\/wp-json\/wp\/v2\/users\/1"}],"replies":[{"embeddable":true,"href":"https:\/\/navier-lab.fr\/en\/wp-json\/wp\/v2\/comments?post=12354"}],"version-history":[{"count":1,"href":"https:\/\/navier-lab.fr\/en\/wp-json\/wp\/v2\/pages\/12354\/revisions"}],"predecessor-version":[{"id":12355,"href":"https:\/\/navier-lab.fr\/en\/wp-json\/wp\/v2\/pages\/12354\/revisions\/12355"}],"up":[{"embeddable":true,"href":"https:\/\/navier-lab.fr\/en\/wp-json\/wp\/v2\/pages\/12344"}],"wp:attachment":[{"href":"https:\/\/navier-lab.fr\/en\/wp-json\/wp\/v2\/media?parent=12354"}],"curies":[{"name":"wp","href":"https:\/\/api.w.org\/{rel}","templated":true}]}}