{"id":12356,"date":"2020-07-30T10:34:39","date_gmt":"2020-07-30T08:34:39","guid":{"rendered":"http:\/\/navier-lab.fr\/?page_id=12356"},"modified":"2020-07-30T10:34:39","modified_gmt":"2020-07-30T08:34:39","slug":"comportement-thermo-mecanique-des-argiles","status":"publish","type":"page","link":"https:\/\/navier-lab.fr\/en\/research\/multi-echelle\/couplages-multiphysiques-et-modelisation-poromecanique-des-materiaux-du-genie-civil\/comportement-thermo-mecanique-des-argiles\/","title":{"rendered":"Comportement thermo-m\u00e9canique des argiles"},"content":{"rendered":"<section class=\"kc-elm kc-css-482353 kc_row\"><div class=\"kc-row-container  kc-container\"><div class=\"kc-wrap-columns\"><div class=\"kc-elm kc-css-576998 kc_col-sm-12 kc_column kc_col-sm-12\"><div class=\"kc-col-container\"><div class=\"kc-elm kc-css-778145 kc_text_block\"><\/p>\n<p>Les roches argileuses pr\u00e9sentent un comportement thermo-m\u00e9canique assez inhabituel. Ainsi, sous chauffage drain\u00e9 on observe, suivant les cas, soit une expansion thermique r\u00e9versible un ordre de grandeur sup\u00e9rieure \u00e0 l\u2019expansion thermique d\u2019une roche ordinaire, soit une contraction thermique irr\u00e9versible encore plus intense. Quant au chauffage non drain\u00e9, celui-ci induit une pressurisation thermique de l\u2019eau interstitielle jusqu\u2019\u00e0 une fois et demie plus intense que pr\u00e9dit par la g\u00e9om\u00e9canique usuelle. Ces ph\u00e9nom\u00e8nes sont des sources d\u2019instabilit\u00e9s des sous sols avec des cons\u00e9quences importantes pour la compr\u00e9hension des ph\u00e9nom\u00e8nes naturels (sismicit\u00e9 des failles argileuse) et les applications industrielles (stockage de d\u00e9chets nucl\u00e9aires, g\u00e9othermie, exploitation d\u2019hydrocarbures). Les travaux au laboratoire Navier s\u2019int\u00e9ressent aux m\u00e9canismes physiques \u00e9l\u00e9mentaires expliquant ces comportements inhabituels, leur prise en compte dans les mod\u00e8les de g\u00e9om\u00e9canique et les cons\u00e9quences pour la stabilit\u00e9 des roches soumises sous sollicitation thermiques. L\u2019anomalie de comportement est g\u00e9n\u00e9ralement attribu\u00e9e \u00e0 l\u2019eau confin\u00e9e entre les feuillets min\u00e9raux nanom\u00e9triques, une \u00e9chelle tr\u00e8s difficilement accessible \u00e0 l\u2019exp\u00e9rience. Aussi, le point de d\u00e9part de ce travail est l\u2019utilisation d\u2019outils de simulation mol\u00e9culaire, permettant d\u2019explorer la thermodynamique de l\u2019eau confin\u00e9e. Le lien entre confinement et comportement macroscopique est particuli\u00e8rement d\u00e9licat compte tenu de la complexit\u00e9 de la microstructure de la matrice argileuse. Les m\u00e9thodes employ\u00e9es vont de la micro-m\u00e9canique \u00e0 la simulation m\u00e9so-scopique et \u00e0 la porom\u00e9canique \u00e9tendue.<\/p>\n<p>\n<\/div><\/div><\/div><\/div><\/div><\/section>\n","protected":false},"excerpt":{"rendered":"","protected":false},"author":1,"featured_media":0,"parent":12354,"menu_order":0,"comment_status":"closed","ping_status":"closed","template":"","meta":{"_acf_changed":false,"footnotes":""},"class_list":["post-12356","page","type-page","status-publish","hentry"],"acf":[],"_links":{"self":[{"href":"https:\/\/navier-lab.fr\/en\/wp-json\/wp\/v2\/pages\/12356","targetHints":{"allow":["GET"]}}],"collection":[{"href":"https:\/\/navier-lab.fr\/en\/wp-json\/wp\/v2\/pages"}],"about":[{"href":"https:\/\/navier-lab.fr\/en\/wp-json\/wp\/v2\/types\/page"}],"author":[{"embeddable":true,"href":"https:\/\/navier-lab.fr\/en\/wp-json\/wp\/v2\/users\/1"}],"replies":[{"embeddable":true,"href":"https:\/\/navier-lab.fr\/en\/wp-json\/wp\/v2\/comments?post=12356"}],"version-history":[{"count":1,"href":"https:\/\/navier-lab.fr\/en\/wp-json\/wp\/v2\/pages\/12356\/revisions"}],"predecessor-version":[{"id":12357,"href":"https:\/\/navier-lab.fr\/en\/wp-json\/wp\/v2\/pages\/12356\/revisions\/12357"}],"up":[{"embeddable":true,"href":"https:\/\/navier-lab.fr\/en\/wp-json\/wp\/v2\/pages\/12354"}],"wp:attachment":[{"href":"https:\/\/navier-lab.fr\/en\/wp-json\/wp\/v2\/media?parent=12356"}],"curies":[{"name":"wp","href":"https:\/\/api.w.org\/{rel}","templated":true}]}}