{"id":12370,"date":"2020-07-30T10:40:27","date_gmt":"2020-07-30T08:40:27","guid":{"rendered":"http:\/\/navier-lab.fr\/?page_id=12370"},"modified":"2020-07-30T10:40:27","modified_gmt":"2020-07-30T08:40:27","slug":"fissuration-a-lechelle-moleculaire","status":"publish","type":"page","link":"https:\/\/navier-lab.fr\/en\/research\/multi-echelle\/endommagement-et-fissuration-a-toutes-les-echelles\/fissuration-a-lechelle-moleculaire\/","title":{"rendered":"Fissuration \u00e0 l\u2019\u00e9chelle mol\u00e9culaire"},"content":{"rendered":"<section class=\"kc-elm kc-css-514612 kc_row\"><div class=\"kc-row-container  kc-container\"><div class=\"kc-wrap-columns\"><div class=\"kc-elm kc-css-570084 kc_col-sm-12 kc_column kc_col-sm-12\"><div class=\"kc-col-container\"><div class=\"kc-elm kc-css-339678 kc_text_block\"><\/p>\n<p>L\u2019amor\u00e7age de la fissuration reste un probl\u00e8me mal compris et il n\u2019y a pas de th\u00e9orie macroscopique faisant consensus dans la communaut\u00e9 scientifique. Les approches par simulation mol\u00e9culaire permettent d\u2019\u00e9tudier les m\u00e9canismes \u00e9l\u00e9mentaires de la fissuration \u00e0 l\u2019\u00e9chelle des atomes et des mol\u00e9cules. Les travaux men\u00e9s au laboratoire Navier s\u2019int\u00e9ressent notamment aux longueurs d\u2019\u00e9laboration et d\u2019initiation ainsi qu\u2019aux lois d\u2019\u00e9chelles en temps, espace et temp\u00e9rature, permettant de faire de lien entre les concepts macroscopiques de t\u00e9nacit\u00e9 et de r\u00e9sistance.<\/p>\n<p>\n<\/div><\/div><\/div><\/div><\/div><\/section>\n","protected":false},"excerpt":{"rendered":"","protected":false},"author":1,"featured_media":0,"parent":12364,"menu_order":0,"comment_status":"closed","ping_status":"closed","template":"","meta":{"_acf_changed":false,"footnotes":""},"class_list":["post-12370","page","type-page","status-publish","hentry"],"acf":[],"_links":{"self":[{"href":"https:\/\/navier-lab.fr\/en\/wp-json\/wp\/v2\/pages\/12370","targetHints":{"allow":["GET"]}}],"collection":[{"href":"https:\/\/navier-lab.fr\/en\/wp-json\/wp\/v2\/pages"}],"about":[{"href":"https:\/\/navier-lab.fr\/en\/wp-json\/wp\/v2\/types\/page"}],"author":[{"embeddable":true,"href":"https:\/\/navier-lab.fr\/en\/wp-json\/wp\/v2\/users\/1"}],"replies":[{"embeddable":true,"href":"https:\/\/navier-lab.fr\/en\/wp-json\/wp\/v2\/comments?post=12370"}],"version-history":[{"count":1,"href":"https:\/\/navier-lab.fr\/en\/wp-json\/wp\/v2\/pages\/12370\/revisions"}],"predecessor-version":[{"id":12371,"href":"https:\/\/navier-lab.fr\/en\/wp-json\/wp\/v2\/pages\/12370\/revisions\/12371"}],"up":[{"embeddable":true,"href":"https:\/\/navier-lab.fr\/en\/wp-json\/wp\/v2\/pages\/12364"}],"wp:attachment":[{"href":"https:\/\/navier-lab.fr\/en\/wp-json\/wp\/v2\/media?parent=12370"}],"curies":[{"name":"wp","href":"https:\/\/api.w.org\/{rel}","templated":true}]}}