{"id":12388,"date":"2020-07-30T10:48:56","date_gmt":"2020-07-30T08:48:56","guid":{"rendered":"http:\/\/navier-lab.fr\/?page_id=12388"},"modified":"2020-07-30T10:48:56","modified_gmt":"2020-07-30T08:48:56","slug":"modelisation-et-dimensionnement-des-structures-heterogenes","status":"publish","type":"page","link":"https:\/\/navier-lab.fr\/en\/research\/multi-echelle\/modelisation-et-dimensionnement-des-structures-heterogenes\/","title":{"rendered":"Mod\u00e9lisation et dimensionnement des structures h\u00e9t\u00e9rog\u00e8nes"},"content":{"rendered":"<p><section class=\"kc-elm kc-css-290391 kc_row\"><div class=\"kc-row-container  kc-container\"><div class=\"kc-wrap-columns\"><div class=\"kc-elm kc-css-194229 kc_col-sm-12 kc_column kc_col-sm-12\"><div class=\"kc-col-container\"><div class=\"kc-elm kc-css-445486 kc_text_block\"><\/p>\n<p><strong>En construction<\/strong><\/p>\n<p>\n<\/div><\/div><\/div><\/div><\/div><\/section><section class=\"kc-elm kc-css-165821 kc_row\"><div class=\"kc-row-container  kc-container\"><div class=\"kc-wrap-columns\"><div class=\"kc-elm kc-css-951760 kc_col-sm-6 kc_column kc_col-sm-6\"><div class=\"kc-col-container\"><div class=\"kc-elm kc-css-558722 kc_text_block\"><\/p>\n<p><img loading=\"lazy\" decoding=\"async\" class=\"size-full aligncenter\" src=\"https:\/\/navier-lab.fr\/wp-content\/uploads\/2020\/07\/Conception-\u00e9co-orient\u00e9e_menu2.jpg\" alt=\"\" width=\"450\" height=\"219\" \/><\/p>\n<h2 style=\"text-align: center; margin-top: 0px;\"><a href=\"\/la-recherche\/multi-echelle\/modelisation-dimensionnement-structures-heterogenes\/calcul-a-rupture-ouvrages\/\">Calcul \u00e0 la rupture des ouvrages<\/a><\/h2>\n<p>\n<\/div><\/div><\/div><div class=\"kc-elm kc-css-52843 kc_col-sm-6 kc_column kc_col-sm-6\"><div class=\"kc-col-container\"><div class=\"kc-elm kc-css-465494 kc_text_block\"><\/p>\n<p><img loading=\"lazy\" decoding=\"async\" class=\"size-full aligncenter\" src=\"https:\/\/navier-lab.fr\/wp-content\/uploads\/2020\/07\/Conception-\u00e9co-orient\u00e9e_menu2.jpg\" alt=\"\" width=\"450\" height=\"219\" \/><\/p>\n<h2 style=\"text-align: center; margin-top: 0px;\"><a href=\"\/la-recherche\/multi-echelle\/modelisation-dimensionnement-structures-heterogenes\/structures-maconnees\/\">Structures ma\u00e7onn\u00e9es<\/a><\/h2>\n<p>\n<\/div><\/div><\/div><\/div><\/div><\/section><section class=\"kc-elm kc-css-450938 kc_row\"><div class=\"kc-row-container  kc-container\"><div class=\"kc-wrap-columns\"><div class=\"kc-elm kc-css-212699 kc_col-sm-6 kc_column kc_col-sm-6\"><div class=\"kc-col-container\"><div class=\"kc-elm kc-css-626130 kc_text_block\"><\/p>\n<p><img loading=\"lazy\" decoding=\"async\" class=\"size-full aligncenter\" src=\"https:\/\/navier-lab.fr\/wp-content\/uploads\/2020\/07\/Conception-\u00e9co-orient\u00e9e_menu2.jpg\" alt=\"\" width=\"450\" height=\"219\" \/><\/p>\n<h2 style=\"text-align: center; margin-top: 0px;\"><a href=\"\/la-recherche\/multi-echelle\/modelisation-dimensionnement-structures-heterogenes\/outils-logiciels-lingenieur\/\">Outils logiciels pour l\u2019ing\u00e9nieur<\/a><\/h2>\n<p>\n<\/div><\/div><\/div><div class=\"kc-elm kc-css-188311 kc_col-sm-6 kc_column kc_col-sm-6\"><div class=\"kc-col-container\"><div class=\"kc-elm kc-css-999426 kc_text_block\"><\/p>\n<p><img loading=\"lazy\" decoding=\"async\" class=\"size-full aligncenter\" src=\"https:\/\/navier-lab.fr\/wp-content\/uploads\/2020\/07\/Conception-\u00e9co-orient\u00e9e_menu2.jpg\" alt=\"\" width=\"450\" height=\"219\" \/><\/p>\n<h2 style=\"text-align: center; margin-top: 0px;\"><a href=\"\/la-recherche\/multi-echelle\/modelisation-dimensionnement-structures-heterogenes\/methodes-numeriques-structures-heterogenes\/\">M\u00e9thodes num\u00e9riques pour les structures h\u00e9t\u00e9rog\u00e8nes<\/a><\/h2>\n<p>\n<\/div><\/div><\/div><\/div><\/div><\/section><\/p>\n","protected":false},"excerpt":{"rendered":"","protected":false},"author":1,"featured_media":0,"parent":12344,"menu_order":0,"comment_status":"closed","ping_status":"closed","template":"","meta":{"_acf_changed":false,"footnotes":""},"class_list":["post-12388","page","type-page","status-publish","hentry"],"acf":[],"_links":{"self":[{"href":"https:\/\/navier-lab.fr\/en\/wp-json\/wp\/v2\/pages\/12388","targetHints":{"allow":["GET"]}}],"collection":[{"href":"https:\/\/navier-lab.fr\/en\/wp-json\/wp\/v2\/pages"}],"about":[{"href":"https:\/\/navier-lab.fr\/en\/wp-json\/wp\/v2\/types\/page"}],"author":[{"embeddable":true,"href":"https:\/\/navier-lab.fr\/en\/wp-json\/wp\/v2\/users\/1"}],"replies":[{"embeddable":true,"href":"https:\/\/navier-lab.fr\/en\/wp-json\/wp\/v2\/comments?post=12388"}],"version-history":[{"count":1,"href":"https:\/\/navier-lab.fr\/en\/wp-json\/wp\/v2\/pages\/12388\/revisions"}],"predecessor-version":[{"id":12389,"href":"https:\/\/navier-lab.fr\/en\/wp-json\/wp\/v2\/pages\/12388\/revisions\/12389"}],"up":[{"embeddable":true,"href":"https:\/\/navier-lab.fr\/en\/wp-json\/wp\/v2\/pages\/12344"}],"wp:attachment":[{"href":"https:\/\/navier-lab.fr\/en\/wp-json\/wp\/v2\/media?parent=12388"}],"curies":[{"name":"wp","href":"https:\/\/api.w.org\/{rel}","templated":true}]}}