{"id":16697,"date":"2024-07-24T11:38:09","date_gmt":"2024-07-24T09:38:09","guid":{"rendered":"https:\/\/navier-lab.fr\/?page_id=16697"},"modified":"2024-09-02T09:52:57","modified_gmt":"2024-09-02T07:52:57","slug":"optical-tweezers","status":"publish","type":"page","link":"https:\/\/navier-lab.fr\/en\/equipment-and-resources\/optical-tweezers\/","title":{"rendered":"Optical Tweezers"},"content":{"rendered":"<p><section class=\"kc-elm kc-css-34855 kc_row\"><div class=\"kc-row-container  kc-container\"><div class=\"kc-wrap-columns\"><div class=\"kc-elm kc-css-92098 kc_col-sm-12 kc_column kc_col-sm-12\"><div class=\"kc-col-container\"><div class=\"kc-elm kc-css-914863 kc_shortcode kc_single_image\">\n\n        <img decoding=\"async\" src=\"https:\/\/navier-lab.fr\/wp-content\/uploads\/2024\/07\/Optical-Tweezers.jpg\" class=\"\" alt=\"\" \/>    <\/div>\n<\/div><\/div><\/div><\/div><\/section><section class=\"kc-elm kc-css-729233 kc_row\"><div class=\"kc-row-container  kc-container\"><div class=\"kc-wrap-columns\"><div class=\"kc-elm kc-css-23913 kc_col-sm-12 kc_column kc_col-sm-12\"><div class=\"kc-col-container\"><div class=\"kc-elm kc-css-921945 kc_text_block\"><\/p>\n<p style=\"text-align: right;\"><strong>Contact : Laurent Tocquer<a href=\"\/equipe\/maillet-benjamin\/\"><br \/>\n<\/a><\/strong><\/p>\n<p>\n<\/div><\/div><\/div><\/div><\/div><\/section><section class=\"kc-elm kc-css-525050 kc_row\"><div class=\"kc-row-container  kc-container\"><div class=\"kc-wrap-columns\"><div class=\"kc-elm kc-css-310408 kc_col-sm-12 kc_column kc_col-sm-12\"><div class=\"kc-col-container\">\n<div class=\"kc-elm kc-css-285160 kc-title-wrap \">\n\n\t<h2 class=\"kc_title\">Optical Tweezers<\/h2>\n<\/div>\n<\/div><\/div><\/div><\/div><\/section><section class=\"kc-elm kc-css-210511 kc_row\"><div class=\"kc-row-container  kc-container\"><div class=\"kc-wrap-columns\"><div class=\"kc-elm kc-css-180453 kc_col-sm-8 kc_column kc_col-sm-8\"><div class=\"kc-col-container\"><div class=\"kc-elm kc-css-891237 kc_text_block\"><\/p>\n<p>\nAn optical tweezers setup was set up at Laboratoire Navier during autumn 2021 through a joint funding from the \u00cele-de-France region (SESAME funding), the \u00c9cole Nationale des Ponts et Chauss\u00e9es and the \u00c9cole des Ponts Foundation. Optical tweezers allow experimentalists to trap and move small objects (a few \u00b5m) in a very precise fashion (of the order of a nm) using pairs of laser beams. This type of device is heavily used in biology, since it allows researchers to manipulate cells and DNA molecules. Surprisingly, it is seldom used in materials science, as only two other similar devices are known to be used (as of 2024) : one in the USA (<a href=\"https:\/\/cbe.udel.edu\/people\/faculty\/furst\/\">in the group of Eric Furst, U. Delaware<\/a>) and one in China (at the University of Science and Technology of China).<\/p>\n<p>In Laboratoire Navier, this device has been used to identify the aging mechanism in concentrated colloidal suspensions. These materials are widely used in a broad range of industrial sectors e.g., environment (muds, clays, silts), cosmetics (toothpaste, body lotions), food (spreads, yogurt), oil (drilling muds), additive manufacturing (cement, raw earth) industries. They are made up of micron-sized particles suspended in an aqueous solution. One of their most striking characteristics is that their mechanical properties (their linear elastic modulus and their yield strength) increase with rest time: this is known as <em>aging<\/em>.<\/p>\n<p>While the mechanism behind <em>aging <\/em>has been debated, the existing consensus was that <em>microstructural rearrangements<\/em> were responsible for it. We chose to take the opposite view and examine whether a system with a fixed microstructure could reinforce over time &#8211; in other words, whether it could <em>age<\/em>. To do so, we needed to build an <em>elementary<\/em> concentrated suspension, to freeze its microstructure and then to assess its mechanical properties over time.<\/p>\n<p>\n<\/div><\/div><\/div><div class=\"kc-elm kc-css-391523 kc_col-sm-4 kc_column kc_col-sm-4\"><div class=\"kc-col-container\">\n\t<div class=\"kc-elm kc-css-444420 kc_shortcode kc_video_play kc_video_wrapper\">\n\t\t\t\t\t\t\t\t<video width=\"600\" height=\"338.98305084746\" controls autoplay>\n\t\t\t\t<source src=\"https:\/\/navier-lab.fr\/wp-content\/uploads\/2024\/07\/optical-tweezers.mp4\" type=\"video\/mp4\">\n\t\t\t\tYour browser does not support the video tag.\t\t\t<\/video>\n\n\t\t\t<\/div>\n\n<div class=\"kc-elm kc-css-279985 kc_text_block\"><\/p>\n<p style=\"text-align: center;\"><em>3 \u00b5m diameter particle being moved 40 \u00b5m back and forth at several (constant) speeds.<br \/>\n<\/em><\/p>\n<p>\n<\/div>\n\t<div class=\"kc-elm kc-css-450961 kc_shortcode kc_video_play kc_video_wrapper\">\n\t\t\t\t\t\t\t\t<video width=\"600\" height=\"338.98305084746\" controls autoplay>\n\t\t\t\t<source src=\"https:\/\/navier-lab.fr\/wp-content\/uploads\/2024\/09\/smile-1.mp4\" type=\"video\/mp4\">\n\t\t\t\tYour browser does not support the video tag.\t\t\t<\/video>\n\n\t\t\t<\/div>\n\n<div class=\"kc-elm kc-css-182066 kc_text_block\"><\/p>\n<p style=\"text-align: center;\"><em>A <\/em><strong>\ud83d\ude00 <\/strong><em>emoji of 3 \u00b5m latex particles is formed using optical trap multiplexing. The traps are then all deactivated at the same time, releasing the particles (which then sediment). Credits : <span style=\"text-decoration: underline;\">Antoine Aubel<\/span><br \/><\/em><\/p>\n<p>\n<\/div><\/div><\/div><\/div><\/div><\/section><section class=\"kc-elm kc-css-680497 kc_row\"><div class=\"kc-row-container  kc-container\"><div class=\"kc-wrap-columns\"><div class=\"kc-elm kc-css-513216 kc_col-sm-12 kc_column kc_col-sm-12\"><div class=\"kc-col-container\"><div class=\"kc-elm kc-css-574457\" style=\"height: 40px; clear: both; width:100%;\"><\/div><div class=\"kc-elm kc-css-42203 kc_shortcode kc_single_image\">\n\n        <img decoding=\"async\" src=\"https:\/\/navier-lab.fr\/wp-content\/uploads\/2024\/07\/optical-tweezers-aging-threepanels.png\" class=\"\" alt=\"\" \/>    <\/div>\n<div class=\"kc-elm kc-css-364563 kc_text_block\"><\/p>\n<p style=\"text-align: center;\"><em>Fig. 1 : (a) Three-point flexural test on beams of silica particles of diameter 1\u00b5m. (b) Force as a function of the beam deflection for three rest times. (c) Flexural stiffness as a function of rest time for several ionic strengths and beam lengths.<br \/>\n<\/em><\/p>\n<p>\n<\/div><div class=\"kc-elm kc-css-286018\" style=\"height: 40px; clear: both; width:100%;\"><\/div><\/div><\/div><\/div><\/div><\/section><section class=\"kc-elm kc-css-492406 kc_row\"><div class=\"kc-row-container  kc-container\"><div class=\"kc-wrap-columns\"><div class=\"kc-elm kc-css-858554 kc_col-sm-8 kc_column kc_col-sm-8\"><div class=\"kc-col-container\"><div class=\"kc-elm kc-css-760632 kc_text_block\"><\/p>\n<p>\nThis technical challenge was met using attractive, spherical, micron-sized particles and optical tweezers. The optical tweezers setup is well-suited to explore such scales and the range of forces at play &#8212; of the order of 10 pN, the same order of magnitude as van der Waals forces. Through optical tweezer manipulation, we have shown that pairs of silica particles put into contact nearly instantly form a solid-solid contact, hinting that microstructural rearrangements are unlikely in these systems. We then took inspiration from <a href=\"https:\/\/journals.aps.org\/prl\/abstract\/10.1103\/PhysRevLett.94.138301\">a previous study of the group of Prof. Eric Furst<\/a> and used the optical tweezers to build &#8212; particle by particle &#8212; a 11-particle beam that could be solicited in a three-point flexural test. We have shown that these beams possess a finite flexural modulus and strength, implying that inter-particle contacts present slip and rolling resistance (pairs of particles can neither slide or roll relative to each other). This experiment allows us to measure both the linear elastic modulus of the beams and the critical moment above which they fail, as a function of the rest time of the beam, i.e. the time elapsed after its formation. Strikingly, the flexural strength of these materials <em>increases<\/em> over time, confirming that <em>contact aging <\/em>is present.<\/p>\n<p>If one relates the macroscopic mechanical properties of the material made of the silica beads &#8212; the elastic modulus and yield stress obtained through rheometry &#8212;\u00a0 to the microscopic mechanical strength of the particle beams, one finds a linear relationship between these two quantities, without any adjustable parameter. We then attribute the time evolution of the elastic modulus of attractive silica suspensions to the reinforcement with time of\u00a0<em>contact rigidity<\/em> between particles instead of micostructural rearrangements. In the same fashion, the bulk yield stress is directly related to the critical flexural moment above which particle beams fail under load. Research on the subject is still ongoing, since we now want to investigate how surfactants and polymers in solution may change the contact properties between particle pairs &#8212; and whether this impact can be felt at the bulk scale.<\/p>\n<p>\n<\/div><\/div><\/div><div class=\"kc-elm kc-css-755911 kc_col-sm-4 kc_column kc_col-sm-4\"><div class=\"kc-col-container\"><div class=\"kc-elm kc-css-550024\" style=\"height: 60px; clear: both; width:100%;\"><\/div><div class=\"kc-elm kc-css-814223 kc_shortcode kc_single_image\">\n\n        <img decoding=\"async\" src=\"https:\/\/navier-lab.fr\/wp-content\/uploads\/2024\/07\/sample-optical-tweezers.png\" class=\"\" alt=\"\" \/>    <\/div>\n<div class=\"kc-elm kc-css-577655 kc_text_block\"><\/p>\n<p style=\"text-align: center;\"><em>Sample (mounted on a glass slide)\u00a0 inserted between the two microscope objectives of the optical tweezers setup.<br \/>\n<\/em><\/p>\n<p>\n<\/div><\/div><\/div><\/div><\/div><\/section><section class=\"kc-elm kc-css-967198 kc_row\"><div class=\"kc-row-container  kc-container\"><div class=\"kc-wrap-columns\"><div class=\"kc-elm kc-css-724225 kc_col-sm-12 kc_column kc_col-sm-12\"><div class=\"kc-col-container\">\n<div class=\"kc-elm kc-css-278415 divider_line\">\n\t<div class=\"divider_inner divider_line1\">\n\t\t\t<\/div>\n<\/div>\n<div class=\"kc-elm kc-css-835855 kc_text_block\"><\/p>\n<div id=\"edn1\">\n<h4>References<\/h4>\n<ul>\n<li>Contact and macroscopic aging in colloidal suspensions, F. Bonacci, X. Chateau, E. M. Furst, J. Goyon and A. Lemaitre<em>, Nature <\/em><em>Materials<\/em>, 19, 775-780 (2020).<\/li>\n<li>Yield stress aging in attractive colloidal suspensions, F. Bonacci, X. Chateau, E. M. Furst, J. Goyon and A. Lemaitre, <em>Physical <\/em><em>Review Letters<\/em> 128, 018003 (2022).<\/li>\n<li>Adjuvantation de suspensions mod\u00e8les : caract\u00e9risation multi-\u00e9chelle, Antoine Aubel, PhD thesis (2023).<\/li>\n<\/ul>\n<\/div>\n<p>\n<\/div><\/div><\/div><\/div><\/div><\/section><\/p>\n","protected":false},"excerpt":{"rendered":"","protected":false},"author":162,"featured_media":0,"parent":12210,"menu_order":0,"comment_status":"closed","ping_status":"closed","template":"","meta":{"_acf_changed":false,"footnotes":""},"class_list":["post-16697","page","type-page","status-publish","hentry"],"acf":[],"_links":{"self":[{"href":"https:\/\/navier-lab.fr\/en\/wp-json\/wp\/v2\/pages\/16697","targetHints":{"allow":["GET"]}}],"collection":[{"href":"https:\/\/navier-lab.fr\/en\/wp-json\/wp\/v2\/pages"}],"about":[{"href":"https:\/\/navier-lab.fr\/en\/wp-json\/wp\/v2\/types\/page"}],"author":[{"embeddable":true,"href":"https:\/\/navier-lab.fr\/en\/wp-json\/wp\/v2\/users\/162"}],"replies":[{"embeddable":true,"href":"https:\/\/navier-lab.fr\/en\/wp-json\/wp\/v2\/comments?post=16697"}],"version-history":[{"count":8,"href":"https:\/\/navier-lab.fr\/en\/wp-json\/wp\/v2\/pages\/16697\/revisions"}],"predecessor-version":[{"id":17193,"href":"https:\/\/navier-lab.fr\/en\/wp-json\/wp\/v2\/pages\/16697\/revisions\/17193"}],"up":[{"embeddable":true,"href":"https:\/\/navier-lab.fr\/en\/wp-json\/wp\/v2\/pages\/12210"}],"wp:attachment":[{"href":"https:\/\/navier-lab.fr\/en\/wp-json\/wp\/v2\/media?parent=16697"}],"curies":[{"name":"wp","href":"https:\/\/api.w.org\/{rel}","templated":true}]}}