{"id":18859,"date":"2024-11-27T18:02:31","date_gmt":"2024-11-27T17:02:31","guid":{"rendered":"https:\/\/navier-lab.fr\/equipment-and-resources\/nano-indentation\/"},"modified":"2024-12-19T17:35:29","modified_gmt":"2024-12-19T16:35:29","slug":"nano-indentation","status":"publish","type":"page","link":"https:\/\/navier-lab.fr\/en\/equipment-and-resources\/nano-indentation\/","title":{"rendered":"La nano-indentation"},"content":{"rendered":"<p><section class=\"kc-elm kc-css-417642 kc_row\"><div class=\"kc-row-container  kc-container\"><div class=\"kc-wrap-columns\"><div class=\"kc-elm kc-css-751405 kc_col-sm-12 kc_column kc_col-sm-12\"><div class=\"kc-col-container\">\n<div class=\"kc-elm kc-css-631477 kc-title-wrap \">\n\n\t<h1 class=\"kc_title\">Nano-indentation<\/h1>\n<\/div>\n\n<div class=\"kc-elm kc-css-792082 kc-title-wrap \">\n\n\t<h2 class=\"kc_title\">Principle<\/h2>\n<\/div>\n<div class=\"kc-elm kc-css-37400 kc_text_block\"><\/p>\n<section class=\"kc-elm kc-css-3713911 kc_row\">\n<div class=\"kc-row-container kc-container\">\n<div class=\"kc-wrap-columns\">\n<div class=\"kc-elm kc-css-4079981 kc_column kc_col-sm-12\">\n<div class=\"kc-col-container\">\n<div class=\"kc-elm kc-css-2402135 kc_text_block\">\n<p>Nano-indentation is a mechanical characterization technique that involves pressing a tip with a controlled geometry into a material. By recording the applied force as a function of the indentation depth, mechanical properties at the micrometer scale, such as hardness and Young\u2019s modulus, can be evaluated using the Oliver and Pharr method [1]. The indentation depth ranges from a few hundred nanometers to several micrometers. The upper depth limit is determined by the size of the phase to be analyzed, which must be at least 10 times larger than the indentation imprint. The lower depth limit is constrained by the material&#8217;s roughness, which must be at least 20 times smaller than the indentation depth and suitable for the size of the phase to be measured and to that of the phases at the lower scale. [2].<\/p>\n<\/div>\n<\/div>\n<\/div>\n<\/div>\n<\/div>\n<\/section>\n<p>\n<\/div><div class=\"kc-elm kc-css-955707 kc_shortcode kc_single_image\">\n\n        <img decoding=\"async\" src=\"https:\/\/navier-lab.fr\/wp-content\/uploads\/2024\/12\/nanoall2-1250x250xc.png\" class=\"\" alt=\"\" \/>    <\/div>\n<div class=\"kc-elm kc-css-478243\" style=\"height: 0px; clear: both; width:100%;\"><\/div>\n<div class=\"kc-elm kc-css-398445 kc-title-wrap \">\n\n\t<h2 class=\"kc_title\">Sample preparation<\/h2>\n<\/div>\n<div class=\"kc-elm kc-css-368745 kc_text_block\"><\/p>\n<p>To achieve an acceptable roughness level, meticulous sample preparation is crucial. The sample is first cut using a micro-cutting machine and then embedded in epoxy resin. It is subsequently polished with silicon carbide (SiC) abrasive papers of progressively finer grit sizes. Final polishing with diamond powder ensures minimal roughness. The resulting roughness is precisely measured using the Atomic Force Microscope (AFM) installed on the same frame as the indentation system.<\/p>\n<p>\n<\/div><div class=\"kc-elm kc-css-725342 kc_shortcode kc_single_image\">\n\n        <img decoding=\"async\" src=\"https:\/\/navier-lab.fr\/wp-content\/uploads\/2024\/12\/prepnano3-1300x250xc.png\" class=\"\" alt=\"\" \/>    <\/div>\n<\/div><\/div><\/div><\/div><\/section><section class=\"kc-elm kc-css-16436 kc_row\"><div class=\"kc-row-container  kc-container\"><div class=\"kc-wrap-columns\"><div class=\"kc-elm kc-css-775237 kc_col-sm-6 kc_column kc_col-sm-6\"><div class=\"kc-col-container\">\n<div class=\"kc-elm kc-css-567758 kc-title-wrap \">\n\n\t<h2 class=\"kc_title\">The nano-indenter device<\/h2>\n<\/div>\n<div class=\"kc-elm kc-css-896503 kc_text_block\"><\/p>\n<p>The Navier laboratory&#8217;s nano-indenter is an NHT\u00b2 model (Anton Paar) with a maximum force of 500 mN, a maximum depth of 200 \u00b5m, and a maximum loading rate of 10 N\/min. It is installed in a climate-controlled chamber (temperature: 10 to 40 \u00b0C, relative humidity: 20 to 95%) and mounted on a vibration-isolated slab with an air compression system.<\/p>\n<p>The sample can be positioned with micrometric stages (X, Y, Z), allowing movement between the optical microscopy, AFM, and nano-indentation modules. A tilting stage ensures parallel alignment between the sample and the modules. Automated indentation grids can be configured to perform tens or even hundreds of indentations in sequence.<\/p>\n<p>The system allows control in either force or displacement mode and supports dynamic indentations (sinus mode). This mode enables the characterization of Young\u2019s modulus and hardness as a function of indentation depth, as well as viscoelastic properties such as storage modulus (E&#8217;) and loss modulus (E\").<\/p>\n<p>\n<\/div><\/div><\/div><div class=\"kc-elm kc-css-689417 kc_col-sm-6 kc_column kc_col-sm-6\"><div class=\"kc-col-container\"><div class=\"kc-elm kc-css-521218\" style=\"height: 91px; clear: both; width:100%;\"><\/div><div class=\"kc-elm kc-css-931142 kc_shortcode kc_single_image\">\n\n        <img decoding=\"async\" src=\"https:\/\/navier-lab.fr\/wp-content\/uploads\/2024\/12\/materiel-400x320xc.png\" class=\"\" alt=\"\" \/>    <\/div>\n<\/div><\/div><\/div><\/div><\/section><section class=\"kc-elm kc-css-189592 kc_row\"><div class=\"kc-row-container  kc-container\"><div class=\"kc-wrap-columns\"><div class=\"kc-elm kc-css-221271 kc_col-sm-6 kc_column kc_col-sm-6\"><div class=\"kc-col-container\">\n<div class=\"kc-elm kc-css-223746 kc-title-wrap \">\n\n\t<h2 class=\"kc_title\">Studies conducted at the laboratory<\/h2>\n<\/div>\n<div class=\"kc-elm kc-css-69650 kc_text_block\"><\/p>\n<p>\u2013 <strong>Modeling of mechanical characterization by indentation<\/strong>: analysis of hardness influenced by geometric changes during indentation using a limit analysis approach [3].<\/p>\n<p>\n<\/div><div class=\"kc-elm kc-css-713276 kc_text_block\"><\/p>\n<p><span data-mce-type=\"bookmark\" style=\"width: 0px;overflow: hidden;line-height: 0\" class=\"mce_SELRES_start\">\ufeff<\/span><span style=\"font-style: inherit;\">\u2013 <\/span><strong style=\"font-style: inherit;\">Recycled aggregate concrete<\/strong><span style=\"font-style: inherit;\">: statistical analysis of local elastic properties of aggregates and cement paste (including ITZ) [4].<\/span><\/p>\n<p>\n<\/div><div class=\"kc-elm kc-css-335818 kc_text_block\"><\/p>\n<p><span style=\"font-style: inherit;\">\u2013 <\/span><strong style=\"font-style: inherit;\">Rock studies and homogenization<\/strong><span style=\"font-style: inherit;\">: coupling of indentation and SEM-EDS analysis for source rocks [5] and carbonates [6].<\/span><\/p>\n<p>\n<\/div><div class=\"kc-elm kc-css-280713 kc_text_block\"><\/p>\n<p><span style=\"font-style: inherit;\">\u2013 <\/span><strong style=\"font-style: inherit;\">Early-age cement<\/strong><span style=\"font-style: inherit;\">: dynamic indentation to study cement setting (ongoing).<\/span><\/p>\n<p>\n<\/div><\/div><\/div><div class=\"kc-elm kc-css-552151 kc_col-sm-6 kc_column kc_col-sm-6\"><div class=\"kc-col-container\"><div class=\"kc-elm kc-css-360180\">\n\t<div class=\"kc-carousel_images kc-elm kc-css-360180\">\n\t\n\t\t<div class=\"kc-carousel-images owl-carousel-images kc-sync1 \" data-owl-i-options='{\"items\":\"1\",\"tablet\":\"1\",\"mobile\":\"1\",\"speed\":\"500\",\"navigation\":\"\",\"pagination\":\"yes\",\"autoheight\":\"yes\",\"progressbar\":\"\",\"delay\":\"3\",\"autoplay\":\"yes\",\"showthumb\":\"\",\"num_thumb\":\"5\"}'>\n\t\n\t\t\t\t\t<div class=\"item\">\n\t\n\t\t\t\t\t\t\t<img decoding=\"async\" src=\"https:\/\/navier-lab.fr\/wp-content\/uploads\/2024\/12\/site1-1.png\"  alt=\"\"\/>\n\t\n\t\t\t\t\n\t\t\t<\/div>\n\t\n\t\t\t\t\t<div class=\"item\">\n\t\n\t\t\t\t\t\t\t<img decoding=\"async\" src=\"https:\/\/navier-lab.fr\/wp-content\/uploads\/2024\/12\/site3.png\"  alt=\"\"\/>\n\t\n\t\t\t\t\n\t\t\t<\/div>\n\t\n\t\t\t\t\t<div class=\"item\">\n\t\n\t\t\t\t\t\t\t<img decoding=\"async\" src=\"https:\/\/navier-lab.fr\/wp-content\/uploads\/2024\/12\/site5-1.png\"  alt=\"\"\/>\n\t\n\t\t\t\t\n\t\t\t<\/div>\n\t\n\t\t\t\t\t<div class=\"item\">\n\t\n\t\t\t\t\t\t\t<img decoding=\"async\" src=\"https:\/\/navier-lab.fr\/wp-content\/uploads\/2024\/12\/site2.png\"  alt=\"\"\/>\n\t\n\t\t\t\t\n\t\t\t<\/div>\n\t\n\t\t\t\t\t<div class=\"item\">\n\t\n\t\t\t\t\t\t\t<img decoding=\"async\" src=\"https:\/\/navier-lab.fr\/wp-content\/uploads\/2024\/12\/site4.png\"  alt=\"\"\/>\n\t\n\t\t\t\t\n\t\t\t<\/div>\n\t\n\t\t\t\n\t\t<\/div>\n\t\n\t\t\t<\/div>\n<\/div>\n<\/div><\/div><\/div><\/div><\/section><section class=\"kc-elm kc-css-256592 kc_row\"><div class=\"kc-row-container  kc-container\"><div class=\"kc-wrap-columns\"><div class=\"kc-elm kc-css-96201 kc_col-sm-12 kc_column kc_col-sm-12\"><div class=\"kc-col-container\"><div class=\"kc-elm kc-css-676947 kc_row kc_row_inner\"><div class=\"kc-elm kc-css-1336 kc_col-sm-12 kc_column_inner kc_col-sm-12\"><div class=\"kc_wrapper kc-col-inner-container\">\n<div class=\"kc-elm kc-css-575271 kc-title-wrap \">\n\n\t<h2 class=\"kc_title\">R\u00e9f\u00e9rences<\/h2>\n<\/div>\n<div class=\"kc-elm kc-css-243841 kc_text_block\"><\/p>\n<div><span style=\"font-family: Calibri;font-size: 16px\">[1] W.C Oliver and G.M. Pharr, J. Mater. Res.7, 1564, 1992.<\/span><br style=\"font-family: Calibri;font-size: 16px\"><span style=\"font-family: Calibri;font-size: 16px\">[2] ISO 14577-4:2016 Mat\u00e9riaux m\u00e9talliques &#8211; Essai de p\u00e9n\u00e9tration instrument\u00e9 pour la d\u00e9termination de la duret\u00e9 et de param\u00e8tres des mat\u00e9riaux &#8211; 2016.<\/span><br style=\"font-family: Calibri;font-size: 16px\"><span style=\"font-family: Calibri;font-size: 16px\">[3] Dac Loi Nguyen, &#8220;Simulation num\u00e9rique d\u2019un essai de nano-indentation sur un mat\u00e9riau de crit\u00e8re de r\u00e9sistance elliptique axisym\u00e9trique\", Th\u00e8se de doctorat,&nbsp; 2015.<\/span><br style=\"font-family: Calibri;font-size: 16px\"><span style=\"font-family: Calibri;font-size: 16px\">[4] A. Adessina, &#8220;Caract\u00e9risation exp\u00e9rimentale et mod\u00e9lisation multi-\u00e9chelle des propri\u00e9t\u00e9s m\u00e9caniques et de durabilit\u00e9 des b\u00e9tons \u00e0 base de granulats recycl\u00e9s, th\u00e8se de doctorat, 2018.<\/span><br style=\"font-family: Calibri;font-size: 16px\"><span style=\"font-family: Calibri;font-size: 16px\">[5] H. Tazi, &#8220;Propri\u00e9t\u00e9s \u00e9lastiques et anisotropie des roches m\u00e8res : approche exp\u00e9rimentale multi-\u00e9chelle et mod\u00e9lisation par milieu effectif\", Th\u00e8se de doctorat, 2019.<\/span><br style=\"font-family: Calibri;font-size: 16px\"><span style=\"font-family: Calibri;font-size: 16px\">[6] Y. Abdallah et al., \u201cLinking elastic properties of various carbonate rocks to their microstructure by coupling nanoindentation and SEM-EDS\u201d, International Journal of Rock Mechanics and Mining Sciences, 170, 105456, 2023.&nbsp;<\/span><\/div>\n<p>\n<\/div>\n<div class=\"kc-elm kc-css-796065 kc-title-wrap \">\n\n\t<h2 class=\"kc_title\">Contacts<\/h2>\n<\/div>\n<div class=\"kc-elm kc-css-557624 kc_text_block\"><\/p>\n<section class=\"kc-elm kc-css-3713911 kc_row\">\n<div class=\"kc-row-container kc-container\">\n<div class=\"kc-wrap-columns\">\n<div class=\"kc-elm kc-css-4079981 kc_column kc_col-sm-12\">\n<div class=\"kc-col-container\">\n<div class=\"kc-elm kc-css-2402135 kc_text_block\">\n<p><a href=\"https:\/\/navier-lab.fr\/equipe\/archez-julien\/\">Julien Archez<\/a><span style=\"font-style: inherit;\">,&nbsp;<\/span><a href=\"https:\/\/navier-lab.fr\/equipe\/garnier-denis\/\" style=\"font-style: inherit; color: rgb(30, 99, 131);\">Denis Garnier<\/a>,&nbsp;<a href=\"https:\/\/navier-lab.fr\/equipe\/chateau-camille\/\" style=\"font-style: inherit;\">Camille Chateau<\/a><span style=\"font-style: inherit;\">&nbsp;<\/span><\/p>\n<\/p>\n<\/div>\n<\/div>\n<\/div>\n<\/div>\n<\/div>\n<\/section>\n<p>\n<\/div><\/div><\/div><\/div><\/div><\/div><\/div><\/div><\/section><\/p>\n","protected":false},"excerpt":{"rendered":"","protected":false},"author":158,"featured_media":0,"parent":12210,"menu_order":0,"comment_status":"closed","ping_status":"closed","template":"","meta":{"_acf_changed":false,"footnotes":""},"class_list":["post-18859","page","type-page","status-publish","hentry"],"acf":[],"_links":{"self":[{"href":"https:\/\/navier-lab.fr\/en\/wp-json\/wp\/v2\/pages\/18859","targetHints":{"allow":["GET"]}}],"collection":[{"href":"https:\/\/navier-lab.fr\/en\/wp-json\/wp\/v2\/pages"}],"about":[{"href":"https:\/\/navier-lab.fr\/en\/wp-json\/wp\/v2\/types\/page"}],"author":[{"embeddable":true,"href":"https:\/\/navier-lab.fr\/en\/wp-json\/wp\/v2\/users\/158"}],"replies":[{"embeddable":true,"href":"https:\/\/navier-lab.fr\/en\/wp-json\/wp\/v2\/comments?post=18859"}],"version-history":[{"count":4,"href":"https:\/\/navier-lab.fr\/en\/wp-json\/wp\/v2\/pages\/18859\/revisions"}],"predecessor-version":[{"id":19287,"href":"https:\/\/navier-lab.fr\/en\/wp-json\/wp\/v2\/pages\/18859\/revisions\/19287"}],"up":[{"embeddable":true,"href":"https:\/\/navier-lab.fr\/en\/wp-json\/wp\/v2\/pages\/12210"}],"wp:attachment":[{"href":"https:\/\/navier-lab.fr\/en\/wp-json\/wp\/v2\/media?parent=18859"}],"curies":[{"name":"wp","href":"https:\/\/api.w.org\/{rel}","templated":true}]}}